{"id":1511,"date":"2023-04-10T18:37:34","date_gmt":"2023-04-10T21:37:34","guid":{"rendered":"http:\/\/ciaravino.com.ar\/arena\/?page_id=1511"},"modified":"2025-01-08T12:34:55","modified_gmt":"2025-01-08T15:34:55","slug":"construccion-de-viviendas-y-locales-comerciales","status":"publish","type":"page","link":"http:\/\/ciaravino.com.ar\/arena\/construccion-de-viviendas-y-locales-comerciales\/","title":{"rendered":"Construcci\u00f3n de viviendas y locales comerciales"},"content":{"rendered":"<p>[vc_row css=\u00bb.vc_custom_1681230504854{margin-top: 0px !important;margin-bottom: 40px !important;padding-bottom: 0px !important;}\u00bb el_class=\u00bbservicios\u00bb][vc_column width=\u00bb1\/2&#8243;][vc_column_text css=\u00bb.vc_custom_1681164713500{margin-bottom: 35px !important;}\u00bb]<\/p>\n<blockquote>\n<h2>Si est\u00e1s buscando un equipo de profesionales para construir tu casa, sabemos que podemos ayudarte.<\/h2>\n<\/blockquote>\n<p>[\/vc_column_text][\/vc_column][vc_column width=\u00bb1\/2&#8243;][vc_empty_space height=\u00bb20px\u00bb][vc_column_text]En <b>Arena Constructores<\/b> nos especializamos en la construcci\u00f3n de viviendas con Steel Frame, un sistema de construcci\u00f3n en seco innovador, econ\u00f3mico y seguro que cuenta con el aval del Estado argentino.<\/p>\n<p>Contamos con un equipo de profesionales para acompa\u00f1arte en cada etapa.<\/p>\n<p>Pod\u00e9s informarte sobre este sistema haciendo <a href=\"http:\/\/ciaravino.com.ar\/arena\/steel_frame\/\">clic ac\u00e1<\/a>.[\/vc_column_text][\/vc_column][\/vc_row][vc_row css_animation=\u00bbfadeInLeft\u00bb fullwidth=\u00bbyes\u00bb css=\u00bb.vc_custom_1701190785680{padding-top: 0px !important;padding-bottom: 0px !important;background-color: #f3c081 !important;}\u00bb][vc_column css=\u00bb.vc_custom_1681164137710{margin-top: 0px !important;margin-bottom: 0px !important;padding-top: 0px !important;padding-bottom: 0px !important;}\u00bb][vc_single_image image=\u00bb1647&#8243; img_size=\u00bbfull\u00bb alignment=\u00bbcenter\u00bb css_animation=\u00bbfadeInLeft\u00bb css=\u00bb.vc_custom_1701456700284{margin-top: 0px !important;margin-bottom: 0px !important;padding-top: 0px !important;padding-bottom: 0px !important;}\u00bb][\/vc_column][\/vc_row][vc_row css=\u00bb.vc_custom_1681227842312{margin-top: 0px !important;}\u00bb el_class=\u00bbservicios\u00bb][vc_column width=\u00bb1\/2&#8243;][vc_column_text]\u00bfEst\u00e1s pensando en construir tu casa? Si es as\u00ed, \u00bfnecesit\u00e1s de una empresa que se encargue del proceso completo? O bien, \u00bfvas a construir en un country o barrio privado? El mejor equipo es el que te ofrece <strong>gesti\u00f3n y resultados<\/strong>, y por eso sabemos que podemos ayudarte.<\/p>\n<p>&nbsp;<\/p>\n<h2>&#x1f477;\u00bfQui\u00e9nes somos?<\/h2>\n<p>Como profesionales, integramos una empresa especializada en la construcci\u00f3n en seco. Trabajamos con el <a href=\"https:\/\/ciaravino.com.ar\/arena\/steel_frame\/\">sistema Steel Frame<\/a> construyendo viviendas y locales comerciales. Nos interesa que nuestro trabajo se adapte perfectamente a lo que necesitas y que sea funcional para vos. \u00a1Cont\u00e1 con nosotros!<\/p>\n<p>&nbsp;<\/p>\n<h2>&#x1f4cd;\u00bfD\u00f3nde trabajamos?<\/h2>\n<p>Nuestros proyectos de construcci\u00f3n de viviendas con Steel Frame se encuentran en <strong>toda Capital Federal y Gran Buenos Aires (GBA)<\/strong>.<\/p>\n<p>&nbsp;<\/p>\n<h2>&#x26a1; Ventajas del Steel Frame<\/h2>\n<p><span style=\"font-weight: 400;\">Con nuestro sistema, <\/span><b>los tiempos de construcci\u00f3n se reducen<\/b><span style=\"font-weight: 400;\">. Adem\u00e1s, la <\/span><b>planificaci\u00f3n de las etapas<\/b><span style=\"font-weight: 400;\"> se organiza en base a tus necesidades, respetando un presupuesto <\/span><b>convenido con vos<\/b><span style=\"font-weight: 400;\">, para entregarte un <\/span><b>plan de obra eficiente<\/b><span style=\"font-weight: 400;\"> y los espacios que mejoren tu <\/span><b>calidad de vida<\/b><span style=\"font-weight: 400;\">.<\/span><\/p>\n<p>&nbsp;<\/p>\n<p><span style=\"font-weight: 400;\">Por todo esto, disfrut\u00e1 vos tambi\u00e9n de los <\/span><b>beneficios del Steel Frame<\/b><span style=\"font-weight: 400;\"> con <\/span><b>dise\u00f1os personalizados a tu gusto<\/b><span style=\"font-weight: 400;\">.\u00a0<\/span><\/p>\n<p><span style=\"font-weight: 400;\">Elaboramos <\/span><b>presupuestos flexibles y sin cargo<\/b><span style=\"font-weight: 400;\"> para que el Proyecto se realice de la forma en la que m\u00e1s te convenga.\u00a0<\/span><\/p>\n<p><span style=\"font-weight: 400;\">A continuaci\u00f3n, te contamos los servicios que ofrecemos:<\/span>[\/vc_column_text]\n\t\t<div class=\"feature-box-small-icon \">\n        <span class=\"icon\">\n        \t<i class=\"fa fa-check-circle id-color\"><\/i>\n        <\/span>\n        <div class=\"text\">\n            <h3>Dise\u00f1o de proyecto<\/h3>\n                    <\/div>\n    <\/div>\n    \n\n\t\t<div class=\"feature-box-small-icon \">\n        <span class=\"icon\">\n        \t<i class=\"fa fa-check-circle id-color\"><\/i>\n        <\/span>\n        <div class=\"text\">\n            <h3>Presentaci\u00f3n de planos<\/h3>\n                    <\/div>\n    <\/div>\n    \n\n\t\t<div class=\"feature-box-small-icon \">\n        <span class=\"icon\">\n        \t<i class=\"fa fa-check-circle id-color\"><\/i>\n        <\/span>\n        <div class=\"text\">\n            <h3>Estudio estructural del proyecto<\/h3>\n                    <\/div>\n    <\/div>\n    \n\n\t\t<div class=\"feature-box-small-icon \">\n        <span class=\"icon\">\n        \t<i class=\"fa fa-check-circle id-color\"><\/i>\n        <\/span>\n        <div class=\"text\">\n            <h3>Construcci\u00f3n de obra por etapas<\/h3>\n                    <\/div>\n    <\/div>\n    \n\n\t\t<div class=\"feature-box-small-icon \">\n        <span class=\"icon\">\n        \t<i class=\"fa fa-check-circle id-color\"><\/i>\n        <\/span>\n        <div class=\"text\">\n            <h3>Construcci\u00f3n de obra gris<\/h3>\n                    <\/div>\n    <\/div>\n    \n\n\t\t<div class=\"feature-box-small-icon \">\n        <span class=\"icon\">\n        \t<i class=\"fa fa-check-circle id-color\"><\/i>\n        <\/span>\n        <div class=\"text\">\n            <h3>Construcci\u00f3n de obra llave en mano<\/h3>\n                    <\/div>\n    <\/div>\n    \n\n\t\t<div class=\"feature-box-small-icon \">\n        <span class=\"icon\">\n        \t<i class=\"fa fa-check-circle id-color\"><\/i>\n        <\/span>\n        <div class=\"text\">\n            <h3>Panelizado de obras en nuestros talleres<\/h3>\n                    <\/div>\n    <\/div>\n    \n\n\t\t<div class=\"feature-box-small-icon \">\n        <span class=\"icon\">\n        \t<i class=\"fa fa-check-circle id-color\"><\/i>\n        <\/span>\n        <div class=\"text\">\n            <h3>Compra y obtenci\u00f3n de materiales en mejores precios<\/h3>\n                    <\/div>\n    <\/div>\n    \n\n\t\t<div class=\"feature-box-small-icon \">\n        <span class=\"icon\">\n        \t<i class=\"fa fa-check-circle id-color\"><\/i>\n        <\/span>\n        <div class=\"text\">\n            <h3>Construcci\u00f3n integral del proyecto desde la estructura, las instalaciones, revestimientos y todo lo que necesites<\/h3>\n                    <\/div>\n    <\/div>\n    \n[vc_column_text]<\/p>\n<h4><\/h4>\n<h4>Acordate de que pod\u00e9s visitar <a href=\"https:\/\/www.instagram.com\/arenaconstructores\/\">nuestras redes<\/a> y conocer m\u00e1s de <a href=\"https:\/\/www.facebook.com\/arenaconstructores\/\">nuestros Proyectos<\/a>.<\/h4>\n<p>Si est\u00e1s pensando en construir, estamos listos para escucharte.<\/p>\n<h4>Contanos tu proyecto. \u00a1Lleg\u00f3 la hora de vivir <b>donde quer\u00e9s!<\/b><\/h4>\n<p style=\"margin-bottom: 0;\">Cristian y Alejandro Melgarejo<\/p>\n<h6 style=\"margin-top: 0;\"><i>L\u00edderes de Arena Constructores<\/i><\/h6>\n<p>[\/vc_column_text][vc_empty_space height=\u00bb20px\u00bb el_class=\u00bbno-desktop\u00bb][\/vc_column][vc_column width=\u00bb1\/2&#8243;][vc_single_image image=\u00bb2061&#8243; img_size=\u00bbfull\u00bb][\/vc_column][\/vc_row][vc_row css=\u00bb.vc_custom_1681242244754{padding-top: 20px !important;}\u00bb][vc_column]\n    <a class=\"btn btn-fx btn-line-black \" href=\"http:\/\/ciaravino.com.ar\/arena\/contacto\/\" target=\"_self\">PED\u00cd TU PRESUPUESTO<\/a>  \t\n[\/vc_column][\/vc_row]<\/p>\n","protected":false},"excerpt":{"rendered":"<p>[vc_row css=\u00bb.vc_custom_1681230504854{margin-top: 0px !important;margin-bottom: 40px !important;padding-bottom: 0px !important;}\u00bb el_class=\u00bbservicios\u00bb][vc_column width=\u00bb1\/2&#8243;][vc_column_text css=\u00bb.vc_custom_1681164713500{margin-bottom: 35px !important;}\u00bb] Si est\u00e1s buscando un equipo de profesionales para construir tu casa, sabemos que podemos ayudarte. [\/vc_column_text][\/vc_column][vc_column width=\u00bb1\/2&#8243;][vc_empty_space height=\u00bb20px\u00bb][vc_column_text]En Arena Constructores nos especializamos en la construcci\u00f3n de viviendas con Steel Frame, un sistema de construcci\u00f3n en seco innovador, econ\u00f3mico y seguro que cuenta [&hellip;]<\/p>\n","protected":false},"author":2,"featured_media":0,"parent":0,"menu_order":0,"comment_status":"closed","ping_status":"closed","template":"page-templates\/template-fullwidth.php","meta":{"_joinchat":[],"footnotes":""},"class_list":["post-1511","page","type-page","status-publish","hentry"],"yoast_head":"<!-- This site is optimized with the Yoast SEO plugin v27.3 - https:\/\/yoast.com\/product\/yoast-seo-wordpress\/ -->\n<title>Construcci\u00f3n de viviendas con Steel Frame<\/title>\n<meta name=\"description\" content=\"Aprovech\u00e1 los beneficios de la construcci\u00f3n de viviendas con Steel Frame. R\u00e1pido, seguro y eficiente. \u00a1Tu equipo est\u00e1 listo!\" \/>\n<meta name=\"robots\" content=\"index, follow, max-snippet:-1, max-image-preview:large, max-video-preview:-1\" \/>\n<link rel=\"canonical\" href=\"http:\/\/ciaravino.com.ar\/arena\/construccion-de-viviendas-y-locales-comerciales\/\" \/>\n<meta property=\"og:locale\" content=\"es_ES\" \/>\n<meta property=\"og:type\" content=\"article\" \/>\n<meta property=\"og:title\" content=\"Construcci\u00f3n de viviendas con Steel Frame\" \/>\n<meta property=\"og:description\" content=\"Aprovech\u00e1 los beneficios de la construcci\u00f3n de viviendas con Steel Frame. R\u00e1pido, seguro y eficiente. \u00a1Tu equipo est\u00e1 listo!\" \/>\n<meta property=\"og:url\" content=\"http:\/\/ciaravino.com.ar\/arena\/construccion-de-viviendas-y-locales-comerciales\/\" \/>\n<meta property=\"og:site_name\" content=\"Arena Constructores\" \/>\n<meta property=\"article:publisher\" content=\"https:\/\/www.facebook.com\/arenaconstructores\/\" \/>\n<meta property=\"article:modified_time\" content=\"2025-01-08T15:34:55+00:00\" \/>\n<meta name=\"twitter:card\" content=\"summary_large_image\" \/>\n<meta name=\"twitter:label1\" content=\"Tiempo de lectura\" \/>\n\t<meta name=\"twitter:data1\" content=\"3 minutos\" \/>\n<script type=\"application\/ld+json\" class=\"yoast-schema-graph\">{\"@context\":\"https:\\\/\\\/schema.org\",\"@graph\":[{\"@type\":\"WebPage\",\"@id\":\"http:\\\/\\\/ciaravino.com.ar\\\/arena\\\/construccion-de-viviendas-y-locales-comerciales\\\/\",\"url\":\"http:\\\/\\\/ciaravino.com.ar\\\/arena\\\/construccion-de-viviendas-y-locales-comerciales\\\/\",\"name\":\"Construcci\u00f3n de viviendas con Steel Frame\",\"isPartOf\":{\"@id\":\"http:\\\/\\\/ciaravino.com.ar\\\/arena\\\/#website\"},\"datePublished\":\"2023-04-10T21:37:34+00:00\",\"dateModified\":\"2025-01-08T15:34:55+00:00\",\"description\":\"Aprovech\u00e1 los beneficios de la construcci\u00f3n de viviendas con Steel Frame. R\u00e1pido, seguro y eficiente. \u00a1Tu equipo est\u00e1 listo!\",\"breadcrumb\":{\"@id\":\"http:\\\/\\\/ciaravino.com.ar\\\/arena\\\/construccion-de-viviendas-y-locales-comerciales\\\/#breadcrumb\"},\"inLanguage\":\"es\",\"potentialAction\":[{\"@type\":\"ReadAction\",\"target\":[\"http:\\\/\\\/ciaravino.com.ar\\\/arena\\\/construccion-de-viviendas-y-locales-comerciales\\\/\"]}]},{\"@type\":\"BreadcrumbList\",\"@id\":\"http:\\\/\\\/ciaravino.com.ar\\\/arena\\\/construccion-de-viviendas-y-locales-comerciales\\\/#breadcrumb\",\"itemListElement\":[{\"@type\":\"ListItem\",\"position\":1,\"name\":\"Portada\",\"item\":\"http:\\\/\\\/ciaravino.com.ar\\\/arena\\\/\"},{\"@type\":\"ListItem\",\"position\":2,\"name\":\"Construcci\u00f3n de viviendas y locales comerciales\"}]},{\"@type\":\"WebSite\",\"@id\":\"http:\\\/\\\/ciaravino.com.ar\\\/arena\\\/#website\",\"url\":\"http:\\\/\\\/ciaravino.com.ar\\\/arena\\\/\",\"name\":\"Arena Constructores\",\"description\":\"Construcci\u00f3n, ampliaci\u00f3n y remodelaci\u00f3n de viviendas\",\"publisher\":{\"@id\":\"http:\\\/\\\/ciaravino.com.ar\\\/arena\\\/#organization\"},\"potentialAction\":[{\"@type\":\"SearchAction\",\"target\":{\"@type\":\"EntryPoint\",\"urlTemplate\":\"http:\\\/\\\/ciaravino.com.ar\\\/arena\\\/?s={search_term_string}\"},\"query-input\":{\"@type\":\"PropertyValueSpecification\",\"valueRequired\":true,\"valueName\":\"search_term_string\"}}],\"inLanguage\":\"es\"},{\"@type\":\"Organization\",\"@id\":\"http:\\\/\\\/ciaravino.com.ar\\\/arena\\\/#organization\",\"name\":\"Arena Constructores\",\"url\":\"http:\\\/\\\/ciaravino.com.ar\\\/arena\\\/\",\"logo\":{\"@type\":\"ImageObject\",\"inLanguage\":\"es\",\"@id\":\"http:\\\/\\\/ciaravino.com.ar\\\/arena\\\/#\\\/schema\\\/logo\\\/image\\\/\",\"url\":\"https:\\\/\\\/ciaravino.com.ar\\\/arena\\\/wp-content\\\/uploads\\\/2024\\\/01\\\/Logo-Constructores-e1706057458878.png\",\"contentUrl\":\"https:\\\/\\\/ciaravino.com.ar\\\/arena\\\/wp-content\\\/uploads\\\/2024\\\/01\\\/Logo-Constructores-e1706057458878.png\",\"width\":1599,\"height\":612,\"caption\":\"Arena Constructores\"},\"image\":{\"@id\":\"http:\\\/\\\/ciaravino.com.ar\\\/arena\\\/#\\\/schema\\\/logo\\\/image\\\/\"},\"sameAs\":[\"https:\\\/\\\/www.facebook.com\\\/arenaconstructores\\\/\",\"https:\\\/\\\/www.instagram.com\\\/arenaconstructores\"]}]}<\/script>\n<!-- \/ Yoast SEO plugin. -->","yoast_head_json":{"title":"Construcci\u00f3n de viviendas con Steel Frame","description":"Aprovech\u00e1 los beneficios de la construcci\u00f3n de viviendas con Steel Frame. R\u00e1pido, seguro y eficiente. \u00a1Tu equipo est\u00e1 listo!","robots":{"index":"index","follow":"follow","max-snippet":"max-snippet:-1","max-image-preview":"max-image-preview:large","max-video-preview":"max-video-preview:-1"},"canonical":"http:\/\/ciaravino.com.ar\/arena\/construccion-de-viviendas-y-locales-comerciales\/","og_locale":"es_ES","og_type":"article","og_title":"Construcci\u00f3n de viviendas con Steel Frame","og_description":"Aprovech\u00e1 los beneficios de la construcci\u00f3n de viviendas con Steel Frame. R\u00e1pido, seguro y eficiente. \u00a1Tu equipo est\u00e1 listo!","og_url":"http:\/\/ciaravino.com.ar\/arena\/construccion-de-viviendas-y-locales-comerciales\/","og_site_name":"Arena Constructores","article_publisher":"https:\/\/www.facebook.com\/arenaconstructores\/","article_modified_time":"2025-01-08T15:34:55+00:00","twitter_card":"summary_large_image","twitter_misc":{"Tiempo de lectura":"3 minutos"},"schema":{"@context":"https:\/\/schema.org","@graph":[{"@type":"WebPage","@id":"http:\/\/ciaravino.com.ar\/arena\/construccion-de-viviendas-y-locales-comerciales\/","url":"http:\/\/ciaravino.com.ar\/arena\/construccion-de-viviendas-y-locales-comerciales\/","name":"Construcci\u00f3n de viviendas con Steel Frame","isPartOf":{"@id":"http:\/\/ciaravino.com.ar\/arena\/#website"},"datePublished":"2023-04-10T21:37:34+00:00","dateModified":"2025-01-08T15:34:55+00:00","description":"Aprovech\u00e1 los beneficios de la construcci\u00f3n de viviendas con Steel Frame. R\u00e1pido, seguro y eficiente. \u00a1Tu equipo est\u00e1 listo!","breadcrumb":{"@id":"http:\/\/ciaravino.com.ar\/arena\/construccion-de-viviendas-y-locales-comerciales\/#breadcrumb"},"inLanguage":"es","potentialAction":[{"@type":"ReadAction","target":["http:\/\/ciaravino.com.ar\/arena\/construccion-de-viviendas-y-locales-comerciales\/"]}]},{"@type":"BreadcrumbList","@id":"http:\/\/ciaravino.com.ar\/arena\/construccion-de-viviendas-y-locales-comerciales\/#breadcrumb","itemListElement":[{"@type":"ListItem","position":1,"name":"Portada","item":"http:\/\/ciaravino.com.ar\/arena\/"},{"@type":"ListItem","position":2,"name":"Construcci\u00f3n de viviendas y locales comerciales"}]},{"@type":"WebSite","@id":"http:\/\/ciaravino.com.ar\/arena\/#website","url":"http:\/\/ciaravino.com.ar\/arena\/","name":"Arena Constructores","description":"Construcci\u00f3n, ampliaci\u00f3n y remodelaci\u00f3n de viviendas","publisher":{"@id":"http:\/\/ciaravino.com.ar\/arena\/#organization"},"potentialAction":[{"@type":"SearchAction","target":{"@type":"EntryPoint","urlTemplate":"http:\/\/ciaravino.com.ar\/arena\/?s={search_term_string}"},"query-input":{"@type":"PropertyValueSpecification","valueRequired":true,"valueName":"search_term_string"}}],"inLanguage":"es"},{"@type":"Organization","@id":"http:\/\/ciaravino.com.ar\/arena\/#organization","name":"Arena Constructores","url":"http:\/\/ciaravino.com.ar\/arena\/","logo":{"@type":"ImageObject","inLanguage":"es","@id":"http:\/\/ciaravino.com.ar\/arena\/#\/schema\/logo\/image\/","url":"https:\/\/ciaravino.com.ar\/arena\/wp-content\/uploads\/2024\/01\/Logo-Constructores-e1706057458878.png","contentUrl":"https:\/\/ciaravino.com.ar\/arena\/wp-content\/uploads\/2024\/01\/Logo-Constructores-e1706057458878.png","width":1599,"height":612,"caption":"Arena Constructores"},"image":{"@id":"http:\/\/ciaravino.com.ar\/arena\/#\/schema\/logo\/image\/"},"sameAs":["https:\/\/www.facebook.com\/arenaconstructores\/","https:\/\/www.instagram.com\/arenaconstructores"]}]}},"_links":{"self":[{"href":"http:\/\/ciaravino.com.ar\/arena\/wp-json\/wp\/v2\/pages\/1511","targetHints":{"allow":["GET"]}}],"collection":[{"href":"http:\/\/ciaravino.com.ar\/arena\/wp-json\/wp\/v2\/pages"}],"about":[{"href":"http:\/\/ciaravino.com.ar\/arena\/wp-json\/wp\/v2\/types\/page"}],"author":[{"embeddable":true,"href":"http:\/\/ciaravino.com.ar\/arena\/wp-json\/wp\/v2\/users\/2"}],"replies":[{"embeddable":true,"href":"http:\/\/ciaravino.com.ar\/arena\/wp-json\/wp\/v2\/comments?post=1511"}],"version-history":[{"count":88,"href":"http:\/\/ciaravino.com.ar\/arena\/wp-json\/wp\/v2\/pages\/1511\/revisions"}],"predecessor-version":[{"id":2063,"href":"http:\/\/ciaravino.com.ar\/arena\/wp-json\/wp\/v2\/pages\/1511\/revisions\/2063"}],"wp:attachment":[{"href":"http:\/\/ciaravino.com.ar\/arena\/wp-json\/wp\/v2\/media?parent=1511"}],"curies":[{"name":"wp","href":"https:\/\/api.w.org\/{rel}","templated":true}]}}