{"id":1585,"date":"2023-04-11T17:01:16","date_gmt":"2023-04-11T20:01:16","guid":{"rendered":"http:\/\/ciaravino.com.ar\/arena\/?page_id=1585"},"modified":"2025-01-08T12:37:53","modified_gmt":"2025-01-08T15:37:53","slug":"ampliaciones-de-viviendas-y-locales-comerciales","status":"publish","type":"page","link":"http:\/\/ciaravino.com.ar\/arena\/ampliaciones-de-viviendas-y-locales-comerciales\/","title":{"rendered":"Ampliaciones de viviendas y locales comerciales"},"content":{"rendered":"<p>[vc_row css=\u00bb.vc_custom_1681230504854{margin-top: 0px !important;margin-bottom: 40px !important;padding-bottom: 0px !important;}\u00bb el_class=\u00bbservicios\u00bb][vc_column width=\u00bb1\/2&#8243;][vc_column_text css=\u00bb.vc_custom_1736286963243{margin-bottom: 35px !important;}\u00bb]<\/p>\n<blockquote>\n<h2>Necesit\u00e1s aprovechar m\u00e1s tu casa, agregar espacios, dividirlos, remodelarlos. Queremos ser tu equipo.<\/h2>\n<h2>Sabemos que podemos ayudarte.<\/h2>\n<\/blockquote>\n<p>[\/vc_column_text][\/vc_column][vc_column width=\u00bb1\/2&#8243;][vc_empty_space height=\u00bb20px\u00bb][vc_column_text]En <b>Arena Constructores<\/b> nos especializamos en el sistema <i>Steel Frame<\/i>, o construcci\u00f3n en seco, un m\u00e9todo constructivo innovador, econ\u00f3mico y seguro que cuenta con el aval del Estado argentino.<\/p>\n<p>Tus ampliaciones de viviendas y locales comerciales son con nosotros.<\/p>\n<p>Pod\u00e9s informarte sobre este sistema haciendo <a href=\"http:\/\/ciaravino.com.ar\/arena\/steel_frame\/\">clic ac\u00e1<\/a>.[\/vc_column_text][\/vc_column][\/vc_row][vc_row fullwidth=\u00bbyes\u00bb css=\u00bb.vc_custom_1700503617051{padding-top: 0px !important;padding-bottom: 0px !important;background-color: #f3c081 !important;}\u00bb][vc_column css=\u00bb.vc_custom_1681164137710{margin-top: 0px !important;margin-bottom: 0px !important;padding-top: 0px !important;padding-bottom: 0px !important;}\u00bb][vc_single_image image=\u00bb1644&#8243; img_size=\u00bbfull\u00bb alignment=\u00bbcenter\u00bb css_animation=\u00bbfadeInLeft\u00bb css=\u00bb.vc_custom_1721653435044{margin-top: 0px !important;margin-bottom: 0px !important;padding-top: 0px !important;padding-bottom: 0px !important;}\u00bb][\/vc_column][\/vc_row][vc_row css=\u00bb.vc_custom_1681227842312{margin-top: 0px !important;}\u00bb el_class=\u00bbservicios\u00bb][vc_column width=\u00bb1\/2&#8243;][vc_column_text]<\/p>\n<h2><b>&#x1f3e1; Ampli\u00e1 tu vivienda, mejor\u00e1 tu vida<\/b><\/h2>\n<p><span style=\"font-weight: 400;\">Como profesionales, integramos una empresa especializada en la construcci\u00f3n en seco. Trabajamos con el sistema Steel Frame realizando ampliaciones de viviendas y locales comerciales. Nos interesa que nuestro trabajo se adapte perfectamente a lo que necesitas y que sea funcional para vos. \u00a1Cont\u00e1 con nosotros!<\/span><\/p>\n<h3><\/h3>\n<h2><b>&#x1f4cd;D\u00f3nde trabajamos<\/b><\/h2>\n<p><span style=\"font-weight: 400;\">El equipo est\u00e1 listo para acompa\u00f1ar tu proyecto de ampliaci\u00f3n de viviendas y locales comerciales. Nuestro trabajo se desarrolla en Capital Federal y en el Gran Buenos Aires (GBA)<\/span><\/p>\n<h3><\/h3>\n<h2><b>&#x1f477; \u00bfQu\u00e9 necesit\u00e1s construir?<\/b><\/h2>\n<p><span style=\"font-weight: 400;\">\u00bfEst\u00e1s pensando en construir un nuevo piso en tu vivienda? \u00bfY si, adem\u00e1s, subdividimos una habitaci\u00f3n? \u00bfO quiz\u00e1s necesit\u00e1s un espacio espec\u00edfico para tus tareas de home-office? Estamos convencidos de que podemos ayudarte. \u00a1Ampliemos, juntos, tu lugar en el mundo!<\/span><\/p>\n<p><span style=\"font-weight: 400;\">\u00bfY si lleg\u00f3 el momento de construir un nuevo piso en tu vivienda? \u00bfY si lo subdividimos y creamos m\u00e1s de una habitaci\u00f3n por espacio? \u00bfO ser\u00e1 que est\u00e1s buscando un lugar espec\u00edfico para hacer home-office? No lo dudes, sabemos que podemos ayudarte. \u00a1Ampliemos tus horizontes! \u00a1Construyamos tu lugar en el mundo!<\/span><\/p>\n<h3><\/h3>\n<h2><b>&#x26a1;Ventajas del sistema<\/b><\/h2>\n<p><span style=\"font-weight: 400;\">El Steel Frame permite reducir significativamente los tiempos de obra. Adem\u00e1s, la planificaci\u00f3n por etapas permite organizar el proyecto en funci\u00f3n de tus necesidades, respetando siempre el presupuesto convenido con vos. Con nosotros, cont\u00e1s con un plan de obra eficiente y espacios dise\u00f1ados para mejorar tu calidad de vida.\u00a0<\/span><\/p>\n<h3><\/h3>\n<h2><b>&#x270f;&#xfe0f; Dise\u00f1os a tu medida<\/b><\/h2>\n<p><span style=\"font-weight: 400;\">Disfrut\u00e1 de los <\/span><b>numerosos beneficios<\/b><span style=\"font-weight: 400;\"> que ofrece el Steel Frame, combinados con <\/span><b>dise\u00f1os completamente personalizados<\/b><span style=\"font-weight: 400;\"> a tu gusto.<\/span><\/p>\n<h3><\/h3>\n<h2><b>&#x1f4b0; Presupuestos Flexibles<\/b><\/h2>\n<p><span style=\"font-weight: 400;\">Contamos con<\/span><b> presupuestos flexibles y sin cargo,<\/b><span style=\"font-weight: 400;\"> lo cual nos permite acercarte opciones para que el Proyecto se realice de la forma en la que m\u00e1s te convenga. Es por esto que nuestro objetivo es ofrecerte la mejor soluci\u00f3n adaptada a tus necesidades. Siempre.<\/span><\/p>\n<p><b>\u00a0<\/b><\/p>\n<p><span style=\"font-weight: 400;\">Si est\u00e1s pensando en ampliaciones de viviendas y locales comerciales, te contamos todos los servicios que ponemos a tu disposici\u00f3n:<\/span>[\/vc_column_text]\n\t\t<div class=\"feature-box-small-icon \">\n        <span class=\"icon\">\n        \t<i class=\"fa fa-check-circle id-color\"><\/i>\n        <\/span>\n        <div class=\"text\">\n            <h3>Dise\u00f1o de proyecto<\/h3>\n                    <\/div>\n    <\/div>\n    \n\n\t\t<div class=\"feature-box-small-icon \">\n        <span class=\"icon\">\n        \t<i class=\"fa fa-check-circle id-color\"><\/i>\n        <\/span>\n        <div class=\"text\">\n            <h3>Estudio estructural del proyecto<\/h3>\n                    <\/div>\n    <\/div>\n    \n\n\t\t<div class=\"feature-box-small-icon \">\n        <span class=\"icon\">\n        \t<i class=\"fa fa-check-circle id-color\"><\/i>\n        <\/span>\n        <div class=\"text\">\n            <h3>Presentaci\u00f3n de planos<\/h3>\n                    <\/div>\n    <\/div>\n    \n\n\t\t<div class=\"feature-box-small-icon \">\n        <span class=\"icon\">\n        \t<i class=\"fa fa-check-circle id-color\"><\/i>\n        <\/span>\n        <div class=\"text\">\n            <h3>Construcci\u00f3n de obra por etapas<\/h3>\n                    <\/div>\n    <\/div>\n    \n\n\t\t<div class=\"feature-box-small-icon \">\n        <span class=\"icon\">\n        \t<i class=\"fa fa-check-circle id-color\"><\/i>\n        <\/span>\n        <div class=\"text\">\n            <h3>Construcci\u00f3n de obra gris<\/h3>\n                    <\/div>\n    <\/div>\n    \n\n\t\t<div class=\"feature-box-small-icon \">\n        <span class=\"icon\">\n        \t<i class=\"fa fa-check-circle id-color\"><\/i>\n        <\/span>\n        <div class=\"text\">\n            <h3>Construcci\u00f3n de obra llave en mano<\/h3>\n                    <\/div>\n    <\/div>\n    \n\n\t\t<div class=\"feature-box-small-icon \">\n        <span class=\"icon\">\n        \t<i class=\"fa fa-check-circle id-color\"><\/i>\n        <\/span>\n        <div class=\"text\">\n            <h3>Compra y obtenci\u00f3n de materiales en mejores precios<\/h3>\n                    <\/div>\n    <\/div>\n    \n\n\t\t<div class=\"feature-box-small-icon \">\n        <span class=\"icon\">\n        \t<i class=\"fa fa-check-circle id-color\"><\/i>\n        <\/span>\n        <div class=\"text\">\n            <h3>Panelizado de obras en nuestros talleres<\/h3>\n                    <\/div>\n    <\/div>\n    \n\n\t\t<div class=\"feature-box-small-icon \">\n        <span class=\"icon\">\n        \t<i class=\"fa fa-check-circle id-color\"><\/i>\n        <\/span>\n        <div class=\"text\">\n            <h3>Construcci\u00f3n integral del proyecto desde la estructura, las instalaciones, revestimientos y todo lo que necesites<\/h3>\n                    <\/div>\n    <\/div>\n    \n[vc_column_text]<\/p>\n<h4>Acordate de que pod\u00e9s visitar <a href=\"https:\/\/www.instagram.com\/arenaconstructores\/\">nuestras redes<\/a> y conocer m\u00e1s de <a href=\"https:\/\/www.facebook.com\/arenaconstructores\/\">nuestros Proyectos<\/a>.<\/h4>\n<p>Si est\u00e1s pensando en ampliar, estamos listos para escucharte.<\/p>\n<h4>Contanos tu proyecto. \u00a1Lleg\u00f3 la hora de vivir <b>donde quer\u00e9s!<\/b><\/h4>\n<p style=\"margin-bottom: 0;\">Cristian y Alejandro Melgarejo<\/p>\n<h6 style=\"margin-top: 0;\"><i>L\u00edderes de Arena Constructores<\/i><\/h6>\n<p>[\/vc_column_text][vc_empty_space height=\u00bb20px\u00bb el_class=\u00bbno-desktop\u00bb][\/vc_column][vc_column width=\u00bb1\/2&#8243;][vc_single_image image=\u00bb2057&#8243; img_size=\u00bbfull\u00bb][\/vc_column][\/vc_row][vc_row css=\u00bb.vc_custom_1681242244754{padding-top: 20px !important;}\u00bb][vc_column]\n    <a class=\"btn btn-fx btn-line-black \" href=\"http:\/\/ciaravino.com.ar\/arena\/contacto\/\" target=\"_self\">PED\u00cd TU PRESUPUESTO<\/a>  \t\n[\/vc_column][\/vc_row]<\/p>\n","protected":false},"excerpt":{"rendered":"<p>[vc_row css=\u00bb.vc_custom_1681230504854{margin-top: 0px !important;margin-bottom: 40px !important;padding-bottom: 0px !important;}\u00bb el_class=\u00bbservicios\u00bb][vc_column width=\u00bb1\/2&#8243;][vc_column_text css=\u00bb.vc_custom_1736286963243{margin-bottom: 35px !important;}\u00bb] Necesit\u00e1s aprovechar m\u00e1s tu casa, agregar espacios, dividirlos, remodelarlos. Queremos ser tu equipo. Sabemos que podemos ayudarte. [\/vc_column_text][\/vc_column][vc_column width=\u00bb1\/2&#8243;][vc_empty_space height=\u00bb20px\u00bb][vc_column_text]En Arena Constructores nos especializamos en el sistema Steel Frame, o construcci\u00f3n en seco, un m\u00e9todo constructivo innovador, econ\u00f3mico y seguro que cuenta [&hellip;]<\/p>\n","protected":false},"author":2,"featured_media":0,"parent":0,"menu_order":0,"comment_status":"closed","ping_status":"closed","template":"page-templates\/template-fullwidth.php","meta":{"_joinchat":[],"footnotes":""},"class_list":["post-1585","page","type-page","status-publish","hentry"],"yoast_head":"<!-- This site is optimized with the Yoast SEO plugin v27.3 - https:\/\/yoast.com\/product\/yoast-seo-wordpress\/ -->\n<title>Ampliaciones de viviendas y locales comerciales<\/title>\n<meta name=\"description\" content=\"Aprovech\u00e1 los beneficios de realizar ampliaciones de viviendas y locales comerciales con Steel Frame. Dise\u00f1\u00e1 tus espacios y mejor\u00e1 tu vida.\" \/>\n<meta name=\"robots\" content=\"index, follow, max-snippet:-1, max-image-preview:large, max-video-preview:-1\" \/>\n<link rel=\"canonical\" href=\"http:\/\/ciaravino.com.ar\/arena\/ampliaciones-de-viviendas-y-locales-comerciales\/\" \/>\n<meta property=\"og:locale\" content=\"es_ES\" \/>\n<meta property=\"og:type\" content=\"article\" \/>\n<meta property=\"og:title\" content=\"Ampliaciones de viviendas y locales comerciales\" \/>\n<meta property=\"og:description\" content=\"Aprovech\u00e1 los beneficios de realizar ampliaciones de viviendas y locales comerciales con Steel Frame. Dise\u00f1\u00e1 tus espacios y mejor\u00e1 tu vida.\" \/>\n<meta property=\"og:url\" content=\"http:\/\/ciaravino.com.ar\/arena\/ampliaciones-de-viviendas-y-locales-comerciales\/\" \/>\n<meta property=\"og:site_name\" content=\"Arena Constructores\" \/>\n<meta property=\"article:publisher\" content=\"https:\/\/www.facebook.com\/arenaconstructores\/\" \/>\n<meta property=\"article:modified_time\" content=\"2025-01-08T15:37:53+00:00\" \/>\n<meta name=\"twitter:card\" content=\"summary_large_image\" \/>\n<meta name=\"twitter:label1\" content=\"Tiempo de lectura\" \/>\n\t<meta name=\"twitter:data1\" content=\"3 minutos\" \/>\n<script type=\"application\/ld+json\" class=\"yoast-schema-graph\">{\"@context\":\"https:\\\/\\\/schema.org\",\"@graph\":[{\"@type\":\"WebPage\",\"@id\":\"http:\\\/\\\/ciaravino.com.ar\\\/arena\\\/ampliaciones-de-viviendas-y-locales-comerciales\\\/\",\"url\":\"http:\\\/\\\/ciaravino.com.ar\\\/arena\\\/ampliaciones-de-viviendas-y-locales-comerciales\\\/\",\"name\":\"Ampliaciones de viviendas y locales comerciales\",\"isPartOf\":{\"@id\":\"http:\\\/\\\/ciaravino.com.ar\\\/arena\\\/#website\"},\"datePublished\":\"2023-04-11T20:01:16+00:00\",\"dateModified\":\"2025-01-08T15:37:53+00:00\",\"description\":\"Aprovech\u00e1 los beneficios de realizar ampliaciones de viviendas y locales comerciales con Steel Frame. Dise\u00f1\u00e1 tus espacios y mejor\u00e1 tu vida.\",\"breadcrumb\":{\"@id\":\"http:\\\/\\\/ciaravino.com.ar\\\/arena\\\/ampliaciones-de-viviendas-y-locales-comerciales\\\/#breadcrumb\"},\"inLanguage\":\"es\",\"potentialAction\":[{\"@type\":\"ReadAction\",\"target\":[\"http:\\\/\\\/ciaravino.com.ar\\\/arena\\\/ampliaciones-de-viviendas-y-locales-comerciales\\\/\"]}]},{\"@type\":\"BreadcrumbList\",\"@id\":\"http:\\\/\\\/ciaravino.com.ar\\\/arena\\\/ampliaciones-de-viviendas-y-locales-comerciales\\\/#breadcrumb\",\"itemListElement\":[{\"@type\":\"ListItem\",\"position\":1,\"name\":\"Portada\",\"item\":\"http:\\\/\\\/ciaravino.com.ar\\\/arena\\\/\"},{\"@type\":\"ListItem\",\"position\":2,\"name\":\"Ampliaciones de viviendas y locales comerciales\"}]},{\"@type\":\"WebSite\",\"@id\":\"http:\\\/\\\/ciaravino.com.ar\\\/arena\\\/#website\",\"url\":\"http:\\\/\\\/ciaravino.com.ar\\\/arena\\\/\",\"name\":\"Arena Constructores\",\"description\":\"Construcci\u00f3n, ampliaci\u00f3n y remodelaci\u00f3n de viviendas\",\"publisher\":{\"@id\":\"http:\\\/\\\/ciaravino.com.ar\\\/arena\\\/#organization\"},\"potentialAction\":[{\"@type\":\"SearchAction\",\"target\":{\"@type\":\"EntryPoint\",\"urlTemplate\":\"http:\\\/\\\/ciaravino.com.ar\\\/arena\\\/?s={search_term_string}\"},\"query-input\":{\"@type\":\"PropertyValueSpecification\",\"valueRequired\":true,\"valueName\":\"search_term_string\"}}],\"inLanguage\":\"es\"},{\"@type\":\"Organization\",\"@id\":\"http:\\\/\\\/ciaravino.com.ar\\\/arena\\\/#organization\",\"name\":\"Arena Constructores\",\"url\":\"http:\\\/\\\/ciaravino.com.ar\\\/arena\\\/\",\"logo\":{\"@type\":\"ImageObject\",\"inLanguage\":\"es\",\"@id\":\"http:\\\/\\\/ciaravino.com.ar\\\/arena\\\/#\\\/schema\\\/logo\\\/image\\\/\",\"url\":\"https:\\\/\\\/ciaravino.com.ar\\\/arena\\\/wp-content\\\/uploads\\\/2024\\\/01\\\/Logo-Constructores-e1706057458878.png\",\"contentUrl\":\"https:\\\/\\\/ciaravino.com.ar\\\/arena\\\/wp-content\\\/uploads\\\/2024\\\/01\\\/Logo-Constructores-e1706057458878.png\",\"width\":1599,\"height\":612,\"caption\":\"Arena Constructores\"},\"image\":{\"@id\":\"http:\\\/\\\/ciaravino.com.ar\\\/arena\\\/#\\\/schema\\\/logo\\\/image\\\/\"},\"sameAs\":[\"https:\\\/\\\/www.facebook.com\\\/arenaconstructores\\\/\",\"https:\\\/\\\/www.instagram.com\\\/arenaconstructores\"]}]}<\/script>\n<!-- \/ Yoast SEO plugin. -->","yoast_head_json":{"title":"Ampliaciones de viviendas y locales comerciales","description":"Aprovech\u00e1 los beneficios de realizar ampliaciones de viviendas y locales comerciales con Steel Frame. Dise\u00f1\u00e1 tus espacios y mejor\u00e1 tu vida.","robots":{"index":"index","follow":"follow","max-snippet":"max-snippet:-1","max-image-preview":"max-image-preview:large","max-video-preview":"max-video-preview:-1"},"canonical":"http:\/\/ciaravino.com.ar\/arena\/ampliaciones-de-viviendas-y-locales-comerciales\/","og_locale":"es_ES","og_type":"article","og_title":"Ampliaciones de viviendas y locales comerciales","og_description":"Aprovech\u00e1 los beneficios de realizar ampliaciones de viviendas y locales comerciales con Steel Frame. Dise\u00f1\u00e1 tus espacios y mejor\u00e1 tu vida.","og_url":"http:\/\/ciaravino.com.ar\/arena\/ampliaciones-de-viviendas-y-locales-comerciales\/","og_site_name":"Arena Constructores","article_publisher":"https:\/\/www.facebook.com\/arenaconstructores\/","article_modified_time":"2025-01-08T15:37:53+00:00","twitter_card":"summary_large_image","twitter_misc":{"Tiempo de lectura":"3 minutos"},"schema":{"@context":"https:\/\/schema.org","@graph":[{"@type":"WebPage","@id":"http:\/\/ciaravino.com.ar\/arena\/ampliaciones-de-viviendas-y-locales-comerciales\/","url":"http:\/\/ciaravino.com.ar\/arena\/ampliaciones-de-viviendas-y-locales-comerciales\/","name":"Ampliaciones de viviendas y locales comerciales","isPartOf":{"@id":"http:\/\/ciaravino.com.ar\/arena\/#website"},"datePublished":"2023-04-11T20:01:16+00:00","dateModified":"2025-01-08T15:37:53+00:00","description":"Aprovech\u00e1 los beneficios de realizar ampliaciones de viviendas y locales comerciales con Steel Frame. Dise\u00f1\u00e1 tus espacios y mejor\u00e1 tu vida.","breadcrumb":{"@id":"http:\/\/ciaravino.com.ar\/arena\/ampliaciones-de-viviendas-y-locales-comerciales\/#breadcrumb"},"inLanguage":"es","potentialAction":[{"@type":"ReadAction","target":["http:\/\/ciaravino.com.ar\/arena\/ampliaciones-de-viviendas-y-locales-comerciales\/"]}]},{"@type":"BreadcrumbList","@id":"http:\/\/ciaravino.com.ar\/arena\/ampliaciones-de-viviendas-y-locales-comerciales\/#breadcrumb","itemListElement":[{"@type":"ListItem","position":1,"name":"Portada","item":"http:\/\/ciaravino.com.ar\/arena\/"},{"@type":"ListItem","position":2,"name":"Ampliaciones de viviendas y locales comerciales"}]},{"@type":"WebSite","@id":"http:\/\/ciaravino.com.ar\/arena\/#website","url":"http:\/\/ciaravino.com.ar\/arena\/","name":"Arena Constructores","description":"Construcci\u00f3n, ampliaci\u00f3n y remodelaci\u00f3n de viviendas","publisher":{"@id":"http:\/\/ciaravino.com.ar\/arena\/#organization"},"potentialAction":[{"@type":"SearchAction","target":{"@type":"EntryPoint","urlTemplate":"http:\/\/ciaravino.com.ar\/arena\/?s={search_term_string}"},"query-input":{"@type":"PropertyValueSpecification","valueRequired":true,"valueName":"search_term_string"}}],"inLanguage":"es"},{"@type":"Organization","@id":"http:\/\/ciaravino.com.ar\/arena\/#organization","name":"Arena Constructores","url":"http:\/\/ciaravino.com.ar\/arena\/","logo":{"@type":"ImageObject","inLanguage":"es","@id":"http:\/\/ciaravino.com.ar\/arena\/#\/schema\/logo\/image\/","url":"https:\/\/ciaravino.com.ar\/arena\/wp-content\/uploads\/2024\/01\/Logo-Constructores-e1706057458878.png","contentUrl":"https:\/\/ciaravino.com.ar\/arena\/wp-content\/uploads\/2024\/01\/Logo-Constructores-e1706057458878.png","width":1599,"height":612,"caption":"Arena Constructores"},"image":{"@id":"http:\/\/ciaravino.com.ar\/arena\/#\/schema\/logo\/image\/"},"sameAs":["https:\/\/www.facebook.com\/arenaconstructores\/","https:\/\/www.instagram.com\/arenaconstructores"]}]}},"_links":{"self":[{"href":"http:\/\/ciaravino.com.ar\/arena\/wp-json\/wp\/v2\/pages\/1585","targetHints":{"allow":["GET"]}}],"collection":[{"href":"http:\/\/ciaravino.com.ar\/arena\/wp-json\/wp\/v2\/pages"}],"about":[{"href":"http:\/\/ciaravino.com.ar\/arena\/wp-json\/wp\/v2\/types\/page"}],"author":[{"embeddable":true,"href":"http:\/\/ciaravino.com.ar\/arena\/wp-json\/wp\/v2\/users\/2"}],"replies":[{"embeddable":true,"href":"http:\/\/ciaravino.com.ar\/arena\/wp-json\/wp\/v2\/comments?post=1585"}],"version-history":[{"count":39,"href":"http:\/\/ciaravino.com.ar\/arena\/wp-json\/wp\/v2\/pages\/1585\/revisions"}],"predecessor-version":[{"id":2064,"href":"http:\/\/ciaravino.com.ar\/arena\/wp-json\/wp\/v2\/pages\/1585\/revisions\/2064"}],"wp:attachment":[{"href":"http:\/\/ciaravino.com.ar\/arena\/wp-json\/wp\/v2\/media?parent=1585"}],"curies":[{"name":"wp","href":"https:\/\/api.w.org\/{rel}","templated":true}]}}