{"id":1139,"date":"2022-09-21T18:48:33","date_gmt":"2022-09-21T21:48:33","guid":{"rendered":"http:\/\/ciaravino.com.ar\/arena\/?page_id=1139"},"modified":"2025-01-08T11:54:49","modified_gmt":"2025-01-08T14:54:49","slug":"construi-con-steel-frame","status":"publish","type":"page","link":"https:\/\/ciaravino.com.ar\/arena\/construi-con-steel-frame\/","title":{"rendered":"La empresa"},"content":{"rendered":"<p>[vc_row][vc_column offset=\u00bbvc_col-md-9&#8243;][vc_column_text]<strong><span style=\"color: #000000;\">Te damos la bienvenida <\/span><\/strong><span style=\"color: #000000;\">a nuestro sitio web <\/span><strong><span style=\"color: #000000;\">y te agradecemos por tomarte un momento para conocernos.\u00a0<\/span><\/strong><span style=\"color: #000000;\">En estas breves palabras queremos invitarte a descubrir la historia de la empresa, que es tambi\u00e9n la historia de una familia. Esto es importante para nosotros porque seremos los referentes de tu pr\u00f3ximo Proyecto constructivo.<\/span><\/p>\n<p><strong><span style=\"color: #000000;\">Arena Constructores <\/span><\/strong><span style=\"color: #000000;\">es una empresa familiar <\/span><strong><span style=\"color: #000000;\">especializada en el <a href=\"https:\/\/ciaravino.com.ar\/arena\/que-es-steel-frame\/\">sistema de construcci\u00f3n en seco<\/a><\/span><\/strong><span style=\"color: #000000;\">\u00a0<strong>Steel Frame<\/strong>. Elegimos especializarnos en este sistema por sus ventajas comparativas, porque es r\u00e1pido, seguro y eficiente. Esto nos permite ofrecer un servicio con previsibilidad para el cliente. Adem\u00e1s, esto es muy positivo para cuidar tu presupuesto y tu inversi\u00f3n.<\/span><\/p>\n<p><span style=\"color: #000000;\">Padre e Hijo, Alejandro y Cristian Melgarejo, dirigimos con orgullo una compa\u00f1\u00eda que naci\u00f3 ya hace algunos a\u00f1os y que hoy cuenta con toda<\/span><strong><span style=\"color: #000000;\"> una red de profesionales <\/span><\/strong><span style=\"color: #000000;\">que se extiende por todo Buenos Aires y CABA. En todo el proceso, ese equipo <\/span><span style=\"color: #000000;\">nos acompa\u00f1an en la tarea de ayudarte en tu Proyecto constructivo.<\/span><\/p>\n<p><span style=\"color: #000000;\">Cuando nos eleg\u00eds, nos encargamos desde el primer momento de ayudarte a materializar tu visi\u00f3n y elaboramos presupuestos sin cargo y con modalidades flexibles para que puedas alcanzar la posibilidad de concretar tu Proyecto.\u00a0<\/span><\/p>\n<p><span style=\"color: #000000;\">En nuestra p\u00e1gina ver\u00e1s opiniones de quienes ya nos eligieron, podr\u00e1s consultar sobre el sistema con el que trabajamos y <a href=\"http:\/\/www.instagram.com\/arenaconstructores\">ver contenido sobre nuestras obras<\/a>, entre muchas m\u00e1s opciones para conocernos.<\/span><\/p>\n<p>\u00bfEst\u00e1s pensando en construir de cero un inmueble? \u00bfO quer\u00e9s ampliar y crear ambientes aprovechando tu terraza? O bien, \u00bfpens\u00e1s construir en un country o barrio cerrado? Sabemos que podemos ayudarte. Nuestra vocaci\u00f3n es concretar tus sue\u00f1os y darte el espacio que est\u00e1s buscando para vos y quienes ames.<\/p>\n<p>&nbsp;<\/p>\n<p><strong><span style=\"color: #000000;\"><a href=\"https:\/\/ciaravino.com.ar\/arena\/hagamos-tu-presupuesto\/\">Queremos ser tu equipo.<\/a> Constru\u00ed con Steel Frame. <\/span><\/strong><\/p>\n<p><strong><span style=\"color: #000000;\">Sabemos que podemos ayudarte.<\/span><\/strong><\/p>\n<p><span style=\"color: #000000;\">Alejandro y Cristian<\/span><br \/>\n<span style=\"color: #000000;\"><em>L\u00edderes de Arena Constructores<\/em><\/span>[\/vc_column_text][\/vc_column][vc_column offset=\u00bbvc_col-md-3&#8243;][vc_single_image image=\u00bb1784&#8243; img_size=\u00bbfull\u00bb style=\u00bbvc_box_border\u00bb][\/vc_column][\/vc_row]<\/p>\n","protected":false},"excerpt":{"rendered":"<p>[vc_row][vc_column offset=\u00bbvc_col-md-9&#8243;][vc_column_text]Te damos la bienvenida a nuestro sitio web y te agradecemos por tomarte un momento para conocernos.\u00a0En estas breves palabras queremos invitarte a descubrir la historia de la empresa, que es tambi\u00e9n la historia de una familia. Esto es importante para nosotros porque seremos los referentes de tu pr\u00f3ximo Proyecto constructivo. Arena Constructores es [&hellip;]<\/p>\n","protected":false},"author":2,"featured_media":0,"parent":0,"menu_order":0,"comment_status":"closed","ping_status":"closed","template":"page-templates\/template-fullwidth.php","meta":{"_joinchat":[],"footnotes":""},"class_list":["post-1139","page","type-page","status-publish","hentry"],"yoast_head":"<!-- This site is optimized with the Yoast SEO plugin v27.3 - https:\/\/yoast.com\/product\/yoast-seo-wordpress\/ -->\n<title>Constru\u00ed con Steel Frame | Construcci\u00f3n en seco Buenos Aires<\/title>\n<meta name=\"description\" content=\"Constru\u00ed con Steel Frame, un sistema de construcci\u00f3n en seco r\u00e1pido, eficiente, previsible y seguro. \u00a1Cuid\u00e1 tu inversi\u00f3n! \u00a1Conocenos!\" \/>\n<meta name=\"robots\" content=\"index, follow, max-snippet:-1, max-image-preview:large, max-video-preview:-1\" \/>\n<link rel=\"canonical\" href=\"https:\/\/ciaravino.com.ar\/arena\/construi-con-steel-frame\/\" \/>\n<meta property=\"og:locale\" content=\"es_ES\" \/>\n<meta property=\"og:type\" content=\"article\" \/>\n<meta property=\"og:title\" content=\"Constru\u00ed con Steel Frame | Construcci\u00f3n en seco Buenos Aires\" \/>\n<meta property=\"og:description\" content=\"Constru\u00ed con Steel Frame, un sistema de construcci\u00f3n en seco r\u00e1pido, eficiente, previsible y seguro. \u00a1Cuid\u00e1 tu inversi\u00f3n! \u00a1Conocenos!\" \/>\n<meta property=\"og:url\" content=\"https:\/\/ciaravino.com.ar\/arena\/construi-con-steel-frame\/\" \/>\n<meta property=\"og:site_name\" content=\"Arena Constructores\" \/>\n<meta property=\"article:publisher\" content=\"https:\/\/www.facebook.com\/arenaconstructores\/\" \/>\n<meta property=\"article:modified_time\" content=\"2025-01-08T14:54:49+00:00\" \/>\n<meta name=\"twitter:card\" content=\"summary_large_image\" \/>\n<meta name=\"twitter:label1\" content=\"Tiempo de lectura\" \/>\n\t<meta name=\"twitter:data1\" content=\"2 minutos\" \/>\n<script type=\"application\/ld+json\" class=\"yoast-schema-graph\">{\"@context\":\"https:\\\/\\\/schema.org\",\"@graph\":[{\"@type\":\"WebPage\",\"@id\":\"https:\\\/\\\/ciaravino.com.ar\\\/arena\\\/construi-con-steel-frame\\\/\",\"url\":\"https:\\\/\\\/ciaravino.com.ar\\\/arena\\\/construi-con-steel-frame\\\/\",\"name\":\"Constru\u00ed con Steel Frame | Construcci\u00f3n en seco Buenos Aires\",\"isPartOf\":{\"@id\":\"http:\\\/\\\/ciaravino.com.ar\\\/arena\\\/#website\"},\"datePublished\":\"2022-09-21T21:48:33+00:00\",\"dateModified\":\"2025-01-08T14:54:49+00:00\",\"description\":\"Constru\u00ed con Steel Frame, un sistema de construcci\u00f3n en seco r\u00e1pido, eficiente, previsible y seguro. \u00a1Cuid\u00e1 tu inversi\u00f3n! \u00a1Conocenos!\",\"breadcrumb\":{\"@id\":\"https:\\\/\\\/ciaravino.com.ar\\\/arena\\\/construi-con-steel-frame\\\/#breadcrumb\"},\"inLanguage\":\"es\",\"potentialAction\":[{\"@type\":\"ReadAction\",\"target\":[\"https:\\\/\\\/ciaravino.com.ar\\\/arena\\\/construi-con-steel-frame\\\/\"]}]},{\"@type\":\"BreadcrumbList\",\"@id\":\"https:\\\/\\\/ciaravino.com.ar\\\/arena\\\/construi-con-steel-frame\\\/#breadcrumb\",\"itemListElement\":[{\"@type\":\"ListItem\",\"position\":1,\"name\":\"Portada\",\"item\":\"http:\\\/\\\/ciaravino.com.ar\\\/arena\\\/\"},{\"@type\":\"ListItem\",\"position\":2,\"name\":\"La empresa\"}]},{\"@type\":\"WebSite\",\"@id\":\"http:\\\/\\\/ciaravino.com.ar\\\/arena\\\/#website\",\"url\":\"http:\\\/\\\/ciaravino.com.ar\\\/arena\\\/\",\"name\":\"Arena Constructores\",\"description\":\"Construcci\u00f3n, ampliaci\u00f3n y remodelaci\u00f3n de viviendas\",\"publisher\":{\"@id\":\"http:\\\/\\\/ciaravino.com.ar\\\/arena\\\/#organization\"},\"potentialAction\":[{\"@type\":\"SearchAction\",\"target\":{\"@type\":\"EntryPoint\",\"urlTemplate\":\"http:\\\/\\\/ciaravino.com.ar\\\/arena\\\/?s={search_term_string}\"},\"query-input\":{\"@type\":\"PropertyValueSpecification\",\"valueRequired\":true,\"valueName\":\"search_term_string\"}}],\"inLanguage\":\"es\"},{\"@type\":\"Organization\",\"@id\":\"http:\\\/\\\/ciaravino.com.ar\\\/arena\\\/#organization\",\"name\":\"Arena Constructores\",\"url\":\"http:\\\/\\\/ciaravino.com.ar\\\/arena\\\/\",\"logo\":{\"@type\":\"ImageObject\",\"inLanguage\":\"es\",\"@id\":\"http:\\\/\\\/ciaravino.com.ar\\\/arena\\\/#\\\/schema\\\/logo\\\/image\\\/\",\"url\":\"https:\\\/\\\/ciaravino.com.ar\\\/arena\\\/wp-content\\\/uploads\\\/2024\\\/01\\\/Logo-Constructores-e1706057458878.png\",\"contentUrl\":\"https:\\\/\\\/ciaravino.com.ar\\\/arena\\\/wp-content\\\/uploads\\\/2024\\\/01\\\/Logo-Constructores-e1706057458878.png\",\"width\":1599,\"height\":612,\"caption\":\"Arena Constructores\"},\"image\":{\"@id\":\"http:\\\/\\\/ciaravino.com.ar\\\/arena\\\/#\\\/schema\\\/logo\\\/image\\\/\"},\"sameAs\":[\"https:\\\/\\\/www.facebook.com\\\/arenaconstructores\\\/\",\"https:\\\/\\\/www.instagram.com\\\/arenaconstructores\"]}]}<\/script>\n<!-- \/ Yoast SEO plugin. -->","yoast_head_json":{"title":"Constru\u00ed con Steel Frame | Construcci\u00f3n en seco Buenos Aires","description":"Constru\u00ed con Steel Frame, un sistema de construcci\u00f3n en seco r\u00e1pido, eficiente, previsible y seguro. \u00a1Cuid\u00e1 tu inversi\u00f3n! \u00a1Conocenos!","robots":{"index":"index","follow":"follow","max-snippet":"max-snippet:-1","max-image-preview":"max-image-preview:large","max-video-preview":"max-video-preview:-1"},"canonical":"https:\/\/ciaravino.com.ar\/arena\/construi-con-steel-frame\/","og_locale":"es_ES","og_type":"article","og_title":"Constru\u00ed con Steel Frame | Construcci\u00f3n en seco Buenos Aires","og_description":"Constru\u00ed con Steel Frame, un sistema de construcci\u00f3n en seco r\u00e1pido, eficiente, previsible y seguro. \u00a1Cuid\u00e1 tu inversi\u00f3n! \u00a1Conocenos!","og_url":"https:\/\/ciaravino.com.ar\/arena\/construi-con-steel-frame\/","og_site_name":"Arena Constructores","article_publisher":"https:\/\/www.facebook.com\/arenaconstructores\/","article_modified_time":"2025-01-08T14:54:49+00:00","twitter_card":"summary_large_image","twitter_misc":{"Tiempo de lectura":"2 minutos"},"schema":{"@context":"https:\/\/schema.org","@graph":[{"@type":"WebPage","@id":"https:\/\/ciaravino.com.ar\/arena\/construi-con-steel-frame\/","url":"https:\/\/ciaravino.com.ar\/arena\/construi-con-steel-frame\/","name":"Constru\u00ed con Steel Frame | Construcci\u00f3n en seco Buenos Aires","isPartOf":{"@id":"http:\/\/ciaravino.com.ar\/arena\/#website"},"datePublished":"2022-09-21T21:48:33+00:00","dateModified":"2025-01-08T14:54:49+00:00","description":"Constru\u00ed con Steel Frame, un sistema de construcci\u00f3n en seco r\u00e1pido, eficiente, previsible y seguro. \u00a1Cuid\u00e1 tu inversi\u00f3n! \u00a1Conocenos!","breadcrumb":{"@id":"https:\/\/ciaravino.com.ar\/arena\/construi-con-steel-frame\/#breadcrumb"},"inLanguage":"es","potentialAction":[{"@type":"ReadAction","target":["https:\/\/ciaravino.com.ar\/arena\/construi-con-steel-frame\/"]}]},{"@type":"BreadcrumbList","@id":"https:\/\/ciaravino.com.ar\/arena\/construi-con-steel-frame\/#breadcrumb","itemListElement":[{"@type":"ListItem","position":1,"name":"Portada","item":"http:\/\/ciaravino.com.ar\/arena\/"},{"@type":"ListItem","position":2,"name":"La empresa"}]},{"@type":"WebSite","@id":"http:\/\/ciaravino.com.ar\/arena\/#website","url":"http:\/\/ciaravino.com.ar\/arena\/","name":"Arena Constructores","description":"Construcci\u00f3n, ampliaci\u00f3n y remodelaci\u00f3n de viviendas","publisher":{"@id":"http:\/\/ciaravino.com.ar\/arena\/#organization"},"potentialAction":[{"@type":"SearchAction","target":{"@type":"EntryPoint","urlTemplate":"http:\/\/ciaravino.com.ar\/arena\/?s={search_term_string}"},"query-input":{"@type":"PropertyValueSpecification","valueRequired":true,"valueName":"search_term_string"}}],"inLanguage":"es"},{"@type":"Organization","@id":"http:\/\/ciaravino.com.ar\/arena\/#organization","name":"Arena Constructores","url":"http:\/\/ciaravino.com.ar\/arena\/","logo":{"@type":"ImageObject","inLanguage":"es","@id":"http:\/\/ciaravino.com.ar\/arena\/#\/schema\/logo\/image\/","url":"https:\/\/ciaravino.com.ar\/arena\/wp-content\/uploads\/2024\/01\/Logo-Constructores-e1706057458878.png","contentUrl":"https:\/\/ciaravino.com.ar\/arena\/wp-content\/uploads\/2024\/01\/Logo-Constructores-e1706057458878.png","width":1599,"height":612,"caption":"Arena Constructores"},"image":{"@id":"http:\/\/ciaravino.com.ar\/arena\/#\/schema\/logo\/image\/"},"sameAs":["https:\/\/www.facebook.com\/arenaconstructores\/","https:\/\/www.instagram.com\/arenaconstructores"]}]}},"_links":{"self":[{"href":"https:\/\/ciaravino.com.ar\/arena\/wp-json\/wp\/v2\/pages\/1139","targetHints":{"allow":["GET"]}}],"collection":[{"href":"https:\/\/ciaravino.com.ar\/arena\/wp-json\/wp\/v2\/pages"}],"about":[{"href":"https:\/\/ciaravino.com.ar\/arena\/wp-json\/wp\/v2\/types\/page"}],"author":[{"embeddable":true,"href":"https:\/\/ciaravino.com.ar\/arena\/wp-json\/wp\/v2\/users\/2"}],"replies":[{"embeddable":true,"href":"https:\/\/ciaravino.com.ar\/arena\/wp-json\/wp\/v2\/comments?post=1139"}],"version-history":[{"count":38,"href":"https:\/\/ciaravino.com.ar\/arena\/wp-json\/wp\/v2\/pages\/1139\/revisions"}],"predecessor-version":[{"id":2054,"href":"https:\/\/ciaravino.com.ar\/arena\/wp-json\/wp\/v2\/pages\/1139\/revisions\/2054"}],"wp:attachment":[{"href":"https:\/\/ciaravino.com.ar\/arena\/wp-json\/wp\/v2\/media?parent=1139"}],"curies":[{"name":"wp","href":"https:\/\/api.w.org\/{rel}","templated":true}]}}