{"id":1205,"date":"2022-09-22T13:16:22","date_gmt":"2022-09-22T16:16:22","guid":{"rendered":"http:\/\/ciaravino.com.ar\/arena\/?page_id=1205"},"modified":"2025-01-08T11:41:51","modified_gmt":"2025-01-08T14:41:51","slug":"que-es-steel-frame","status":"publish","type":"page","link":"https:\/\/ciaravino.com.ar\/arena\/que-es-steel-frame\/","title":{"rendered":"Sobre el Steel Frame"},"content":{"rendered":"<p>[vc_row][vc_column width=\u00bb2\/3&#8243;][vc_column_text]<\/p>\n<h2>\u00bfQue es el Steel Frame?<\/h2>\n<p>[\/vc_column_text][vc_empty_space height=\u00bb30px\u00bb][vc_column_text]Es un sistema constructivo avalado por el Estado argentino como \u201csistema tradicional\u201d.<\/p>\n<p>Es una alternativa innovadora a la construcci\u00f3n h\u00fameda, el conocido modelo de ladrillos y cemento. El gran logro del Steel Frame es haber conseguido <a href=\"https:\/\/ciaravino.com.ar\/arena\/hagamos-tu-presupuesto\/\">brindar una soluci\u00f3n contundente<\/a> a muchos de los inconvenientes que presentaba el sistema h\u00famedo, as\u00ed como tambi\u00e9n permite economizar fuertemente en tiempo y costos.<\/p>\n<p>A lo largo de estos a\u00f1os identificamos algunas inquietudes comunes y queremos ayudarte a conocer m\u00e1s del sistema. Si tu duda no est\u00e1 inclu\u00edda en esta lista, no dudes en escribirnos. <a href=\"https:\/\/www.google.com\/search?gs_ssp=eJzj4tVP1zc0LE5LNy82MzU1YLRSMagwtEhNszBLM05LTLI0TzG3MqgwM0iyMLI0M0xMs0wzNDBN9RJOLErNS1RIzs8rLikqTS7JL0otBgAMYham&amp;q=arena+constructores&amp;oq=are&amp;gs_lcrp=EgZjaHJvbWUqFQgBEC4YQxivARjHARiABBiKBRiOBTIGCAAQRRg8MhUIARAuGEMYrwEYxwEYgAQYigUYjgUyFAgCEEUYOxhDGLEDGMkDGIAEGIoFMgYIAxBFGDkyBggEEEUYPDIGCAUQRRg8MgYIBhBFGDwyBggHEEUYPNIBCDI3NjNqMGo3qAIAsAIA&amp;sourceid=chrome&amp;ie=UTF-8#lrd=0x18ef86f3fab97d7:0x60b82961af9f105e,1,,,,\">Queremos ayudarte.<\/a>[\/vc_column_text][vc_empty_space height=\u00bb60px\u00bb][vc_toggle title=\u00bb\u00bfEs un m\u00e9todo seguro?\u00bb custom_font_container=\u00bbtag:h4|text_align:left\u00bb custom_google_fonts=\u00bbfont_family:Montserrat%3Aregular%2C700|font_style:700%20bold%20regular%3A700%3Anormal\u00bb use_custom_heading=\u00bbtrue\u00bb]<b>S\u00ed. Est\u00e1 avalado por el Estado argentino como sistema tradicional de construcci\u00f3n.<\/b><\/p>\n<p><span style=\"font-weight: 400;\">El steel frame surgi\u00f3 de las actualizaciones constructivas que necesitaba nuestro medio actual y a las que el sistema h\u00famedo no pudo responder correctamente. Es un m\u00e9todo superador. Como profesionales, lo usamos y recomendamos.<\/span>[\/vc_toggle][vc_toggle title=\u00bb\u00bfQu\u00e9 hace que construir con Steel Frame sea m\u00e1s r\u00e1pido?\u00bb custom_font_container=\u00bbtag:h4|text_align:left\u00bb custom_google_fonts=\u00bbfont_family:Montserrat%3Aregular%2C700|font_style:700%20bold%20regular%3A700%3Anormal\u00bb use_custom_heading=\u00bbtrue\u00bb]<b>El proceso tiene un menor tiempo de armado porque es un <\/b><b><i>sistema racionalizado<\/i><\/b><span style=\"font-weight: 400;\">. Esto significa que cada material de la obra de Steel cumple con algunos patrones de medidas exactas que lo vuelven directamente complementario a otros, facilitando su ensamblaje. Los cortes y el armado de <\/span><i><span style=\"font-weight: 400;\">tabiques<\/span><\/i><span style=\"font-weight: 400;\">, las paredes del sistema, pueden realizarse previamente en nuestro taller, lo que permite que s\u00f3lo se hagan tareas de ensamble en el domicilio.<\/span><\/p>\n<p><span style=\"font-weight: 400;\">Adem\u00e1s <\/span><b>tiene la cualidad de adaptarse perfectamente a todas las opciones de dise\u00f1o<\/b><span style=\"font-weight: 400;\"> que propongas conservando su efectividad. Como sistema de construcci\u00f3n <\/span><i><span style=\"font-weight: 400;\">en seco<\/span><\/i><span style=\"font-weight: 400;\">, no es necesario aguardar plazos propios del sistema h\u00famedo, eliminando tiempos de obra de los que ya no ten\u00e9s que preocuparte. As\u00ed, por ejemplo, en mucho menos de la mitad del tiempo de construcci\u00f3n en hormig\u00f3n, ten\u00e9s tu casa de Steel.<\/span>[\/vc_toggle][vc_toggle title=\u00bb\u00bfPuedo combinar una construcci\u00f3n en h\u00famedo con construcciones de Steel Frame?\u00bb custom_font_container=\u00bbtag:h4|text_align:left\u00bb custom_google_fonts=\u00bbfont_family:Montserrat%3Aregular%2C700|font_style:700%20bold%20regular%3A700%3Anormal\u00bb use_custom_heading=\u00bbtrue\u00bb]<b>Absolutamente.<\/b><span style=\"font-weight: 400;\"> Las ventajas de que sea un <\/span><i><span style=\"font-weight: 400;\">sistema abierto<\/span><\/i><span style=\"font-weight: 400;\"> le permiten sumar estructuras de Steel Frame a tu construcci\u00f3n h\u00fameda y viceversa con <\/span><b>flexibilidad de dise\u00f1o<\/b><span style=\"font-weight: 400;\"> y <\/span><b>liviandad<\/b><span style=\"font-weight: 400;\">, dado que una construcci\u00f3n del sistema seco disminuye el peso sobre la estructura original en comparaci\u00f3n con la obra h\u00fameda.\u00a0<\/span>[\/vc_toggle][vc_toggle title=\u00bb\u00bfEs verdad que ayuda al ahorro de energ\u00eda?\u00bb custom_font_container=\u00bbtag:h4|text_align:left\u00bb custom_google_fonts=\u00bbfont_family:Montserrat%3Aregular%2C700|font_style:700%20bold%20regular%3A700%3Anormal\u00bb use_custom_heading=\u00bbtrue\u00bb]<b>S\u00ed, es verdad.<\/b><span style=\"font-weight: 400;\"> Los aislantes del sistema constructivo en seco ahorran gastos energ\u00e9ticos de la vida cotidiana, disminuyendo el uso de sistemas de calefacci\u00f3n y refrigeraci\u00f3n por su excelente desempe\u00f1o en la conservaci\u00f3n de climas. Es <\/span><b>muy \u00fatil como aislante de temperatura<\/b> <b>y sonido.<\/b>[\/vc_toggle][vc_toggle title=\u00bb\u00bfOcupa mucho espacio de la superficie construible este sistema constructivo?\u00bb custom_font_container=\u00bbtag:h4|text_align:left\u00bb custom_google_fonts=\u00bbfont_family:Montserrat%3Aregular%2C700|font_style:700%20bold%20regular%3A700%3Anormal\u00bb use_custom_heading=\u00bbtrue\u00bb]<span style=\"font-weight: 400;\">Por el contrario. Como los muros de Steel Frame son m\u00e1s delgados comparados con los de la obra h\u00fameda, <\/span><b>se<\/b> <b>consigue una mayor superficie \u00fatil.<\/b><span style=\"font-weight: 400;\"> Esto no afecta en lo m\u00e1s m\u00ednimo a su <\/span><b>eficacia<\/b><span style=\"font-weight: 400;\"> y te permite disponer de muchos m\u00e1s metros cuadrados disponibles para uso u otras decisiones constructivas construyendo <\/span><i><span style=\"font-weight: 400;\">en seco<\/span><\/i><span style=\"font-weight: 400;\">.<\/span>[\/vc_toggle][vc_toggle title=\u00bb\u00bfEl Steel Frame es sismoresistente?\u00bb custom_font_container=\u00bbtag:h4|text_align:left\u00bb custom_google_fonts=\u00bbfont_family:Montserrat%3Aregular%2C700|font_style:700%20bold%20regular%3A700%3Anormal\u00bb use_custom_heading=\u00bbtrue\u00bb]<b>S\u00ed.<\/b><span style=\"font-weight: 400;\"> La estructura del Steel Frame resiste a las vibraciones producidas por contextos urbanos cotidianos o situaciones clim\u00e1ticas de emergencia.<\/span>[\/vc_toggle][vc_toggle title=\u00bb\u00bfEs verdad que es m\u00e1s f\u00e1cil hacer refacciones?\u00bb custom_font_container=\u00bbtag:h4|text_align:left\u00bb custom_google_fonts=\u00bbfont_family:Montserrat%3Aregular%2C700|font_style:700%20bold%20regular%3A700%3Anormal\u00bb use_custom_heading=\u00bbtrue\u00bb]<b>S\u00ed, es verdad.<\/b><span style=\"font-weight: 400;\"> El Steel Frame permite hacer arreglos localizados, \u00e1giles y sin grandes contratiempos.<\/span>[\/vc_toggle][vc_toggle title=\u00bb\u00bfEs m\u00e1s limpia la obra?\u00bb custom_font_container=\u00bbtag:h4|text_align:left\u00bb custom_google_fonts=\u00bbfont_family:Montserrat%3Aregular%2C700|font_style:700%20bold%20regular%3A700%3Anormal\u00bb use_custom_heading=\u00bbtrue\u00bb]<b>S\u00ed. Al no generar escombros, resulta absolutamente m\u00e1s limpia y organizada que otros sistemas.<\/b><span style=\"font-weight: 400;\"> Garantizado.<\/span>[\/vc_toggle][vc_toggle title=\u00bb\u00bfTengo que prever otros costos adem\u00e1s del que corresponde al presupuesto?\u00bb custom_font_container=\u00bbtag:h4|text_align:left\u00bb custom_google_fonts=\u00bbfont_family:Montserrat%3Aregular%2C700|font_style:700%20bold%20regular%3A700%3Anormal\u00bb use_custom_heading=\u00bbtrue\u00bb]<span style=\"font-weight: 400;\">El Steel Frame ofrece <\/span><b>previsibilidad de costos<\/b><span style=\"font-weight: 400;\">. Si bien puede haber contratiempos, o incluso modificaciones del Proyecto a las que podemos adaptarnos, es un sistema que<\/span><b> permite calcular los costos reales del proyecto<\/b><span style=\"font-weight: 400;\">.<\/span>[\/vc_toggle][vc_empty_space height=\u00bb30px\u00bb]\n    <a class=\"btn btn-fx btn-line-black \" href=\"http:\/\/ciaravino.com.ar\/arena\/contacto\/\" target=\"_self\">Quiero mi presupuesto<\/a>  \t\n[vc_empty_space height=\u00bb30px\u00bb][\/vc_column][vc_column width=\u00bb1\/3&#8243;][vc_single_image image=\u00bb1436&#8243; img_size=\u00bbfull\u00bb][vc_empty_space height=\u00bb30px\u00bb][vc_single_image image=\u00bb1854&#8243; img_size=\u00bbfull\u00bb][\/vc_column][\/vc_row]<\/p>\n","protected":false},"excerpt":{"rendered":"<p>[vc_row][vc_column width=\u00bb2\/3&#8243;][vc_column_text] \u00bfQue es el Steel Frame? [\/vc_column_text][vc_empty_space height=\u00bb30px\u00bb][vc_column_text]Es un sistema constructivo avalado por el Estado argentino como \u201csistema tradicional\u201d. Es una alternativa innovadora a la construcci\u00f3n h\u00fameda, el conocido modelo de ladrillos y cemento. El gran logro del Steel Frame es haber conseguido brindar una soluci\u00f3n contundente a muchos de los inconvenientes que presentaba [&hellip;]<\/p>\n","protected":false},"author":2,"featured_media":0,"parent":0,"menu_order":0,"comment_status":"closed","ping_status":"closed","template":"page-templates\/template-fullwidth.php","meta":{"_joinchat":[],"footnotes":""},"class_list":["post-1205","page","type-page","status-publish","hentry"],"yoast_head":"<!-- This site is optimized with the Yoast SEO plugin v27.3 - https:\/\/yoast.com\/product\/yoast-seo-wordpress\/ -->\n<title>Qu\u00e9 es el Steel Frame | Construcci\u00f3n en Seco Buenos Aires<\/title>\n<meta name=\"description\" content=\"El sistema de construcci\u00f3n en seco Steel Frame permite realizar obras en tiempo r\u00e9cord, de forma eficiente y segura. \u00a1Descubr\u00ed sus ventajas!\" \/>\n<meta name=\"robots\" content=\"index, follow, max-snippet:-1, max-image-preview:large, max-video-preview:-1\" \/>\n<link rel=\"canonical\" href=\"https:\/\/ciaravino.com.ar\/arena\/que-es-steel-frame\/\" \/>\n<meta property=\"og:locale\" content=\"es_ES\" \/>\n<meta property=\"og:type\" content=\"article\" \/>\n<meta property=\"og:title\" content=\"Qu\u00e9 es el Steel Frame | Construcci\u00f3n en Seco Buenos Aires\" \/>\n<meta property=\"og:description\" content=\"El sistema de construcci\u00f3n en seco Steel Frame permite realizar obras en tiempo r\u00e9cord, de forma eficiente y segura. \u00a1Descubr\u00ed sus ventajas!\" \/>\n<meta property=\"og:url\" content=\"https:\/\/ciaravino.com.ar\/arena\/que-es-steel-frame\/\" \/>\n<meta property=\"og:site_name\" content=\"Arena Constructores\" \/>\n<meta property=\"article:publisher\" content=\"https:\/\/www.facebook.com\/arenaconstructores\/\" \/>\n<meta property=\"article:modified_time\" content=\"2025-01-08T14:41:51+00:00\" \/>\n<meta name=\"twitter:card\" content=\"summary_large_image\" \/>\n<meta name=\"twitter:label1\" content=\"Tiempo de lectura\" \/>\n\t<meta name=\"twitter:data1\" content=\"4 minutos\" \/>\n<script type=\"application\/ld+json\" class=\"yoast-schema-graph\">{\"@context\":\"https:\\\/\\\/schema.org\",\"@graph\":[{\"@type\":\"WebPage\",\"@id\":\"https:\\\/\\\/ciaravino.com.ar\\\/arena\\\/que-es-steel-frame\\\/\",\"url\":\"https:\\\/\\\/ciaravino.com.ar\\\/arena\\\/que-es-steel-frame\\\/\",\"name\":\"Qu\u00e9 es el Steel Frame | Construcci\u00f3n en Seco Buenos Aires\",\"isPartOf\":{\"@id\":\"http:\\\/\\\/ciaravino.com.ar\\\/arena\\\/#website\"},\"datePublished\":\"2022-09-22T16:16:22+00:00\",\"dateModified\":\"2025-01-08T14:41:51+00:00\",\"description\":\"El sistema de construcci\u00f3n en seco Steel Frame permite realizar obras en tiempo r\u00e9cord, de forma eficiente y segura. \u00a1Descubr\u00ed sus ventajas!\",\"breadcrumb\":{\"@id\":\"https:\\\/\\\/ciaravino.com.ar\\\/arena\\\/que-es-steel-frame\\\/#breadcrumb\"},\"inLanguage\":\"es\",\"potentialAction\":[{\"@type\":\"ReadAction\",\"target\":[\"https:\\\/\\\/ciaravino.com.ar\\\/arena\\\/que-es-steel-frame\\\/\"]}]},{\"@type\":\"BreadcrumbList\",\"@id\":\"https:\\\/\\\/ciaravino.com.ar\\\/arena\\\/que-es-steel-frame\\\/#breadcrumb\",\"itemListElement\":[{\"@type\":\"ListItem\",\"position\":1,\"name\":\"Portada\",\"item\":\"http:\\\/\\\/ciaravino.com.ar\\\/arena\\\/\"},{\"@type\":\"ListItem\",\"position\":2,\"name\":\"Sobre el Steel Frame\"}]},{\"@type\":\"WebSite\",\"@id\":\"http:\\\/\\\/ciaravino.com.ar\\\/arena\\\/#website\",\"url\":\"http:\\\/\\\/ciaravino.com.ar\\\/arena\\\/\",\"name\":\"Arena Constructores\",\"description\":\"Construcci\u00f3n, ampliaci\u00f3n y remodelaci\u00f3n de viviendas\",\"publisher\":{\"@id\":\"http:\\\/\\\/ciaravino.com.ar\\\/arena\\\/#organization\"},\"potentialAction\":[{\"@type\":\"SearchAction\",\"target\":{\"@type\":\"EntryPoint\",\"urlTemplate\":\"http:\\\/\\\/ciaravino.com.ar\\\/arena\\\/?s={search_term_string}\"},\"query-input\":{\"@type\":\"PropertyValueSpecification\",\"valueRequired\":true,\"valueName\":\"search_term_string\"}}],\"inLanguage\":\"es\"},{\"@type\":\"Organization\",\"@id\":\"http:\\\/\\\/ciaravino.com.ar\\\/arena\\\/#organization\",\"name\":\"Arena Constructores\",\"url\":\"http:\\\/\\\/ciaravino.com.ar\\\/arena\\\/\",\"logo\":{\"@type\":\"ImageObject\",\"inLanguage\":\"es\",\"@id\":\"http:\\\/\\\/ciaravino.com.ar\\\/arena\\\/#\\\/schema\\\/logo\\\/image\\\/\",\"url\":\"https:\\\/\\\/ciaravino.com.ar\\\/arena\\\/wp-content\\\/uploads\\\/2024\\\/01\\\/Logo-Constructores-e1706057458878.png\",\"contentUrl\":\"https:\\\/\\\/ciaravino.com.ar\\\/arena\\\/wp-content\\\/uploads\\\/2024\\\/01\\\/Logo-Constructores-e1706057458878.png\",\"width\":1599,\"height\":612,\"caption\":\"Arena Constructores\"},\"image\":{\"@id\":\"http:\\\/\\\/ciaravino.com.ar\\\/arena\\\/#\\\/schema\\\/logo\\\/image\\\/\"},\"sameAs\":[\"https:\\\/\\\/www.facebook.com\\\/arenaconstructores\\\/\",\"https:\\\/\\\/www.instagram.com\\\/arenaconstructores\"]}]}<\/script>\n<!-- \/ Yoast SEO plugin. -->","yoast_head_json":{"title":"Qu\u00e9 es el Steel Frame | Construcci\u00f3n en Seco Buenos Aires","description":"El sistema de construcci\u00f3n en seco Steel Frame permite realizar obras en tiempo r\u00e9cord, de forma eficiente y segura. \u00a1Descubr\u00ed sus ventajas!","robots":{"index":"index","follow":"follow","max-snippet":"max-snippet:-1","max-image-preview":"max-image-preview:large","max-video-preview":"max-video-preview:-1"},"canonical":"https:\/\/ciaravino.com.ar\/arena\/que-es-steel-frame\/","og_locale":"es_ES","og_type":"article","og_title":"Qu\u00e9 es el Steel Frame | Construcci\u00f3n en Seco Buenos Aires","og_description":"El sistema de construcci\u00f3n en seco Steel Frame permite realizar obras en tiempo r\u00e9cord, de forma eficiente y segura. \u00a1Descubr\u00ed sus ventajas!","og_url":"https:\/\/ciaravino.com.ar\/arena\/que-es-steel-frame\/","og_site_name":"Arena Constructores","article_publisher":"https:\/\/www.facebook.com\/arenaconstructores\/","article_modified_time":"2025-01-08T14:41:51+00:00","twitter_card":"summary_large_image","twitter_misc":{"Tiempo de lectura":"4 minutos"},"schema":{"@context":"https:\/\/schema.org","@graph":[{"@type":"WebPage","@id":"https:\/\/ciaravino.com.ar\/arena\/que-es-steel-frame\/","url":"https:\/\/ciaravino.com.ar\/arena\/que-es-steel-frame\/","name":"Qu\u00e9 es el Steel Frame | Construcci\u00f3n en Seco Buenos Aires","isPartOf":{"@id":"http:\/\/ciaravino.com.ar\/arena\/#website"},"datePublished":"2022-09-22T16:16:22+00:00","dateModified":"2025-01-08T14:41:51+00:00","description":"El sistema de construcci\u00f3n en seco Steel Frame permite realizar obras en tiempo r\u00e9cord, de forma eficiente y segura. \u00a1Descubr\u00ed sus ventajas!","breadcrumb":{"@id":"https:\/\/ciaravino.com.ar\/arena\/que-es-steel-frame\/#breadcrumb"},"inLanguage":"es","potentialAction":[{"@type":"ReadAction","target":["https:\/\/ciaravino.com.ar\/arena\/que-es-steel-frame\/"]}]},{"@type":"BreadcrumbList","@id":"https:\/\/ciaravino.com.ar\/arena\/que-es-steel-frame\/#breadcrumb","itemListElement":[{"@type":"ListItem","position":1,"name":"Portada","item":"http:\/\/ciaravino.com.ar\/arena\/"},{"@type":"ListItem","position":2,"name":"Sobre el Steel Frame"}]},{"@type":"WebSite","@id":"http:\/\/ciaravino.com.ar\/arena\/#website","url":"http:\/\/ciaravino.com.ar\/arena\/","name":"Arena Constructores","description":"Construcci\u00f3n, ampliaci\u00f3n y remodelaci\u00f3n de viviendas","publisher":{"@id":"http:\/\/ciaravino.com.ar\/arena\/#organization"},"potentialAction":[{"@type":"SearchAction","target":{"@type":"EntryPoint","urlTemplate":"http:\/\/ciaravino.com.ar\/arena\/?s={search_term_string}"},"query-input":{"@type":"PropertyValueSpecification","valueRequired":true,"valueName":"search_term_string"}}],"inLanguage":"es"},{"@type":"Organization","@id":"http:\/\/ciaravino.com.ar\/arena\/#organization","name":"Arena Constructores","url":"http:\/\/ciaravino.com.ar\/arena\/","logo":{"@type":"ImageObject","inLanguage":"es","@id":"http:\/\/ciaravino.com.ar\/arena\/#\/schema\/logo\/image\/","url":"https:\/\/ciaravino.com.ar\/arena\/wp-content\/uploads\/2024\/01\/Logo-Constructores-e1706057458878.png","contentUrl":"https:\/\/ciaravino.com.ar\/arena\/wp-content\/uploads\/2024\/01\/Logo-Constructores-e1706057458878.png","width":1599,"height":612,"caption":"Arena Constructores"},"image":{"@id":"http:\/\/ciaravino.com.ar\/arena\/#\/schema\/logo\/image\/"},"sameAs":["https:\/\/www.facebook.com\/arenaconstructores\/","https:\/\/www.instagram.com\/arenaconstructores"]}]}},"_links":{"self":[{"href":"https:\/\/ciaravino.com.ar\/arena\/wp-json\/wp\/v2\/pages\/1205","targetHints":{"allow":["GET"]}}],"collection":[{"href":"https:\/\/ciaravino.com.ar\/arena\/wp-json\/wp\/v2\/pages"}],"about":[{"href":"https:\/\/ciaravino.com.ar\/arena\/wp-json\/wp\/v2\/types\/page"}],"author":[{"embeddable":true,"href":"https:\/\/ciaravino.com.ar\/arena\/wp-json\/wp\/v2\/users\/2"}],"replies":[{"embeddable":true,"href":"https:\/\/ciaravino.com.ar\/arena\/wp-json\/wp\/v2\/comments?post=1205"}],"version-history":[{"count":119,"href":"https:\/\/ciaravino.com.ar\/arena\/wp-json\/wp\/v2\/pages\/1205\/revisions"}],"predecessor-version":[{"id":2052,"href":"https:\/\/ciaravino.com.ar\/arena\/wp-json\/wp\/v2\/pages\/1205\/revisions\/2052"}],"wp:attachment":[{"href":"https:\/\/ciaravino.com.ar\/arena\/wp-json\/wp\/v2\/media?parent=1205"}],"curies":[{"name":"wp","href":"https:\/\/api.w.org\/{rel}","templated":true}]}}