{"id":77,"date":"2016-12-05T04:56:01","date_gmt":"2016-12-05T04:56:01","guid":{"rendered":"http:\/\/localhost\/buildpro\/?page_id=77"},"modified":"2025-01-07T23:25:15","modified_gmt":"2025-01-08T02:25:15","slug":"hagamos-tu-presupuesto","status":"publish","type":"page","link":"https:\/\/ciaravino.com.ar\/arena\/hagamos-tu-presupuesto\/","title":{"rendered":"Hagamos tu Presupuesto"},"content":{"rendered":"<p>[vc_row el_class=\u00bbbg-color\u00bb css=\u00bb.vc_custom_1481537983380{padding-top: 20px !important;padding-bottom: 20px !important;}\u00bb][vc_column]\n\t<div class=\"row call-to-action \">\n\t\t<div class=\"col-md-8\">\n\t        <h3 class=\"mt10\">Construimos, ampliamos y remodelamos para vos<\/h3>\n\t    <\/div>\n\t    <div class=\"col-md-4 text-right\">\n\t    \t<a class=\"btn btn-line-black btn-fx\" href=\"http:\/\/ciaravino.com.ar\/arena\/la-empresa\/\" target=\"_self\">\u00bfPor d\u00f3nde vas a empezar?<\/a>\t    <\/div>\n    <\/div>\n\n[\/vc_column][\/vc_row][vc_row][vc_column][vc_column_text]<\/p>\n<h1 style=\"text-align: center;\"><span style=\"color: #000000;\">\u00a1Queremos ser tu equipo!<\/span><\/h1>\n<p style=\"text-align: center;\">Contanos tu proyecto &#x1f91d; Hagamos tu presupuesto<\/p>\n<p>[\/vc_column_text][vc_empty_space height=\u00bb22px\u00bb][vc_column_text]<\/p>\n<h4><span style=\"font-weight: 400;\"><a href=\"https:\/\/ciaravino.com.ar\/arena\/la-empresa\/\"><strong>Arena Constructores<\/strong><\/a> est\u00e1 formado por un equipo de profesionales de la construcci\u00f3n en seco que entiende que construir, ampliar y refaccionar espacios es m\u00e1s que s\u00f3lo un proyecto constructivo, es el sue\u00f1o de muchas personas. Como empresa familiar, queremos acompa\u00f1arte en cada paso del camino. De la idea a la llave, sabemos que podemos dar vida a un lugar que refleje qui\u00e9n sos y qui\u00e9n pod\u00e9s ser.<\/span><\/h4>\n<h2><\/h2>\n<h2><span style=\"font-weight: 400;\">&#x1f4a1; <\/span><b>\u00bfPor qu\u00e9 elegirnos?<\/b><b><br \/>\n<\/b><\/h2>\n<p><span style=\"font-weight: 400;\">Sabemos que los espacios transforman vidas. Tu misi\u00f3n es so\u00f1ar cada detalle de tus espacios con tu estilo. El nuestro, darle forma y construirlo para que te refleje y mejore tu calidad de vida. Usamos el innovador <a href=\"https:\/\/ciaravino.com.ar\/arena\/steel_frame\/\">sistema de Steel Frame<\/a>, combinando rapidez, eficiencia y sustentabilidad.\u00a0<\/span><\/p>\n<h2><\/h2>\n<h2><span style=\"font-weight: 400;\">&#x1f3e1; <\/span><b>De la idea a la llave<\/b><b><br \/>\n<\/b><\/h2>\n<p><span style=\"font-weight: 400;\">Cada persona que llega a nosotros trae su propia visi\u00f3n. Nos interesa escucharte y crear con vos un proyecto que se adapte a tus necesidades. Aseguramos claridad, compromiso y calidad en cada etapa. Queremos estar con vos en cada paso, desde el proceso hasta darte la llave para que vivas, habites y expandas tus horizontes en el espacio que construimos juntos.<\/span><\/p>\n<h2><\/h2>\n<h2><span style=\"font-weight: 400;\">&#x2728; <\/span><b>El momento es ahora<\/b><b><br \/>\n<\/b><\/h2>\n<p><span style=\"font-weight: 400;\">\u00bfSab\u00edas que tomar decisiones con seguridad es el primer paso hacia el \u00e9xito? Para eso necesit\u00e1s de<a href=\"https:\/\/www.google.com\/search?q=arena+constructores&amp;oq=arena+constru&amp;gs_lcrp=EgZjaHJvbWUqDAgAECMYJxiABBiKBTIMCAAQIxgnGIAEGIoFMhAIARAuGK8BGMcBGIAEGI4FMgYIAhBFGDkyBwgDEAAYgAQyBwgEEAAYgAQyBggFEEUYPDIGCAYQRRg8MgYIBxBFGDzSAQg0ODU3ajBqOagCALACAQ&amp;sourceid=chrome&amp;ie=UTF-8#lrd=0x18ef86f3fab97d7:0x60b82961af9f105e,1,,,,\"> un equipo que te acompa\u00f1e<\/a> paso a paso en cada decisi\u00f3n, que se adapte a tus deseos, que aporte lo mejor de su conocimiento para enriquecer al proyecto y que entienda el valor de tu inversi\u00f3n, por lo que la cuide tanto como vos.<\/span><\/p>\n<h2><\/h2>\n<h2><span style=\"font-weight: 400;\">&#x1f4ac; <\/span><b>Hagamos tu presupuesto<\/b><\/h2>\n<p><b>\u00a1<\/b><span style=\"font-weight: 400;\">Comencemos a conversar! Nuestros presupuestos son sin cargo, flexibles, se adaptan a lo que necesit\u00e1s y en todo momento vas a poder convenir con nosotros c\u00f3mo llevar adelante el proceso. Nuestra misi\u00f3n es acercarte a ese espacio que tanto so\u00f1\u00e1s.<\/span><\/p>\n<p><span style=\"font-weight: 400;\">Sabemos que podemos ayudarte. \u00a1Cont\u00e1 con nosotros!<\/span>[\/vc_column_text][\/vc_column][\/vc_row][vc_row el_class=\u00bbsin-botom\u00bb css=\u00bb.vc_custom_1701192487827{background-color: #ac945c !important;}\u00bb][vc_column][vc_raw_html]JTNDaWZyYW1lJTIwc3JjJTNEJTIyaHR0cHMlM0ElMkYlMkZkb2NzLmdvb2dsZS5jb20lMkZmb3JtcyUyRmQlMkZlJTJGMUZBSXBRTFNkTHRiYlFfOHlOOGVmYkpiZi1kVnlZamxyalFZM3JiWnZmMUJIV1J2ZEhCYUpqRmclMkZ2aWV3Zm9ybSUzRmVtYmVkZGVkJTNEdHJ1ZSUyMiUyMHdpZHRoJTNEJTIyMTAwJTI1JTIyJTIwaGVpZ2h0JTNEJTIyMjgwMCUyMiUyMGZyYW1lYm9yZGVyJTNEJTIyMCUyMiUyMG1hcmdpbmhlaWdodCUzRCUyMjAlMjIlMjBtYXJnaW53aWR0aCUzRCUyMjAlMjIlM0VDYXJnYW5kbyVFMiU4MCVBNiUzQyUyRmlmcmFtZSUzRQ==[\/vc_raw_html][\/vc_column][\/vc_row]<\/p>\n","protected":false},"excerpt":{"rendered":"<p>[vc_row el_class=\u00bbbg-color\u00bb css=\u00bb.vc_custom_1481537983380{padding-top: 20px !important;padding-bottom: 20px !important;}\u00bb][vc_column][\/vc_column][\/vc_row][vc_row][vc_column][vc_column_text] \u00a1Queremos ser tu equipo! Contanos tu proyecto &#x1f91d; Hagamos tu presupuesto [\/vc_column_text][vc_empty_space height=\u00bb22px\u00bb][vc_column_text] Arena Constructores est\u00e1 formado por un equipo de profesionales de la construcci\u00f3n en seco que entiende que construir, ampliar y refaccionar espacios es m\u00e1s que s\u00f3lo un proyecto constructivo, es el sue\u00f1o de muchas personas. [&hellip;]<\/p>\n","protected":false},"author":2,"featured_media":0,"parent":0,"menu_order":0,"comment_status":"closed","ping_status":"closed","template":"page-templates\/template-fullwidth.php","meta":{"_joinchat":[],"footnotes":""},"class_list":["post-77","page","type-page","status-publish","hentry"],"yoast_head":"<!-- This site is optimized with the Yoast SEO plugin v27.3 - https:\/\/yoast.com\/product\/yoast-seo-wordpress\/ -->\n<title>Hagamos tu Presupuesto<\/title>\n<meta name=\"description\" content=\"Hagamos tu presupuesto, adaptado a tus necesidades, de obras hechas en Steel Frame, el sistema de construcci\u00f3n en seco eficiente y r\u00e1pido\" \/>\n<meta name=\"robots\" content=\"index, follow, max-snippet:-1, max-image-preview:large, max-video-preview:-1\" \/>\n<link rel=\"canonical\" href=\"https:\/\/ciaravino.com.ar\/arena\/hagamos-tu-presupuesto\/\" \/>\n<meta property=\"og:locale\" content=\"es_ES\" \/>\n<meta property=\"og:type\" content=\"article\" \/>\n<meta property=\"og:title\" content=\"Hagamos tu Presupuesto\" \/>\n<meta property=\"og:description\" content=\"Hagamos tu presupuesto, adaptado a tus necesidades, de obras hechas en Steel Frame, el sistema de construcci\u00f3n en seco eficiente y r\u00e1pido\" \/>\n<meta property=\"og:url\" content=\"https:\/\/ciaravino.com.ar\/arena\/hagamos-tu-presupuesto\/\" \/>\n<meta property=\"og:site_name\" content=\"Arena Constructores\" \/>\n<meta property=\"article:publisher\" content=\"https:\/\/www.facebook.com\/arenaconstructores\/\" \/>\n<meta property=\"article:modified_time\" content=\"2025-01-08T02:25:15+00:00\" \/>\n<meta name=\"twitter:card\" content=\"summary_large_image\" \/>\n<meta name=\"twitter:label1\" content=\"Tiempo de lectura\" \/>\n\t<meta name=\"twitter:data1\" content=\"2 minutos\" \/>\n<script type=\"application\/ld+json\" class=\"yoast-schema-graph\">{\"@context\":\"https:\\\/\\\/schema.org\",\"@graph\":[{\"@type\":\"WebPage\",\"@id\":\"https:\\\/\\\/ciaravino.com.ar\\\/arena\\\/hagamos-tu-presupuesto\\\/\",\"url\":\"https:\\\/\\\/ciaravino.com.ar\\\/arena\\\/hagamos-tu-presupuesto\\\/\",\"name\":\"Hagamos tu Presupuesto\",\"isPartOf\":{\"@id\":\"http:\\\/\\\/ciaravino.com.ar\\\/arena\\\/#website\"},\"datePublished\":\"2016-12-05T04:56:01+00:00\",\"dateModified\":\"2025-01-08T02:25:15+00:00\",\"description\":\"Hagamos tu presupuesto, adaptado a tus necesidades, de obras hechas en Steel Frame, el sistema de construcci\u00f3n en seco eficiente y r\u00e1pido\",\"breadcrumb\":{\"@id\":\"https:\\\/\\\/ciaravino.com.ar\\\/arena\\\/hagamos-tu-presupuesto\\\/#breadcrumb\"},\"inLanguage\":\"es\",\"potentialAction\":[{\"@type\":\"ReadAction\",\"target\":[\"https:\\\/\\\/ciaravino.com.ar\\\/arena\\\/hagamos-tu-presupuesto\\\/\"]}]},{\"@type\":\"BreadcrumbList\",\"@id\":\"https:\\\/\\\/ciaravino.com.ar\\\/arena\\\/hagamos-tu-presupuesto\\\/#breadcrumb\",\"itemListElement\":[{\"@type\":\"ListItem\",\"position\":1,\"name\":\"Portada\",\"item\":\"http:\\\/\\\/ciaravino.com.ar\\\/arena\\\/\"},{\"@type\":\"ListItem\",\"position\":2,\"name\":\"Hagamos tu Presupuesto\"}]},{\"@type\":\"WebSite\",\"@id\":\"http:\\\/\\\/ciaravino.com.ar\\\/arena\\\/#website\",\"url\":\"http:\\\/\\\/ciaravino.com.ar\\\/arena\\\/\",\"name\":\"Arena Constructores\",\"description\":\"Construcci\u00f3n, ampliaci\u00f3n y remodelaci\u00f3n de viviendas\",\"publisher\":{\"@id\":\"http:\\\/\\\/ciaravino.com.ar\\\/arena\\\/#organization\"},\"potentialAction\":[{\"@type\":\"SearchAction\",\"target\":{\"@type\":\"EntryPoint\",\"urlTemplate\":\"http:\\\/\\\/ciaravino.com.ar\\\/arena\\\/?s={search_term_string}\"},\"query-input\":{\"@type\":\"PropertyValueSpecification\",\"valueRequired\":true,\"valueName\":\"search_term_string\"}}],\"inLanguage\":\"es\"},{\"@type\":\"Organization\",\"@id\":\"http:\\\/\\\/ciaravino.com.ar\\\/arena\\\/#organization\",\"name\":\"Arena Constructores\",\"url\":\"http:\\\/\\\/ciaravino.com.ar\\\/arena\\\/\",\"logo\":{\"@type\":\"ImageObject\",\"inLanguage\":\"es\",\"@id\":\"http:\\\/\\\/ciaravino.com.ar\\\/arena\\\/#\\\/schema\\\/logo\\\/image\\\/\",\"url\":\"https:\\\/\\\/ciaravino.com.ar\\\/arena\\\/wp-content\\\/uploads\\\/2024\\\/01\\\/Logo-Constructores-e1706057458878.png\",\"contentUrl\":\"https:\\\/\\\/ciaravino.com.ar\\\/arena\\\/wp-content\\\/uploads\\\/2024\\\/01\\\/Logo-Constructores-e1706057458878.png\",\"width\":1599,\"height\":612,\"caption\":\"Arena Constructores\"},\"image\":{\"@id\":\"http:\\\/\\\/ciaravino.com.ar\\\/arena\\\/#\\\/schema\\\/logo\\\/image\\\/\"},\"sameAs\":[\"https:\\\/\\\/www.facebook.com\\\/arenaconstructores\\\/\",\"https:\\\/\\\/www.instagram.com\\\/arenaconstructores\"]}]}<\/script>\n<!-- \/ Yoast SEO plugin. -->","yoast_head_json":{"title":"Hagamos tu Presupuesto","description":"Hagamos tu presupuesto, adaptado a tus necesidades, de obras hechas en Steel Frame, el sistema de construcci\u00f3n en seco eficiente y r\u00e1pido","robots":{"index":"index","follow":"follow","max-snippet":"max-snippet:-1","max-image-preview":"max-image-preview:large","max-video-preview":"max-video-preview:-1"},"canonical":"https:\/\/ciaravino.com.ar\/arena\/hagamos-tu-presupuesto\/","og_locale":"es_ES","og_type":"article","og_title":"Hagamos tu Presupuesto","og_description":"Hagamos tu presupuesto, adaptado a tus necesidades, de obras hechas en Steel Frame, el sistema de construcci\u00f3n en seco eficiente y r\u00e1pido","og_url":"https:\/\/ciaravino.com.ar\/arena\/hagamos-tu-presupuesto\/","og_site_name":"Arena Constructores","article_publisher":"https:\/\/www.facebook.com\/arenaconstructores\/","article_modified_time":"2025-01-08T02:25:15+00:00","twitter_card":"summary_large_image","twitter_misc":{"Tiempo de lectura":"2 minutos"},"schema":{"@context":"https:\/\/schema.org","@graph":[{"@type":"WebPage","@id":"https:\/\/ciaravino.com.ar\/arena\/hagamos-tu-presupuesto\/","url":"https:\/\/ciaravino.com.ar\/arena\/hagamos-tu-presupuesto\/","name":"Hagamos tu Presupuesto","isPartOf":{"@id":"http:\/\/ciaravino.com.ar\/arena\/#website"},"datePublished":"2016-12-05T04:56:01+00:00","dateModified":"2025-01-08T02:25:15+00:00","description":"Hagamos tu presupuesto, adaptado a tus necesidades, de obras hechas en Steel Frame, el sistema de construcci\u00f3n en seco eficiente y r\u00e1pido","breadcrumb":{"@id":"https:\/\/ciaravino.com.ar\/arena\/hagamos-tu-presupuesto\/#breadcrumb"},"inLanguage":"es","potentialAction":[{"@type":"ReadAction","target":["https:\/\/ciaravino.com.ar\/arena\/hagamos-tu-presupuesto\/"]}]},{"@type":"BreadcrumbList","@id":"https:\/\/ciaravino.com.ar\/arena\/hagamos-tu-presupuesto\/#breadcrumb","itemListElement":[{"@type":"ListItem","position":1,"name":"Portada","item":"http:\/\/ciaravino.com.ar\/arena\/"},{"@type":"ListItem","position":2,"name":"Hagamos tu Presupuesto"}]},{"@type":"WebSite","@id":"http:\/\/ciaravino.com.ar\/arena\/#website","url":"http:\/\/ciaravino.com.ar\/arena\/","name":"Arena Constructores","description":"Construcci\u00f3n, ampliaci\u00f3n y remodelaci\u00f3n de viviendas","publisher":{"@id":"http:\/\/ciaravino.com.ar\/arena\/#organization"},"potentialAction":[{"@type":"SearchAction","target":{"@type":"EntryPoint","urlTemplate":"http:\/\/ciaravino.com.ar\/arena\/?s={search_term_string}"},"query-input":{"@type":"PropertyValueSpecification","valueRequired":true,"valueName":"search_term_string"}}],"inLanguage":"es"},{"@type":"Organization","@id":"http:\/\/ciaravino.com.ar\/arena\/#organization","name":"Arena Constructores","url":"http:\/\/ciaravino.com.ar\/arena\/","logo":{"@type":"ImageObject","inLanguage":"es","@id":"http:\/\/ciaravino.com.ar\/arena\/#\/schema\/logo\/image\/","url":"https:\/\/ciaravino.com.ar\/arena\/wp-content\/uploads\/2024\/01\/Logo-Constructores-e1706057458878.png","contentUrl":"https:\/\/ciaravino.com.ar\/arena\/wp-content\/uploads\/2024\/01\/Logo-Constructores-e1706057458878.png","width":1599,"height":612,"caption":"Arena Constructores"},"image":{"@id":"http:\/\/ciaravino.com.ar\/arena\/#\/schema\/logo\/image\/"},"sameAs":["https:\/\/www.facebook.com\/arenaconstructores\/","https:\/\/www.instagram.com\/arenaconstructores"]}]}},"_links":{"self":[{"href":"https:\/\/ciaravino.com.ar\/arena\/wp-json\/wp\/v2\/pages\/77","targetHints":{"allow":["GET"]}}],"collection":[{"href":"https:\/\/ciaravino.com.ar\/arena\/wp-json\/wp\/v2\/pages"}],"about":[{"href":"https:\/\/ciaravino.com.ar\/arena\/wp-json\/wp\/v2\/types\/page"}],"author":[{"embeddable":true,"href":"https:\/\/ciaravino.com.ar\/arena\/wp-json\/wp\/v2\/users\/2"}],"replies":[{"embeddable":true,"href":"https:\/\/ciaravino.com.ar\/arena\/wp-json\/wp\/v2\/comments?post=77"}],"version-history":[{"count":37,"href":"https:\/\/ciaravino.com.ar\/arena\/wp-json\/wp\/v2\/pages\/77\/revisions"}],"predecessor-version":[{"id":1688,"href":"https:\/\/ciaravino.com.ar\/arena\/wp-json\/wp\/v2\/pages\/77\/revisions\/1688"}],"wp:attachment":[{"href":"https:\/\/ciaravino.com.ar\/arena\/wp-json\/wp\/v2\/media?parent=77"}],"curies":[{"name":"wp","href":"https:\/\/api.w.org\/{rel}","templated":true}]}}