{"id":3399,"date":"2024-06-17T21:17:05","date_gmt":"2024-06-18T00:17:05","guid":{"rendered":"https:\/\/ciaravino.com.ar\/siben\/?page_id=3399"},"modified":"2024-07-04T10:54:19","modified_gmt":"2024-07-04T13:54:19","slug":"home-siben","status":"publish","type":"page","link":"https:\/\/ciaravino.com.ar\/siben\/","title":{"rendered":"Home Siben"},"content":{"rendered":"\t\t<div data-elementor-type=\"wp-post\" data-elementor-id=\"3399\" class=\"elementor elementor-3399\">\n\t\t\t\t\t\t<section class=\"elementor-section elementor-top-section elementor-element elementor-element-641cd28 elementor-section-full_width elementor-section-height-default elementor-section-height-default\" data-id=\"641cd28\" data-element_type=\"section\">\n\t\t\t\t\t\t<div class=\"elementor-container elementor-column-gap-no\">\n\t\t\t\t\t<div class=\"elementor-column elementor-col-100 elementor-top-column elementor-element elementor-element-5923205\" data-id=\"5923205\" data-element_type=\"column\">\n\t\t\t<div class=\"elementor-widget-wrap elementor-element-populated\">\n\t\t\t\t\t\t<div class=\"elementor-element elementor-element-13dcc93 height-900 elementor-widget elementor-widget-xs-slider\" data-id=\"13dcc93\" data-element_type=\"widget\" data-widget_type=\"xs-slider.default\">\n\t\t\t\t<div class=\"elementor-widget-container\">\n\t\t\t    <section class=\"xs-welcome-slider\">\n        <div class=\"xs-banner-slider owl-carousel\">\n                    \n\n            <div class=\"xs-welcome-content\" style=\"background-image: url(https:\/\/ciaravino.com.ar\/siben\/wp-content\/uploads\/2024\/06\/santo_domingo.jpg);\">\n                <div class=\"container\">\n                    <div class=\"xs-welcome-wraper color-white\">\n                                                                          <h2>XX Congreso Anual de SIBEN<\/h2>\n                                                                            <p class=\"xs-slider-description\">\n                                6, 7, 8 y 9 de Noviembre de 2024, Santo Domingo, Rep\u00fablica Dominicana                            <\/p>\n                                                <div class=\"xs-btn-wraper\">\n                                                            <a href=\"#\" target=\"_self\" class=\"btn btn-outline-primary\">VER INFORMACI\u00d3N<span><\/span><\/a>\n                                                                                <\/div>\n                    <\/div>\n                <\/div>\n                <div class=\"xs-black-overlay\"><\/div>\n            <\/div>\n                        \n\n            <div class=\"xs-welcome-content\" style=\"background-image: url(https:\/\/ciaravino.com.ar\/siben\/wp-content\/uploads\/2024\/06\/download.jpg);\">\n                <div class=\"container\">\n                    <div class=\"xs-welcome-wraper color-white\">\n                                                                          <h2>Aun no descargaste la  APP de SIBEN?<\/h2>\n                                                                        <div class=\"xs-btn-wraper\">\n                                                            <a href=\"https:\/\/siben.net\/app\/\" target=\"_blank\" class=\"btn btn-outline-primary\">DESCARGAR LA APP SIBEN<span><\/span><\/a>\n                                                                                <\/div>\n                    <\/div>\n                <\/div>\n                <div class=\"xs-black-overlay\"><\/div>\n            <\/div>\n                    <\/div>\n    <\/section>\n\t\t<\/div>\n\t\t\t\t<\/div>\n\t\t\t\t<section class=\"elementor-section elementor-inner-section elementor-element elementor-element-1f42c08 elementor-section-boxed elementor-section-height-default elementor-section-height-default\" data-id=\"1f42c08\" data-element_type=\"section\">\n\t\t\t\t\t\t<div class=\"elementor-container elementor-column-gap-default\">\n\t\t\t\t\t<div class=\"elementor-column elementor-col-33 elementor-inner-column elementor-element elementor-element-c380bf2\" data-id=\"c380bf2\" data-element_type=\"column\" data-settings=\"{&quot;background_background&quot;:&quot;classic&quot;}\">\n\t\t\t<div class=\"elementor-widget-wrap elementor-element-populated\">\n\t\t\t\t\t\t<div class=\"elementor-element elementor-element-94eb8d2 charitious-align-left elementor-widget elementor-widget-xs-featured-box\" data-id=\"94eb8d2\" data-element_type=\"widget\" data-widget_type=\"xs-featured-box.default\">\n\t\t\t\t<div class=\"elementor-widget-container\">\n\t\t\t\n\n                    <div class=\"xs-service-promo\">\n                                    <span class=\"icon-open-book\"><\/span>\n                                                    <h5>Educaci\u00f3n<\/h5>\n                                                    <p>Una oportunidad para estar actualizado y colaborar con nuestros miembros con el solo objetivo de mejorar el cuidado de los reci\u00e9n nacidos y sus familias.\n\n<\/p>\n                                                    <div class=\"xs-service-promo-overlay\"><\/div>\n                            <\/div>\n        \t\t\t<\/div>\n\t\t\t\t<\/div>\n\t\t\t\t\t<\/div>\n\t\t<\/div>\n\t\t\t\t<div class=\"elementor-column elementor-col-33 elementor-inner-column elementor-element elementor-element-e765bcd\" data-id=\"e765bcd\" data-element_type=\"column\" data-settings=\"{&quot;background_background&quot;:&quot;classic&quot;}\">\n\t\t\t<div class=\"elementor-widget-wrap elementor-element-populated\">\n\t\t\t\t\t\t<div class=\"elementor-element elementor-element-bb46893 charitious-align-left elementor-widget elementor-widget-xs-featured-box\" data-id=\"bb46893\" data-element_type=\"widget\" data-widget_type=\"xs-featured-box.default\">\n\t\t\t\t<div class=\"elementor-widget-container\">\n\t\t\t\n\n                    <div class=\"xs-service-promo\">\n                                    <span class=\"icon-care\"><\/span>\n                                                    <h5>Proyectos<\/h5>\n                                                    <p>Iniciativas que SIBEN ha ido implementando para el desarrollo y mejora de los resultados de los cuidados neonatales en la regi\u00f3n.\n<\/p>\n                                                    <div class=\"xs-service-promo-overlay\"><\/div>\n                            <\/div>\n        \t\t\t<\/div>\n\t\t\t\t<\/div>\n\t\t\t\t\t<\/div>\n\t\t<\/div>\n\t\t\t\t<div class=\"elementor-column elementor-col-33 elementor-inner-column elementor-element elementor-element-fa10714\" data-id=\"fa10714\" data-element_type=\"column\" data-settings=\"{&quot;background_background&quot;:&quot;classic&quot;}\">\n\t\t\t<div class=\"elementor-widget-wrap elementor-element-populated\">\n\t\t\t\t\t\t<div class=\"elementor-element elementor-element-a3300e3 elementor-widget elementor-widget-xs-featured-box\" data-id=\"a3300e3\" data-element_type=\"widget\" data-widget_type=\"xs-featured-box.default\">\n\t\t\t\t<div class=\"elementor-widget-container\">\n\t\t\t\n\n                    <div class=\"xs-service-promo\">\n                                    <span class=\"icon-heart2\"><\/span>\n                                                    <h5>Donar<\/h5>\n                                                    <p>Puedes ayudarnos a mejorar el cuidado neonatal, puedes cambiar el futuro de los reci\u00e9n nacidos de cuidado intensivo y sus familiares!<\/p>\n                                                    <div class=\"xs-service-promo-overlay\"><\/div>\n                            <\/div>\n        \t\t\t<\/div>\n\t\t\t\t<\/div>\n\t\t\t\t\t<\/div>\n\t\t<\/div>\n\t\t\t\t\t<\/div>\n\t\t<\/section>\n\t\t\t\t\t<\/div>\n\t\t<\/div>\n\t\t\t\t\t<\/div>\n\t\t<\/section>\n\t\t\t\t<section class=\"elementor-section elementor-top-section elementor-element elementor-element-a27fb68 elementor-section-full_width elementor-section-content-middle elementor-section-height-default elementor-section-height-default\" data-id=\"a27fb68\" data-element_type=\"section\" data-settings=\"{&quot;background_background&quot;:&quot;classic&quot;}\">\n\t\t\t\t\t\t<div class=\"elementor-container elementor-column-gap-default\">\n\t\t\t\t\t<div class=\"elementor-column elementor-col-100 elementor-top-column elementor-element elementor-element-4db3aa2\" data-id=\"4db3aa2\" data-element_type=\"column\">\n\t\t\t<div class=\"elementor-widget-wrap elementor-element-populated\">\n\t\t\t\t\t\t<div class=\"elementor-element elementor-element-7c579f9 elementor-align-center elementor-widget__width-inherit italic elementor-widget elementor-widget-xs-heading\" data-id=\"7c579f9\" data-element_type=\"widget\" data-widget_type=\"xs-heading.default\">\n\t\t\t\t<div class=\"elementor-widget-container\">\n\t\t\t<div class=\"xs-heading heading-v2 v4\">\n            <h2 class=\"xs-title\" data-title=\"\">Informaci\u00f3n y esperanza<\/h2>\n                    <p>Informaci\u00f3n y esperanza para el cuidado de la mujer embarazada y su beb\u00e9 durante la pandemia del COVID-19.\n<br>\n<span>Dr. Augusto Sola. Director General de SIBEN<\/span>\n\n\n<\/p>\n    <\/div>\t\t<\/div>\n\t\t\t\t<\/div>\n\t\t\t\t<div class=\"elementor-element elementor-element-897b041 elementor-align-center elementor-widget elementor-widget-xs-button\" data-id=\"897b041\" data-element_type=\"widget\" data-widget_type=\"xs-button.default\">\n\t\t\t\t<div class=\"elementor-widget-container\">\n\t\t\t        \n        <a href=\"https:\/\/www.youtube.com\/watch?v=7H1MH5OoHNU\" target=\"_blank\" class=\"xs-cp-btn btn btn-primary\">\n            <span class=\"badge\"><i class=\"\"><\/i><\/span> VER VIDEO        <\/a>\n\n        \t\t<\/div>\n\t\t\t\t<\/div>\n\t\t\t\t\t<\/div>\n\t\t<\/div>\n\t\t\t\t\t<\/div>\n\t\t<\/section>\n\t\t\t\t<section class=\"elementor-section elementor-top-section elementor-element elementor-element-542913e elementor-section-full_width elementor-section-content-top elementor-section-height-default elementor-section-height-default\" data-id=\"542913e\" data-element_type=\"section\" data-settings=\"{&quot;background_background&quot;:&quot;classic&quot;}\">\n\t\t\t\t\t\t<div class=\"elementor-container elementor-column-gap-no\">\n\t\t\t\t\t<div class=\"elementor-column elementor-col-100 elementor-top-column elementor-element elementor-element-6120763\" data-id=\"6120763\" data-element_type=\"column\">\n\t\t\t<div class=\"elementor-widget-wrap elementor-element-populated\">\n\t\t\t\t\t\t<section class=\"elementor-section elementor-inner-section elementor-element elementor-element-0750186 elementor-section-full_width elementor-section-height-default elementor-section-height-default\" data-id=\"0750186\" data-element_type=\"section\">\n\t\t\t\t\t\t<div class=\"elementor-container elementor-column-gap-default\">\n\t\t\t\t\t<div class=\"elementor-column elementor-col-50 elementor-inner-column elementor-element elementor-element-06b960c elementor-hidden-mobile\" data-id=\"06b960c\" data-element_type=\"column\" data-settings=\"{&quot;background_background&quot;:&quot;classic&quot;}\">\n\t\t\t<div class=\"elementor-widget-wrap\">\n\t\t\t\t\t\t\t<\/div>\n\t\t<\/div>\n\t\t\t\t<div class=\"elementor-column elementor-col-50 elementor-inner-column elementor-element elementor-element-ca4aa35\" data-id=\"ca4aa35\" data-element_type=\"column\">\n\t\t\t<div class=\"elementor-widget-wrap elementor-element-populated\">\n\t\t\t\t\t\t<div class=\"elementor-element elementor-element-65fcdac elementor-widget elementor-widget-xs-heading\" data-id=\"65fcdac\" data-element_type=\"widget\" data-widget_type=\"xs-heading.default\">\n\t\t\t\t<div class=\"elementor-widget-container\">\n\t\t\t<div class=\"xs-heading\">\n            <h2 class=\"xs-title\" data-title=\"\">Donar Ahora<\/h2>\n            <\/div>\t\t<\/div>\n\t\t\t\t<\/div>\n\t\t\t\t<div class=\"elementor-element elementor-element-cf5304a elementor-widget elementor-widget-text-editor\" data-id=\"cf5304a\" data-element_type=\"widget\" data-widget_type=\"text-editor.default\">\n\t\t\t\t<div class=\"elementor-widget-container\">\n\t\t\t\t\t\t\t<h2>Ayudanos a Ayudar<\/h2><p>Tu donaci\u00f3n deducible de impuestos proporcionar\u00e1 una mejor calidad de vida a los ni\u00f1os vulnerables de Latinoam\u00e9rica<\/p>\t\t\t\t\t\t<\/div>\n\t\t\t\t<\/div>\n\t\t\t\t<div class=\"elementor-element elementor-element-e95d2c8 elementor-mobile-align-center elementor-widget elementor-widget-xs-button\" data-id=\"e95d2c8\" data-element_type=\"widget\" data-widget_type=\"xs-button.default\">\n\t\t\t\t<div class=\"elementor-widget-container\">\n\t\t\t        \n        <a href=\"https:\/\/ciaravino.com.ar\/siben\/donate-button\/\" target=\"_blank\" class=\"xs-cp-btn btn btn-secondary btn-color-alt\">\n            <span class=\"badge\"><i class=\"fa fa-heart\"><\/i><\/span> DONAR AHORA        <\/a>\n\n        \t\t<\/div>\n\t\t\t\t<\/div>\n\t\t\t\t\t<\/div>\n\t\t<\/div>\n\t\t\t\t\t<\/div>\n\t\t<\/section>\n\t\t\t\t\t<\/div>\n\t\t<\/div>\n\t\t\t\t\t<\/div>\n\t\t<\/section>\n\t\t\t\t<section class=\"elementor-section elementor-top-section elementor-element elementor-element-56825d1 elementor-section-boxed elementor-section-height-default elementor-section-height-default\" data-id=\"56825d1\" data-element_type=\"section\" data-settings=\"{&quot;background_background&quot;:&quot;classic&quot;}\">\n\t\t\t\t\t\t<div class=\"elementor-container elementor-column-gap-default\">\n\t\t\t\t\t<div class=\"elementor-column elementor-col-100 elementor-top-column elementor-element elementor-element-a82154e\" data-id=\"a82154e\" data-element_type=\"column\">\n\t\t\t<div class=\"elementor-widget-wrap elementor-element-populated\">\n\t\t\t\t\t\t<section class=\"elementor-section elementor-inner-section elementor-element elementor-element-7a0f6f1 elementor-section-boxed elementor-section-height-default elementor-section-height-default\" data-id=\"7a0f6f1\" data-element_type=\"section\">\n\t\t\t\t\t\t<div class=\"elementor-container elementor-column-gap-default\">\n\t\t\t\t\t<div class=\"elementor-column elementor-col-50 elementor-inner-column elementor-element elementor-element-2b4511e\" data-id=\"2b4511e\" data-element_type=\"column\">\n\t\t\t<div class=\"elementor-widget-wrap elementor-element-populated\">\n\t\t\t\t\t\t<div class=\"elementor-element elementor-element-a28ce2c elementor-widget elementor-widget-xs-heading\" data-id=\"a28ce2c\" data-element_type=\"widget\" data-widget_type=\"xs-heading.default\">\n\t\t\t\t<div class=\"elementor-widget-container\">\n\t\t\t<div class=\"xs-heading\">\n            <h2 class=\"xs-title\" data-title=\"\">Posici\u00f3n de SIBEN<\/h2>\n                    <p>Sobre aspectos \u00e9ticos vinculados a la inteligencia artificial y al mercantilismo de las publicaciones cient\u00edficas<\/p>\n    <\/div>\t\t<\/div>\n\t\t\t\t<\/div>\n\t\t\t\t\t<\/div>\n\t\t<\/div>\n\t\t\t\t<div class=\"elementor-column elementor-col-50 elementor-inner-column elementor-element elementor-element-4653851\" data-id=\"4653851\" data-element_type=\"column\">\n\t\t\t<div class=\"elementor-widget-wrap\">\n\t\t\t\t\t\t\t<\/div>\n\t\t<\/div>\n\t\t\t\t\t<\/div>\n\t\t<\/section>\n\t\t\t\t<div class=\"elementor-element elementor-element-3fc0f9d elementor-mobile-align-center elementor-widget elementor-widget-xs-button\" data-id=\"3fc0f9d\" data-element_type=\"widget\" data-widget_type=\"xs-button.default\">\n\t\t\t\t<div class=\"elementor-widget-container\">\n\t\t\t        \n        <a href=\"https:\/\/ciaravino.com.ar\/siben\/wp-content\/uploads\/2024\/06\/posiciondesibenpublicacionesia.pdf\" target=\"_blank\" class=\"xs-cp-btn btn btn-primary\">\n            <span class=\"badge\"><i class=\"\"><\/i><\/span> DESCARGAR EL DOCUMENTO        <\/a>\n\n        \t\t<\/div>\n\t\t\t\t<\/div>\n\t\t\t\t\t<\/div>\n\t\t<\/div>\n\t\t\t\t\t<\/div>\n\t\t<\/section>\n\t\t\t\t<section class=\"elementor-section elementor-top-section elementor-element elementor-element-bb9d7e8 elementor-section-boxed elementor-section-height-default elementor-section-height-default\" data-id=\"bb9d7e8\" data-element_type=\"section\" data-settings=\"{&quot;background_background&quot;:&quot;classic&quot;}\">\n\t\t\t\t\t\t<div class=\"elementor-container elementor-column-gap-default\">\n\t\t\t\t\t<div class=\"elementor-column elementor-col-100 elementor-top-column elementor-element elementor-element-a22c812\" data-id=\"a22c812\" data-element_type=\"column\">\n\t\t\t<div class=\"elementor-widget-wrap elementor-element-populated\">\n\t\t\t\t\t\t<div class=\"elementor-element elementor-element-d27af13 elementor-widget elementor-widget-heading\" data-id=\"d27af13\" data-element_type=\"widget\" data-widget_type=\"heading.default\">\n\t\t\t\t<div class=\"elementor-widget-container\">\n\t\t\t<h2 class=\"elementor-heading-title elementor-size-default\">D\u00eda de la <span>Educaci\u00f3n Neonatal en Latinoam\u00e9rica <\/span>12 de Septiembre<\/h2>\t\t<\/div>\n\t\t\t\t<\/div>\n\t\t\t\t<div class=\"elementor-element elementor-element-ff8925d elementor-align-center elementor-widget elementor-widget-xs-button\" data-id=\"ff8925d\" data-element_type=\"widget\" data-widget_type=\"xs-button.default\">\n\t\t\t\t<div class=\"elementor-widget-container\">\n\t\t\t        \n        <a href=\"https:\/\/ciaravino.com.ar\/siben\/dia-de-la-educacion-neonatal\/\" target=\"_self\" class=\"xs-cp-btn btn btn-primary\">\n            <span class=\"badge\"><i class=\"\"><\/i><\/span> CONOC\u00c9 M\u00c1S ACERCA DE ESTE D\u00cdA        <\/a>\n\n        \t\t<\/div>\n\t\t\t\t<\/div>\n\t\t\t\t\t<\/div>\n\t\t<\/div>\n\t\t\t\t\t<\/div>\n\t\t<\/section>\n\t\t\t\t<section class=\"elementor-section elementor-top-section elementor-element elementor-element-a466b30 elementor-section-boxed elementor-section-height-default elementor-section-height-default\" data-id=\"a466b30\" data-element_type=\"section\" data-settings=\"{&quot;background_background&quot;:&quot;classic&quot;}\">\n\t\t\t\t\t\t<div class=\"elementor-container elementor-column-gap-default\">\n\t\t\t\t\t<div class=\"elementor-column elementor-col-50 elementor-top-column elementor-element elementor-element-fb1c5fc\" data-id=\"fb1c5fc\" data-element_type=\"column\">\n\t\t\t<div class=\"elementor-widget-wrap elementor-element-populated\">\n\t\t\t\t\t\t<div class=\"elementor-element elementor-element-8c0b9e1 elementor-mobile-align-center elementor-widget elementor-widget-xs-heading\" data-id=\"8c0b9e1\" data-element_type=\"widget\" data-widget_type=\"xs-heading.default\">\n\t\t\t\t<div class=\"elementor-widget-container\">\n\t\t\t<div class=\"xs-heading\">\n            <h3 class=\"xs-title big\" data-title=\"\">Estas Industrias y Personas Colaboran con nosotros<\/h3>\n    <\/div>\t\t<\/div>\n\t\t\t\t<\/div>\n\t\t\t\t<div class=\"elementor-element elementor-element-8c109ea elementor-widget elementor-widget-text-editor\" data-id=\"8c109ea\" data-element_type=\"widget\" data-widget_type=\"text-editor.default\">\n\t\t\t\t<div class=\"elementor-widget-container\">\n\t\t\t\t\t\t\t<p>Siben agracede el apoyo de todos los que hacen posible nuestra misi\u00f3n y nos acompa\u00f1an para mejorar el cuidado neonatal en Iberoam\u00e9rica.<\/p>\t\t\t\t\t\t<\/div>\n\t\t\t\t<\/div>\n\t\t\t\t<div class=\"elementor-element elementor-element-39cea90 elementor-mobile-align-center elementor-widget elementor-widget-xs-button\" data-id=\"39cea90\" data-element_type=\"widget\" data-widget_type=\"xs-button.default\">\n\t\t\t\t<div class=\"elementor-widget-container\">\n\t\t\t        \n        <a href=\"mailto:lara.maksimovic@siben.net\" target=\"_blank\" class=\"xs-cp-btn btn btn-primary\">\n            <span class=\"badge\"><i class=\"\"><\/i><\/span> UNIRSE AHORA        <\/a>\n\n        \t\t<\/div>\n\t\t\t\t<\/div>\n\t\t\t\t\t<\/div>\n\t\t<\/div>\n\t\t\t\t<div class=\"elementor-column elementor-col-50 elementor-top-column elementor-element elementor-element-1ee13ad\" data-id=\"1ee13ad\" data-element_type=\"column\">\n\t\t\t<div class=\"elementor-widget-wrap elementor-element-populated\">\n\t\t\t\t\t\t<div class=\"elementor-element elementor-element-ae10686 elementor-widget elementor-widget-xs-partner\" data-id=\"ae10686\" data-element_type=\"widget\" data-widget_type=\"xs-partner.default\">\n\t\t\t\t<div class=\"elementor-widget-container\">\n\t\t\t\n        <ul class=\"fundpress-partners\">\n                            <li><a href=\"#\" target=\"_self\" >\n                <img decoding=\"async\" width=\"320\" height=\"94\" src=\"https:\/\/ciaravino.com.ar\/siben\/wp-content\/uploads\/2024\/06\/patient_safety_movement_logo_notag.png\" class=\"attachment-full size-full\" alt=\"img\" srcset=\"https:\/\/ciaravino.com.ar\/siben\/wp-content\/uploads\/2024\/06\/patient_safety_movement_logo_notag.png 320w, https:\/\/ciaravino.com.ar\/siben\/wp-content\/uploads\/2024\/06\/patient_safety_movement_logo_notag-300x88.png 300w\" sizes=\"(max-width: 320px) 100vw, 320px\" \/>                <\/a><\/li>\n                    <\/ul>\n        \t\t<\/div>\n\t\t\t\t<\/div>\n\t\t\t\t\t<\/div>\n\t\t<\/div>\n\t\t\t\t\t<\/div>\n\t\t<\/section>\n\t\t\t\t<section class=\"elementor-section elementor-top-section elementor-element elementor-element-87e0141 colors elementor-section-boxed elementor-section-height-default elementor-section-height-default\" data-id=\"87e0141\" data-element_type=\"section\">\n\t\t\t\t\t\t<div class=\"elementor-container elementor-column-gap-default\">\n\t\t\t\t\t<div class=\"elementor-column elementor-col-100 elementor-top-column elementor-element elementor-element-e12ca63\" data-id=\"e12ca63\" data-element_type=\"column\">\n\t\t\t<div class=\"elementor-widget-wrap elementor-element-populated\">\n\t\t\t\t\t\t<section class=\"elementor-section elementor-inner-section elementor-element elementor-element-a0da529 elementor-section-boxed elementor-section-height-default elementor-section-height-default\" data-id=\"a0da529\" data-element_type=\"section\">\n\t\t\t\t\t\t<div class=\"elementor-container elementor-column-gap-default\">\n\t\t\t\t\t<div class=\"elementor-column elementor-col-50 elementor-inner-column elementor-element elementor-element-a0ef441\" data-id=\"a0ef441\" data-element_type=\"column\">\n\t\t\t<div class=\"elementor-widget-wrap elementor-element-populated\">\n\t\t\t\t\t\t<div class=\"elementor-element elementor-element-c547476 elementor-mobile-align-left elementor-widget elementor-widget-xs-heading\" data-id=\"c547476\" data-element_type=\"widget\" data-widget_type=\"xs-heading.default\">\n\t\t\t\t<div class=\"elementor-widget-container\">\n\t\t\t<div class=\"xs-heading\">\n            <h2 class=\"xs-title\" data-title=\"\">Noticiero Siben<\/h2>\n                    <p>Mantenete informado con nuestras novedades sobre el cuidado Neonatal.<\/p>\n    <\/div>\t\t<\/div>\n\t\t\t\t<\/div>\n\t\t\t\t\t<\/div>\n\t\t<\/div>\n\t\t\t\t<div class=\"elementor-column elementor-col-50 elementor-inner-column elementor-element elementor-element-14ee2a5\" data-id=\"14ee2a5\" data-element_type=\"column\">\n\t\t\t<div class=\"elementor-widget-wrap elementor-element-populated\">\n\t\t\t\t\t\t<div class=\"elementor-element elementor-element-e761fa4 elementor-widget elementor-widget-xs-button\" data-id=\"e761fa4\" data-element_type=\"widget\" data-widget_type=\"xs-button.default\">\n\t\t\t\t<div class=\"elementor-widget-container\">\n\t\t\t        \n        <a href=\"https:\/\/ciaravino.com.ar\/siben\/noticiero-siben\" target=\"_self\" class=\"xs-cp-btn btn btn-primary\">\n            <span class=\"badge\"><i class=\"\"><\/i><\/span> Ver todas        <\/a>\n\n        \t\t<\/div>\n\t\t\t\t<\/div>\n\t\t\t\t\t<\/div>\n\t\t<\/div>\n\t\t\t\t\t<\/div>\n\t\t<\/section>\n\t\t\t\t<div class=\"elementor-element elementor-element-34b90d6 elementor-widget elementor-widget-xs-blog\" data-id=\"34b90d6\" data-element_type=\"widget\" data-widget_type=\"xs-blog.default\">\n\t\t\t\t<div class=\"elementor-widget-container\">\n\t\t\t                            <div class=\"row journal-v2\">                <div class=\"col-md-6 col-lg-4\">\n    <div class=\"xs-box-shadow xs-single-journal xs-single-journal-2\">\n        \t\t<a href=\"https:\/\/ciaravino.com.ar\/siben\/dia-educacion-neonatal\/\">\n            <div class=\"entry-thumbnail \">\n                <img fetchpriority=\"high\" decoding=\"async\" width=\"565\" height=\"446\" src=\"https:\/\/ciaravino.com.ar\/siben\/wp-content\/uploads\/2024\/06\/12-9.jpg\" class=\"attachment-full size-full\" alt=\"D\u00eda de la Educaci\u00f3n Neonatal\" srcset=\"https:\/\/ciaravino.com.ar\/siben\/wp-content\/uploads\/2024\/06\/12-9.jpg 565w, https:\/\/ciaravino.com.ar\/siben\/wp-content\/uploads\/2024\/06\/12-9-300x237.jpg 300w, https:\/\/ciaravino.com.ar\/siben\/wp-content\/uploads\/2024\/06\/12-9-507x400.jpg 507w\" sizes=\"(max-width: 565px) 100vw, 565px\" \/>            <\/div>\n\t\t<\/a>\n        \n        <div class=\"entry-header\">\n\n            <h4 class=\"entry-title\">\n                <a href=\"https:\/\/ciaravino.com.ar\/siben\/dia-educacion-neonatal\/\">D\u00eda de la Educaci\u00f3n Neonatal<\/a>\n            <\/h4>\n        <\/div>\n    <\/div>\n<\/div>              <\/div>\n                            <div class=\"pagination justify-content-center xs-pagination xs-pagination-shortcode\">\n                           <\/div>\n            \t\t<\/div>\n\t\t\t\t<\/div>\n\t\t\t\t\t<\/div>\n\t\t<\/div>\n\t\t\t\t\t<\/div>\n\t\t<\/section>\n\t\t\t\t<\/div>\n\t\t","protected":false},"excerpt":{"rendered":"<p>XX Congreso Anual de SIBEN 6, 7, 8 y 9 de Noviembre de 2024, Santo Domingo, Rep\u00fablica Dominicana VER INFORMACI\u00d3N Aun no descargaste la APP de SIBEN? DESCARGAR LA APP SIBEN Educaci\u00f3n Una oportunidad para estar actualizado y colaborar con nuestros miembros con el solo objetivo de mejorar el cuidado de los reci\u00e9n nacidos y [&hellip;]<\/p>\n","protected":false},"author":1,"featured_media":0,"parent":0,"menu_order":0,"comment_status":"closed","ping_status":"closed","template":"template\/template-multipage-homepage.php","meta":{"footnotes":""},"class_list":["post-3399","page","type-page","status-publish","hentry"],"_links":{"self":[{"href":"https:\/\/ciaravino.com.ar\/siben\/wp-json\/wp\/v2\/pages\/3399"}],"collection":[{"href":"https:\/\/ciaravino.com.ar\/siben\/wp-json\/wp\/v2\/pages"}],"about":[{"href":"https:\/\/ciaravino.com.ar\/siben\/wp-json\/wp\/v2\/types\/page"}],"author":[{"embeddable":true,"href":"https:\/\/ciaravino.com.ar\/siben\/wp-json\/wp\/v2\/users\/1"}],"replies":[{"embeddable":true,"href":"https:\/\/ciaravino.com.ar\/siben\/wp-json\/wp\/v2\/comments?post=3399"}],"version-history":[{"count":187,"href":"https:\/\/ciaravino.com.ar\/siben\/wp-json\/wp\/v2\/pages\/3399\/revisions"}],"predecessor-version":[{"id":5346,"href":"https:\/\/ciaravino.com.ar\/siben\/wp-json\/wp\/v2\/pages\/3399\/revisions\/5346"}],"wp:attachment":[{"href":"https:\/\/ciaravino.com.ar\/siben\/wp-json\/wp\/v2\/media?parent=3399"}],"curies":[{"name":"wp","href":"https:\/\/api.w.org\/{rel}","templated":true}]}}