{"id":3639,"date":"2024-06-19T17:03:56","date_gmt":"2024-06-19T20:03:56","guid":{"rendered":"https:\/\/ciaravino.com.ar\/siben\/?page_id=3639"},"modified":"2024-06-19T18:24:18","modified_gmt":"2024-06-19T21:24:18","slug":"quienes-somos","status":"publish","type":"page","link":"https:\/\/ciaravino.com.ar\/siben\/quienes-somos\/","title":{"rendered":"Qui\u00e9nes somos"},"content":{"rendered":"\t\t<div data-elementor-type=\"wp-post\" data-elementor-id=\"3639\" class=\"elementor elementor-3639\">\n\t\t\t\t\t\t<section class=\"elementor-section elementor-top-section elementor-element elementor-element-1407076 elementor-section-boxed elementor-section-height-default elementor-section-height-default\" data-id=\"1407076\" data-element_type=\"section\">\n\t\t\t\t\t\t<div class=\"elementor-container elementor-column-gap-default\">\n\t\t\t\t\t<div class=\"elementor-column elementor-col-100 elementor-top-column elementor-element elementor-element-4d41abe\" data-id=\"4d41abe\" data-element_type=\"column\">\n\t\t\t<div class=\"elementor-widget-wrap elementor-element-populated\">\n\t\t\t\t\t\t<div class=\"elementor-element elementor-element-dd4dfbc elementor-widget elementor-widget-heading\" data-id=\"dd4dfbc\" data-element_type=\"widget\" data-widget_type=\"heading.default\">\n\t\t\t\t<div class=\"elementor-widget-container\">\n\t\t\t<h2 class=\"elementor-heading-title elementor-size-default\">Somos un grupo de <span class=\"color-green\">pediatras, neonat\u00f3logos, enfermeras e interdisciplinas<\/span>  con la misi\u00f3n de llevar adelante una organizaci\u00f3n sin fines de lucro con el fin de mejorar los cuidados y la calidad de vida de reci\u00e9n nacidos.\t\t\t\t\t\t<\/h2>\t\t<\/div>\n\t\t\t\t<\/div>\n\t\t\t\t<section class=\"elementor-section elementor-inner-section elementor-element elementor-element-4f7608e elementor-section-boxed elementor-section-height-default elementor-section-height-default\" data-id=\"4f7608e\" data-element_type=\"section\">\n\t\t\t\t\t\t<div class=\"elementor-container elementor-column-gap-default\">\n\t\t\t\t\t<div class=\"elementor-column elementor-col-33 elementor-inner-column elementor-element elementor-element-1ebf6ed\" data-id=\"1ebf6ed\" data-element_type=\"column\">\n\t\t\t<div class=\"elementor-widget-wrap elementor-element-populated\">\n\t\t\t\t\t\t<div class=\"elementor-element elementor-element-36a8114 elementor-widget elementor-widget-heading\" data-id=\"36a8114\" data-element_type=\"widget\" data-widget_type=\"heading.default\">\n\t\t\t\t<div class=\"elementor-widget-container\">\n\t\t\t<h2 class=\"elementor-heading-title elementor-size-default\">Misi\u00f3n<\/h2>\t\t<\/div>\n\t\t\t\t<\/div>\n\t\t\t\t<div class=\"elementor-element elementor-element-2ced5c9 elementor-widget elementor-widget-text-editor\" data-id=\"2ced5c9\" data-element_type=\"widget\" data-widget_type=\"text-editor.default\">\n\t\t\t\t<div class=\"elementor-widget-container\">\n\t\t\t\t\t\t\t<p>Fomentamos la investigaci\u00f3n \u00e9tica y representamos a nuestros asociados frente a los diversos estamentos p\u00fablicos y privados, en aras del bienestar y desarrollo del sector salud neonatal.<\/p>\t\t\t\t\t\t<\/div>\n\t\t\t\t<\/div>\n\t\t\t\t\t<\/div>\n\t\t<\/div>\n\t\t\t\t<div class=\"elementor-column elementor-col-33 elementor-inner-column elementor-element elementor-element-a0c7b56\" data-id=\"a0c7b56\" data-element_type=\"column\">\n\t\t\t<div class=\"elementor-widget-wrap elementor-element-populated\">\n\t\t\t\t\t\t<div class=\"elementor-element elementor-element-0d725e9 elementor-widget elementor-widget-heading\" data-id=\"0d725e9\" data-element_type=\"widget\" data-widget_type=\"heading.default\">\n\t\t\t\t<div class=\"elementor-widget-container\">\n\t\t\t<h2 class=\"elementor-heading-title elementor-size-default\">Visi\u00f3n<\/h2>\t\t<\/div>\n\t\t\t\t<\/div>\n\t\t\t\t<div class=\"elementor-element elementor-element-8eb09a7 elementor-widget elementor-widget-text-editor\" data-id=\"8eb09a7\" data-element_type=\"widget\" data-widget_type=\"text-editor.default\">\n\t\t\t\t<div class=\"elementor-widget-container\">\n\t\t\t\t\t\t\t<p>Lograr que, en un periodo no mayor de una d\u00e9cada, los objetivos de educaci\u00f3n y servicio de este grupo colaborativo, hayan contribuido a mejorar los indicadores Neonatales en los pa\u00edses de Ibero-Am\u00e9rica y por ende la disminuci\u00f3n de la brecha y variabilidad existente dentro de diversas regiones de la zona.<\/p>\t\t\t\t\t\t<\/div>\n\t\t\t\t<\/div>\n\t\t\t\t\t<\/div>\n\t\t<\/div>\n\t\t\t\t<div class=\"elementor-column elementor-col-33 elementor-inner-column elementor-element elementor-element-9717a97\" data-id=\"9717a97\" data-element_type=\"column\">\n\t\t\t<div class=\"elementor-widget-wrap elementor-element-populated\">\n\t\t\t\t\t\t<div class=\"elementor-element elementor-element-5cd8db9 elementor-widget elementor-widget-heading\" data-id=\"5cd8db9\" data-element_type=\"widget\" data-widget_type=\"heading.default\">\n\t\t\t\t<div class=\"elementor-widget-container\">\n\t\t\t<h2 class=\"elementor-heading-title elementor-size-default\">Miembros<\/h2>\t\t<\/div>\n\t\t\t\t<\/div>\n\t\t\t\t<div class=\"elementor-element elementor-element-d4310dd elementor-widget elementor-widget-text-editor\" data-id=\"d4310dd\" data-element_type=\"widget\" data-widget_type=\"text-editor.default\">\n\t\t\t\t<div class=\"elementor-widget-container\">\n\t\t\t\t\t\t\t<p>La Sociedad Iberoamericana de Neonatolog\u00eda SIBEN se fundo en el a\u00f1o 2004. En la actualidad somos m\u00e1s de 2.000 profesionales de la salud neonatal de 19 pa\u00edses de la regi\u00f3n, que luchamos por cumplir la misi\u00f3n de SIBEN.<\/p>\t\t\t\t\t\t<\/div>\n\t\t\t\t<\/div>\n\t\t\t\t\t<\/div>\n\t\t<\/div>\n\t\t\t\t\t<\/div>\n\t\t<\/section>\n\t\t\t\t\t<\/div>\n\t\t<\/div>\n\t\t\t\t\t<\/div>\n\t\t<\/section>\n\t\t\t\t<section class=\"elementor-section elementor-top-section elementor-element elementor-element-67c384c elementor-section-boxed elementor-section-height-default elementor-section-height-default\" data-id=\"67c384c\" data-element_type=\"section\">\n\t\t\t\t\t\t<div class=\"elementor-container elementor-column-gap-default\">\n\t\t\t\t\t<div class=\"elementor-column elementor-col-100 elementor-top-column elementor-element elementor-element-517bf32\" data-id=\"517bf32\" data-element_type=\"column\">\n\t\t\t<div class=\"elementor-widget-wrap elementor-element-populated\">\n\t\t\t\t\t\t<div class=\"elementor-element elementor-element-30a28cf elementor-widget elementor-widget-image\" data-id=\"30a28cf\" data-element_type=\"widget\" data-widget_type=\"image.default\">\n\t\t\t\t<div class=\"elementor-widget-container\">\n\t\t\t\t\t\t\t\t\t\t\t\t\t<img fetchpriority=\"high\" decoding=\"async\" width=\"1920\" height=\"1080\" src=\"https:\/\/ciaravino.com.ar\/siben\/wp-content\/uploads\/2024\/06\/organigrama.jpg\" class=\"attachment-full size-full wp-image-3659\" alt=\"\" srcset=\"https:\/\/ciaravino.com.ar\/siben\/wp-content\/uploads\/2024\/06\/organigrama.jpg 1920w, https:\/\/ciaravino.com.ar\/siben\/wp-content\/uploads\/2024\/06\/organigrama-300x169.jpg 300w, https:\/\/ciaravino.com.ar\/siben\/wp-content\/uploads\/2024\/06\/organigrama-1024x576.jpg 1024w, https:\/\/ciaravino.com.ar\/siben\/wp-content\/uploads\/2024\/06\/organigrama-768x432.jpg 768w, https:\/\/ciaravino.com.ar\/siben\/wp-content\/uploads\/2024\/06\/organigrama-1536x864.jpg 1536w, https:\/\/ciaravino.com.ar\/siben\/wp-content\/uploads\/2024\/06\/organigrama-600x338.jpg 600w\" sizes=\"(max-width: 1920px) 100vw, 1920px\" \/>\t\t\t\t\t\t\t\t\t\t\t\t\t<\/div>\n\t\t\t\t<\/div>\n\t\t\t\t\t<\/div>\n\t\t<\/div>\n\t\t\t\t\t<\/div>\n\t\t<\/section>\n\t\t\t\t<section class=\"elementor-section elementor-top-section elementor-element elementor-element-9962209 elementor-section-boxed elementor-section-height-default elementor-section-height-default\" data-id=\"9962209\" data-element_type=\"section\" data-settings=\"{&quot;background_background&quot;:&quot;classic&quot;}\">\n\t\t\t\t\t\t<div class=\"elementor-container elementor-column-gap-default\">\n\t\t\t\t\t<div class=\"elementor-column elementor-col-100 elementor-top-column elementor-element elementor-element-43b36ed\" data-id=\"43b36ed\" data-element_type=\"column\">\n\t\t\t<div class=\"elementor-widget-wrap elementor-element-populated\">\n\t\t\t\t\t\t<div class=\"elementor-element elementor-element-ecabcf8 elementor-widget__width-initial elementor-widget elementor-widget-text-editor\" data-id=\"ecabcf8\" data-element_type=\"widget\" data-widget_type=\"text-editor.default\">\n\t\t\t\t<div class=\"elementor-widget-container\">\n\t\t\t\t\t\t\t<h2><strong>Vos podes acompa\u00f1arnos en nuestra misi\u00f3n. <\/strong><\/h2>\t\t\t\t\t\t<\/div>\n\t\t\t\t<\/div>\n\t\t\t\t<div class=\"elementor-element elementor-element-ebe3015 elementor-align-center elementor-widget__width-initial elementor-widget elementor-widget-xs-button\" data-id=\"ebe3015\" data-element_type=\"widget\" data-widget_type=\"xs-button.default\">\n\t\t\t\t<div class=\"elementor-widget-container\">\n\t\t\t        \n        <a href=\"#\" target=\"_self\" class=\"xs-cp-btn btn btn-primary\">\n            <span class=\"badge\"><i class=\"fa fa-heart\"><\/i><\/span> Donar AHORA        <\/a>\n\n        \t\t<\/div>\n\t\t\t\t<\/div>\n\t\t\t\t\t<\/div>\n\t\t<\/div>\n\t\t\t\t\t<\/div>\n\t\t<\/section>\n\t\t\t\t<section class=\"elementor-section elementor-top-section elementor-element elementor-element-900b9c0 elementor-section-boxed elementor-section-height-default elementor-section-height-default\" data-id=\"900b9c0\" data-element_type=\"section\" data-settings=\"{&quot;background_background&quot;:&quot;classic&quot;}\">\n\t\t\t\t\t\t<div class=\"elementor-container elementor-column-gap-default\">\n\t\t\t\t\t<div class=\"elementor-column elementor-col-100 elementor-top-column elementor-element elementor-element-dc32c87\" data-id=\"dc32c87\" data-element_type=\"column\">\n\t\t\t<div class=\"elementor-widget-wrap elementor-element-populated\">\n\t\t\t\t\t\t<div class=\"elementor-element elementor-element-512535a elementor-widget elementor-widget-heading\" data-id=\"512535a\" data-element_type=\"widget\" data-widget_type=\"heading.default\">\n\t\t\t\t<div class=\"elementor-widget-container\">\n\t\t\t<h2 class=\"elementor-heading-title elementor-size-default\">\u00c1rea Directiva SIBEN\n<\/h2>\t\t<\/div>\n\t\t\t\t<\/div>\n\t\t\t\t<section class=\"elementor-section elementor-inner-section elementor-element elementor-element-59a1b1e elementor-section-boxed elementor-section-height-default elementor-section-height-default\" data-id=\"59a1b1e\" data-element_type=\"section\">\n\t\t\t\t\t\t<div class=\"elementor-container elementor-column-gap-default\">\n\t\t\t\t\t<div class=\"elementor-column elementor-col-50 elementor-inner-column elementor-element elementor-element-f9376f9\" data-id=\"f9376f9\" data-element_type=\"column\">\n\t\t\t<div class=\"elementor-widget-wrap elementor-element-populated\">\n\t\t\t\t\t\t<div class=\"elementor-element elementor-element-fbfef07 elementor-widget elementor-widget-text-editor\" data-id=\"fbfef07\" data-element_type=\"widget\" data-widget_type=\"text-editor.default\">\n\t\t\t\t<div class=\"elementor-widget-container\">\n\t\t\t\t\t\t\t<p class=\"lead consejero\"><b>Director General<\/b><br \/>Augusto Sola<\/p><p class=\"lead consejero\"><b>Directora de operaciones<\/b><br \/>Lara Maksimovic<\/p><p class=\"lead consejero\"><b>Directora Cient\u00edfica<\/b><br \/>Dra. Susana Rodr\u00edguez<\/p><p class=\"lead consejero\"><b>Director de Unidad Administradora de Proyectos y Programas<\/b><br \/>Dr. Marcelo Cardetti<\/p><p class=\"lead consejero\"><b>Director de la Unidad de Relaciones Internacionales<\/b><br \/>Dr. Sergio Golombek<\/p>\t\t\t\t\t\t<\/div>\n\t\t\t\t<\/div>\n\t\t\t\t\t<\/div>\n\t\t<\/div>\n\t\t\t\t<div class=\"elementor-column elementor-col-50 elementor-inner-column elementor-element elementor-element-4af16f6\" data-id=\"4af16f6\" data-element_type=\"column\">\n\t\t\t<div class=\"elementor-widget-wrap elementor-element-populated\">\n\t\t\t\t\t\t<div class=\"elementor-element elementor-element-f76caca elementor-widget elementor-widget-text-editor\" data-id=\"f76caca\" data-element_type=\"widget\" data-widget_type=\"text-editor.default\">\n\t\t\t\t<div class=\"elementor-widget-container\">\n\t\t\t\t\t\t\t<p class=\"lead consejero\"><strong>Cuerpo Asesor<\/strong><br \/>Sergio Golombek<span class=\"color-green\">\u00a0&#8211; EE.UU.<\/span><br \/>Marcelo Cardetti\u00a0<span class=\"color-green\">&#8211; Argentina<\/span><br \/>Alfredo Garc\u00eda-Alix\u00a0<span class=\"color-green\">Espa\u00f1a<\/span><br \/>Andr\u00e9s Bobbett\u00a0<span class=\"color-green\">-Argentina<\/span><br \/>Cristian Mu\u00f1oz\u00a0<span class=\"color-green\">-Argentina<\/span><br \/>Juan Arn\u00e1ez Sol\u00eds\u00a0<span class=\"color-green\">-Espa\u00f1a<\/span><\/p>\t\t\t\t\t\t<\/div>\n\t\t\t\t<\/div>\n\t\t\t\t\t<\/div>\n\t\t<\/div>\n\t\t\t\t\t<\/div>\n\t\t<\/section>\n\t\t\t\t\t<\/div>\n\t\t<\/div>\n\t\t\t\t\t<\/div>\n\t\t<\/section>\n\t\t\t\t<section class=\"elementor-section elementor-top-section elementor-element elementor-element-f13bbc2 elementor-section-boxed elementor-section-height-default elementor-section-height-default\" data-id=\"f13bbc2\" data-element_type=\"section\" data-settings=\"{&quot;background_background&quot;:&quot;classic&quot;}\">\n\t\t\t\t\t\t<div class=\"elementor-container elementor-column-gap-default\">\n\t\t\t\t\t<div class=\"elementor-column elementor-col-100 elementor-top-column elementor-element elementor-element-5b56257\" data-id=\"5b56257\" data-element_type=\"column\">\n\t\t\t<div class=\"elementor-widget-wrap elementor-element-populated\">\n\t\t\t\t\t\t<section class=\"elementor-section elementor-inner-section elementor-element elementor-element-7fde3e6 elementor-section-boxed elementor-section-height-default elementor-section-height-default\" data-id=\"7fde3e6\" data-element_type=\"section\">\n\t\t\t\t\t\t<div class=\"elementor-container elementor-column-gap-default\">\n\t\t\t\t\t<div class=\"elementor-column elementor-col-50 elementor-inner-column elementor-element elementor-element-2da6848\" data-id=\"2da6848\" data-element_type=\"column\">\n\t\t\t<div class=\"elementor-widget-wrap elementor-element-populated\">\n\t\t\t\t\t\t<div class=\"elementor-element elementor-element-16714d7 elementor-widget elementor-widget-heading\" data-id=\"16714d7\" data-element_type=\"widget\" data-widget_type=\"heading.default\">\n\t\t\t\t<div class=\"elementor-widget-container\">\n\t\t\t<h2 class=\"elementor-heading-title elementor-size-default\">Miembros de honor\n\n<\/h2>\t\t<\/div>\n\t\t\t\t<\/div>\n\t\t\t\t<div class=\"elementor-element elementor-element-7885c65 elementor-widget elementor-widget-text-editor\" data-id=\"7885c65\" data-element_type=\"widget\" data-widget_type=\"text-editor.default\">\n\t\t\t\t<div class=\"elementor-widget-container\">\n\t\t\t\t\t\t\t<p class=\"lead consejero\">Dr. George Gregory\u00a0<span class=\"color-green\">&#8211; EE.UU.<\/span><br \/>Dr. Roderic Phibbs\u00a0<span class=\"color-green\">&#8211; EE.UU.<\/span><br \/>Dr. Enzo Due\u00f1as\u00a0<span class=\"color-green\">&#8211; Cuba.<\/span><br \/>Dr. Sergio Stagno\u00a0<span class=\"color-green\">&#8211; EE.UU.<\/span><br \/>Dr. John Lantos\u00a0<span class=\"color-green\">&#8211; EE.UU.<\/span><br \/>Dr. Jacinto Hern\u00e1ndez\u00a0<span class=\"color-green\">&#8211; EE.UU.<\/span><br \/>Dr. Harvey Sarnat\u00a0<span class=\"color-green\">&#8211; Canad\u00e1.<\/span><br \/>Dr. Robert Christensen\u00a0<span class=\"color-green\">&#8211; EE.UU.<\/span><br \/>Dr. Anibal Llanos\u00a0<span class=\"color-green\">&#8211; Chile.<\/span><br \/>Dr. Navantino Alves Filho\u00a0<span class=\"color-green\">&#8211; Brasil<\/span><br \/>Dr. Luis Cabal (P\u00f3stumo)\u00a0<span class=\"color-green\">&#8211; Colombia-EE.UU.<\/span><br \/>Dr. Hernando Baquero Latorre\u00a0<span class=\"color-green\">&#8211; Colombia.<\/span><br \/>Dr. Javier Ortiz Ibarra\u00a0<span class=\"color-green\">&#8211; M\u00e9xico.<\/span><br \/>Dr. Giuseppe Buonocore\u00a0<span class=\"color-green\">&#8211; Italia.<\/span><br \/>Dr. Rub\u00e9n Alvaro\u00a0<span class=\"color-green\">&#8211; Canad\u00e1.<\/span><br \/>Dra. Barbara Schmidt\u00a0<span class=\"color-green\">&#8211; Alemania.<\/span><br \/>Dr. Andrew Ewer\u00a0<span class=\"color-green\">&#8211; UK.<\/span><br \/>Dra. Martha Sola Visner\u00a0<span class=\"color-green\">&#8211; EE.UU.<\/span><br \/>Dr. Alfredo Garcia-Alix\u00a0<span class=\"color-green\">&#8211; Espa\u00f1a.<\/span><br \/>Dr. Rangasamy Ramanathan\u00a0<span class=\"color-green\">&#8211; EE.UU.<\/span><br \/>Dra. Anne Greenough\u00a0<span class=\"color-green\">&#8211; UK.<\/span><br \/>Dr. Haresh Kirpalani\u00a0<span class=\"color-green\">&#8211; Canad\u00e1.<\/span><br \/>Dr. Fernando Dom\u00ednguez Dieppa\u00a0<span class=\"color-green\">&#8211; Cuba.<\/span><br \/>Dr. Juan Eduardo Tesone\u00a0<span class=\"color-green\">&#8211; Argentina.<\/span><\/p>\t\t\t\t\t\t<\/div>\n\t\t\t\t<\/div>\n\t\t\t\t\t<\/div>\n\t\t<\/div>\n\t\t\t\t<div class=\"elementor-column elementor-col-50 elementor-inner-column elementor-element elementor-element-9ab9db9\" data-id=\"9ab9db9\" data-element_type=\"column\">\n\t\t\t<div class=\"elementor-widget-wrap elementor-element-populated\">\n\t\t\t\t\t\t<div class=\"elementor-element elementor-element-df3c24d elementor-widget elementor-widget-heading\" data-id=\"df3c24d\" data-element_type=\"widget\" data-widget_type=\"heading.default\">\n\t\t\t\t<div class=\"elementor-widget-container\">\n\t\t\t<h2 class=\"elementor-heading-title elementor-size-default\">Miembros del Consejo\n<\/h2>\t\t<\/div>\n\t\t\t\t<\/div>\n\t\t\t\t<div class=\"elementor-element elementor-element-49f8129 elementor-widget elementor-widget-text-editor\" data-id=\"49f8129\" data-element_type=\"widget\" data-widget_type=\"text-editor.default\">\n\t\t\t\t<div class=\"elementor-widget-container\">\n\t\t\t\t\t\t\t<p class=\"lead consejero\"><b>Secretaria General del Consejo<\/b><br \/>Dra. Susana Rodr\u00edguez, Argentina<\/p><p class=\"lead consejero\"><b>\u00c9TICA<\/b><br \/>Dr. Fernando Dom\u00ednguez, Cuba<br \/>Dr. Alejandro Young, Honduras<\/p><p class=\"lead consejero\"><b>RELACIONES P\u00daBLICAS E INTERINSTITUCIONALES<\/b><br \/>Dr. Gabriel Lara, M\u00e9xico<br \/>Dra. Ta\u00edna Malena, Rep\u00fablica Dominicana<\/p><p class=\"lead consejero\"><b>RED<\/b><br \/>Dr. Marcelo Cardetti, Argentina<\/p><p class=\"lead consejero\"><b>EDUCACI\u00d3N PARA AVANZAR-EPA SIBEN<\/b><br \/>Dr. Marcelo Cardetti, Argentina<br \/>Dra. M\u00f3nica Menzio, Argentina<br \/>Dra. Ta\u00edna Malena, Rep\u00fablica Dominicana<\/p><p class=\"lead consejero\"><b>CUIDADOS DESPU\u00c9S DEL EGRESO-CUIDESIBEN<\/b><br \/>Dra. Constanza Villanueva, M\u00e9xico<br \/>Dr. Arturo Alejandro Canul Euan, M\u00e9xico<br \/>Coordinaci\u00f3n: Dra. Ver\u00f3nica Favareto, Argentina<\/p><p class=\"lead consejero\">\u00a0<\/p><p class=\"lead consejero\"><b>DESARROLLO DE INVESTIGACI\u00d3N EN NEONATOLOGIA-DINSIBEN<\/b><br \/>Dra. Susana Rodr\u00edguez, Argentina<br \/>Dr. Augusto Sola, EE.UU.<br \/>Dr. Juan Arn\u00e1ez Sol\u00eds, Espa\u00f1a<\/p><p class=\"lead consejero\"><b>RESI-SIBEN<\/b><br \/>Dr. Marcelo Cardetti, Argentina<br \/>Dr. Ignacio Sosa, Argentina<br \/>Dra. Ver\u00f3nica Favareto, Argentina<br \/><b>Integrante del Cap\u00edtulo:<\/b><br \/>Dr. Marlon Alexander Cerna M\u00e1rquez M\u00e9xico<\/p><p class=\"lead consejero\"><b>CONSENSOS CL\u00cdNICOS DE SIBEN<\/b><br \/>Dra. Carmen D\u00e1vila, Per\u00fa<br \/>Dr. Jorge Alberto Pleitez Navarrete, El Salvador<br \/>Direcci\u00f3n: Dr. Sergio Golombek, EE.UU.<br \/>Coordinaci\u00f3n: Dra. Lourdes Lemus Varela, M\u00e9xico<\/p><p class=\"lead consejero\"><b>FAMISIBEN<\/b><br \/>Lic. Cristian Mu\u00f1oz, Argentina<br \/>Dra. Susana Rodr\u00edguez, Argentina<br \/>Coordinador: Dr. Augusto Sola, EE.UU.<br \/>Asesora externa: Concepci\u00f3n G\u00f3mez Esteban, Espa\u00f1a<br \/><b>Integrantes del Cap\u00edtulo:<\/b><br \/>Celeste G\u00f3mez, Argentina<br \/>Irene Rodr\u00edguez, Espa\u00f1a<\/p><p class=\"lead consejero\"><b>ENFERMER\u00cdA<\/b><br \/>Lic. Mar\u00eda Teresa Montes Bueno, Espa\u00f1a<br \/>Lic. Cristian Mu\u00f1oz, Argentina<br \/><b>Integrantes del Cap\u00edtulo:<\/b><br \/>Zandra Grosso, Colombia<br \/>Bibiana Chinea Jim\u00e9nez, Espa\u00f1a<br \/>Noem\u00ed Baldazar, Argentina<br \/>Laura \u00c1lvarez Gallardo, M\u00e9xico<br \/>Arminda Gil, Per\u00fa<\/p><p class=\"lead consejero\"><b>GRINSIBEN<\/b><br \/>Coordinador: Lic. Luis Alexander Lovera Montilla, Colombia<\/p><p class=\"lead consejero\"><b>Integrantes del Cap\u00edtulo:<\/b><br \/>Claudia Xavier, Brasil<br \/>Mar\u00eda Ang\u00e9lica Reyes, M\u00e9xico<\/p>\t\t\t\t\t\t<\/div>\n\t\t\t\t<\/div>\n\t\t\t\t\t<\/div>\n\t\t<\/div>\n\t\t\t\t\t<\/div>\n\t\t<\/section>\n\t\t\t\t\t<\/div>\n\t\t<\/div>\n\t\t\t\t\t<\/div>\n\t\t<\/section>\n\t\t\t\t<section class=\"elementor-section elementor-top-section elementor-element elementor-element-dbb5baa elementor-section-boxed elementor-section-height-default elementor-section-height-default\" data-id=\"dbb5baa\" data-element_type=\"section\">\n\t\t\t\t\t\t<div class=\"elementor-container elementor-column-gap-default\">\n\t\t\t\t\t<div class=\"elementor-column elementor-col-50 elementor-top-column elementor-element elementor-element-0adc416\" data-id=\"0adc416\" data-element_type=\"column\">\n\t\t\t<div class=\"elementor-widget-wrap elementor-element-populated\">\n\t\t\t\t\t\t<div class=\"elementor-element elementor-element-53e46c8 elementor-widget elementor-widget-image\" data-id=\"53e46c8\" data-element_type=\"widget\" data-widget_type=\"image.default\">\n\t\t\t\t<div class=\"elementor-widget-container\">\n\t\t\t\t\t\t\t\t\t\t<figure class=\"wp-caption\">\n\t\t\t\t\t\t\t\t\t\t<img decoding=\"async\" width=\"1200\" height=\"724\" src=\"https:\/\/ciaravino.com.ar\/siben\/wp-content\/uploads\/2024\/06\/bandera-de-siben.jpg\" class=\"attachment-full size-full wp-image-3700\" alt=\"\" srcset=\"https:\/\/ciaravino.com.ar\/siben\/wp-content\/uploads\/2024\/06\/bandera-de-siben.jpg 1200w, https:\/\/ciaravino.com.ar\/siben\/wp-content\/uploads\/2024\/06\/bandera-de-siben-300x181.jpg 300w, https:\/\/ciaravino.com.ar\/siben\/wp-content\/uploads\/2024\/06\/bandera-de-siben-1024x618.jpg 1024w, https:\/\/ciaravino.com.ar\/siben\/wp-content\/uploads\/2024\/06\/bandera-de-siben-768x463.jpg 768w, https:\/\/ciaravino.com.ar\/siben\/wp-content\/uploads\/2024\/06\/bandera-de-siben-600x362.jpg 600w\" sizes=\"(max-width: 1200px) 100vw, 1200px\" \/>\t\t\t\t\t\t\t\t\t\t\t<figcaption class=\"widget-image-caption wp-caption-text\"><b>Bandera de SIBEN<\/b> Realizada por Oscar, Rom\u00e1n y Sof\u00eda Hernanz Montes y el grupo CORE, 2020<\/figcaption>\n\t\t\t\t\t\t\t\t\t\t<\/figure>\n\t\t\t\t\t\t\t<\/div>\n\t\t\t\t<\/div>\n\t\t\t\t\t<\/div>\n\t\t<\/div>\n\t\t\t\t<div class=\"elementor-column elementor-col-50 elementor-top-column elementor-element elementor-element-8bb7ed4\" data-id=\"8bb7ed4\" data-element_type=\"column\">\n\t\t\t<div class=\"elementor-widget-wrap elementor-element-populated\">\n\t\t\t\t\t\t<div class=\"elementor-element elementor-element-2d9370a elementor-widget elementor-widget-image\" data-id=\"2d9370a\" data-element_type=\"widget\" data-widget_type=\"image.default\">\n\t\t\t\t<div class=\"elementor-widget-container\">\n\t\t\t\t\t\t\t\t\t\t<figure class=\"wp-caption\">\n\t\t\t\t\t\t\t\t\t\t<img decoding=\"async\" width=\"1200\" height=\"864\" src=\"https:\/\/ciaravino.com.ar\/siben\/wp-content\/uploads\/2024\/06\/todos-20-01-23-logo-nuevo.jpg\" class=\"attachment-full size-full wp-image-3704\" alt=\"\" srcset=\"https:\/\/ciaravino.com.ar\/siben\/wp-content\/uploads\/2024\/06\/todos-20-01-23-logo-nuevo.jpg 1200w, https:\/\/ciaravino.com.ar\/siben\/wp-content\/uploads\/2024\/06\/todos-20-01-23-logo-nuevo-300x216.jpg 300w, https:\/\/ciaravino.com.ar\/siben\/wp-content\/uploads\/2024\/06\/todos-20-01-23-logo-nuevo-1024x737.jpg 1024w, https:\/\/ciaravino.com.ar\/siben\/wp-content\/uploads\/2024\/06\/todos-20-01-23-logo-nuevo-768x553.jpg 768w, https:\/\/ciaravino.com.ar\/siben\/wp-content\/uploads\/2024\/06\/todos-20-01-23-logo-nuevo-556x400.jpg 556w, https:\/\/ciaravino.com.ar\/siben\/wp-content\/uploads\/2024\/06\/todos-20-01-23-logo-nuevo-600x432.jpg 600w\" sizes=\"(max-width: 1200px) 100vw, 1200px\" \/>\t\t\t\t\t\t\t\t\t\t\t<figcaption class=\"widget-image-caption wp-caption-text\"><b>Bandera Regional de SIBEN<\/b>, 2020<\/figcaption>\n\t\t\t\t\t\t\t\t\t\t<\/figure>\n\t\t\t\t\t\t\t<\/div>\n\t\t\t\t<\/div>\n\t\t\t\t\t<\/div>\n\t\t<\/div>\n\t\t\t\t\t<\/div>\n\t\t<\/section>\n\t\t\t\t<\/div>\n\t\t","protected":false},"excerpt":{"rendered":"<p>Somos un grupo de pediatras, neonat\u00f3logos, enfermeras e interdisciplinas con la misi\u00f3n de llevar adelante una organizaci\u00f3n sin fines de lucro con el fin de mejorar los cuidados y la calidad de vida de reci\u00e9n nacidos. Misi\u00f3n Fomentamos la investigaci\u00f3n \u00e9tica y representamos a nuestros asociados frente a los diversos estamentos p\u00fablicos y privados, en [&hellip;]<\/p>\n","protected":false},"author":1,"featured_media":0,"parent":0,"menu_order":0,"comment_status":"closed","ping_status":"closed","template":"elementor_header_footer","meta":{"footnotes":""},"class_list":["post-3639","page","type-page","status-publish","hentry"],"_links":{"self":[{"href":"https:\/\/ciaravino.com.ar\/siben\/wp-json\/wp\/v2\/pages\/3639"}],"collection":[{"href":"https:\/\/ciaravino.com.ar\/siben\/wp-json\/wp\/v2\/pages"}],"about":[{"href":"https:\/\/ciaravino.com.ar\/siben\/wp-json\/wp\/v2\/types\/page"}],"author":[{"embeddable":true,"href":"https:\/\/ciaravino.com.ar\/siben\/wp-json\/wp\/v2\/users\/1"}],"replies":[{"embeddable":true,"href":"https:\/\/ciaravino.com.ar\/siben\/wp-json\/wp\/v2\/comments?post=3639"}],"version-history":[{"count":58,"href":"https:\/\/ciaravino.com.ar\/siben\/wp-json\/wp\/v2\/pages\/3639\/revisions"}],"predecessor-version":[{"id":3707,"href":"https:\/\/ciaravino.com.ar\/siben\/wp-json\/wp\/v2\/pages\/3639\/revisions\/3707"}],"wp:attachment":[{"href":"https:\/\/ciaravino.com.ar\/siben\/wp-json\/wp\/v2\/media?parent=3639"}],"curies":[{"name":"wp","href":"https:\/\/api.w.org\/{rel}","templated":true}]}}