{"id":4597,"date":"2024-06-26T20:46:32","date_gmt":"2024-06-26T23:46:32","guid":{"rendered":"https:\/\/ciaravino.com.ar\/siben\/?page_id=4597"},"modified":"2024-06-26T20:47:26","modified_gmt":"2024-06-26T23:47:26","slug":"actividades","status":"publish","type":"page","link":"https:\/\/ciaravino.com.ar\/siben\/proyectos\/educacion-y-docencia\/actividades\/","title":{"rendered":"Actividades"},"content":{"rendered":"\t\t<div data-elementor-type=\"wp-post\" data-elementor-id=\"4597\" class=\"elementor elementor-4597\">\n\t\t\t\t\t\t<section class=\"elementor-section elementor-top-section elementor-element elementor-element-e688ad5 elementor-section-boxed elementor-section-height-default elementor-section-height-default\" data-id=\"e688ad5\" data-element_type=\"section\">\n\t\t\t\t\t\t<div class=\"elementor-container elementor-column-gap-default\">\n\t\t\t\t\t<div class=\"elementor-column elementor-col-100 elementor-top-column elementor-element elementor-element-2210ac9\" data-id=\"2210ac9\" data-element_type=\"column\">\n\t\t\t<div class=\"elementor-widget-wrap elementor-element-populated\">\n\t\t\t\t\t\t<div class=\"elementor-element elementor-element-cad652d elementor-widget elementor-widget-heading\" data-id=\"cad652d\" data-element_type=\"widget\" data-widget_type=\"heading.default\">\n\t\t\t\t<div class=\"elementor-widget-container\">\n\t\t\t<h2 class=\"elementor-heading-title elementor-size-default\">Proyectos<\/h2>\t\t<\/div>\n\t\t\t\t<\/div>\n\t\t\t\t\t<\/div>\n\t\t<\/div>\n\t\t\t\t\t<\/div>\n\t\t<\/section>\n\t\t\t\t<section class=\"elementor-section elementor-top-section elementor-element elementor-element-f895c87 elementor-section-boxed elementor-section-height-default elementor-section-height-default\" data-id=\"f895c87\" data-element_type=\"section\">\n\t\t\t\t\t\t<div class=\"elementor-container elementor-column-gap-default\">\n\t\t\t\t\t<div class=\"elementor-column elementor-col-50 elementor-top-column elementor-element elementor-element-6697113 menu-lateral\" data-id=\"6697113\" data-element_type=\"column\" data-settings=\"{&quot;background_background&quot;:&quot;classic&quot;}\">\n\t\t\t<div class=\"elementor-widget-wrap elementor-element-populated\">\n\t\t\t\t\t\t<div class=\"elementor-element elementor-element-7702f5d elementor-widget elementor-widget-wpb-accordion-menu-or-category-pro\" data-id=\"7702f5d\" data-element_type=\"widget\" data-widget_type=\"wpb-accordion-menu-or-category-pro.default\">\n\t\t\t\t<div class=\"elementor-widget-container\">\n\t\t\t<div class=\"wpb-wamc-elementor-widget wpb-wamc-elementor-widget-show-in-popup\">\t\t\t<div class=\"wpb_category_n_menu_accordion wpb_accordion_free_version wpb_wmca_accordion_wrapper_theme_transparent wpb_the_menu_accordion\" data-shortcode_id=\"4169\" data-accordion=\"true\" data-indicator_icon=\"+\">\n\t\t\t\t\t\t\t\t<ul id=\"menu-proyectos\" class=\"wpb_category_n_menu_accordion_list\"><li id=\"menu-item-4143\" class=\"menu-item menu-item-type-custom menu-item-object-custom menu-item-has-children menu-item-4143\"><a href=\"#\" >CONSENSOS SIBEN<\/a>\n<ul\/ class=\"nav-dropdown sub-menu\" \/>\n\t<li id=\"menu-item-4132\" class=\"menu-item menu-item-type-post_type menu-item-object-page menu-item-4132\"><a href=\"https:\/\/ciaravino.com.ar\/siben\/proyectos\/consensos-siben\/consensos-siben-inicio\/\" >Inicio<\/a><\/li>\n\t<li id=\"menu-item-4131\" class=\"menu-item menu-item-type-post_type menu-item-object-page menu-item-4131\"><a href=\"https:\/\/ciaravino.com.ar\/siben\/proyectos\/consensos-siben\/consensos-siben-consenjo\/\" >Consenjo<\/a><\/li>\n\t<li id=\"menu-item-4188\" class=\"menu-item menu-item-type-post_type menu-item-object-page menu-item-4188\"><a href=\"https:\/\/ciaravino.com.ar\/siben\/proyectos\/consensos-siben\/consensos-siben-consensos-clinicos-publicados\/\" >Consensos Cl\u00ednicos Publicados<\/a><\/li>\n\t<li id=\"menu-item-4258\" class=\"menu-item menu-item-type-post_type menu-item-object-page menu-item-4258\"><a href=\"https:\/\/ciaravino.com.ar\/siben\/proyectos\/consensos-siben\/proximo-consenso\/\" >Pr\u00f3ximo Consenso<\/a><\/li>\n<\/ul>\n<\/li>\n<li id=\"menu-item-4144\" class=\"menu-item menu-item-type-custom menu-item-object-custom menu-item-has-children menu-item-4144\"><a href=\"#\" >CUIDE SIBEN<\/a>\n<ul\/ class=\"nav-dropdown sub-menu\" \/>\n\t<li id=\"menu-item-4313\" class=\"menu-item menu-item-type-post_type menu-item-object-page menu-item-4313\"><a href=\"https:\/\/ciaravino.com.ar\/siben\/proyectos\/cuide-siben\/inicio\/\" >Inicio<\/a><\/li>\n\t<li id=\"menu-item-4312\" class=\"menu-item menu-item-type-post_type menu-item-object-page menu-item-4312\"><a href=\"https:\/\/ciaravino.com.ar\/siben\/proyectos\/cuide-siben\/consenjo\/\" >Consenjo<\/a><\/li>\n\t<li id=\"menu-item-4311\" class=\"menu-item menu-item-type-post_type menu-item-object-page menu-item-4311\"><a href=\"https:\/\/ciaravino.com.ar\/siben\/proyectos\/cuide-siben\/videoconferencias-y-cursos\/\" >Videoconferencias y Cursos<\/a><\/li>\n\t<li id=\"menu-item-4310\" class=\"menu-item menu-item-type-post_type menu-item-object-page menu-item-4310\"><a href=\"https:\/\/ciaravino.com.ar\/siben\/proyectos\/cuide-siben\/materiales-de-difusion\/\" >Materiales de difusi\u00f3n<\/a><\/li>\n<\/ul>\n<\/li>\n<li id=\"menu-item-4351\" class=\"menu-item menu-item-type-custom menu-item-object-custom menu-item-has-children menu-item-4351\"><a href=\"#\" >DINSIBEN<\/a>\n<ul\/ class=\"nav-dropdown sub-menu\" \/>\n\t<li id=\"menu-item-4353\" class=\"menu-item menu-item-type-post_type menu-item-object-page menu-item-4353\"><a href=\"https:\/\/ciaravino.com.ar\/siben\/proyectos\/dinsiben\/consenjo\/\" >Consenjo<\/a><\/li>\n\t<li id=\"menu-item-4352\" class=\"menu-item menu-item-type-post_type menu-item-object-page menu-item-4352\"><a href=\"https:\/\/ciaravino.com.ar\/siben\/proyectos\/dinsiben\/asesoramiento-siben-para-investigar\/\" >Asesoramiento SIBEN para investigar<\/a><\/li>\n<\/ul>\n<\/li>\n<li id=\"menu-item-4473\" class=\"menu-item menu-item-type-custom menu-item-object-custom menu-item-has-children menu-item-4473\"><a href=\"#\" >ENFERMER\u00cdA<\/a>\n<ul\/ class=\"nav-dropdown sub-menu\" \/>\n\t<li id=\"menu-item-4480\" class=\"menu-item menu-item-type-post_type menu-item-object-page menu-item-4480\"><a href=\"https:\/\/ciaravino.com.ar\/siben\/proyectos\/enfermeria\/inicio\/\" >Inicio<\/a><\/li>\n\t<li id=\"menu-item-4479\" class=\"menu-item menu-item-type-post_type menu-item-object-page menu-item-4479\"><a href=\"https:\/\/ciaravino.com.ar\/siben\/proyectos\/enfermeria\/quienes-somos\/\" >\u00bfQui\u00e9nes somos?<\/a><\/li>\n\t<li id=\"menu-item-4478\" class=\"menu-item menu-item-type-post_type menu-item-object-page menu-item-4478\"><a href=\"https:\/\/ciaravino.com.ar\/siben\/proyectos\/enfermeria\/objetivos\/\" >Objetivos<\/a><\/li>\n\t<li id=\"menu-item-4477\" class=\"menu-item menu-item-type-post_type menu-item-object-page menu-item-4477\"><a href=\"https:\/\/ciaravino.com.ar\/siben\/proyectos\/enfermeria\/siben-recomienda\/\" >SIBEN Recomienda<\/a><\/li>\n\t<li id=\"menu-item-4476\" class=\"menu-item menu-item-type-post_type menu-item-object-page menu-item-4476\"><a href=\"https:\/\/ciaravino.com.ar\/siben\/proyectos\/enfermeria\/i-seminario-internacional-de-enfermeria-neonatal-4-6-de-julio-2024\/\" >I Seminario Internacional de Enfermer\u00eda Neonatal, 4-6 de julio 2024<\/a><\/li>\n\t<li id=\"menu-item-4475\" class=\"menu-item menu-item-type-post_type menu-item-object-page menu-item-4475\"><a href=\"https:\/\/ciaravino.com.ar\/siben\/proyectos\/enfermeria\/siben-recuerda\/\" >SIBEN RECUERDA<\/a><\/li>\n\t<li id=\"menu-item-4474\" class=\"menu-item menu-item-type-post_type menu-item-object-page menu-item-4474\"><a href=\"https:\/\/ciaravino.com.ar\/siben\/proyectos\/enfermeria\/contacto\/\" >Contacto<\/a><\/li>\n<\/ul>\n<\/li>\n<li id=\"menu-item-4606\" class=\"menu-item menu-item-type-custom menu-item-object-custom menu-item-has-children menu-item-4606\"><a href=\"#\" >EDUCACI\u00d3N Y DOCENCIA<\/a>\n<ul\/ class=\"nav-dropdown sub-menu\" \/>\n\t<li id=\"menu-item-4609\" class=\"menu-item menu-item-type-post_type menu-item-object-page menu-item-4609\"><a href=\"https:\/\/ciaravino.com.ar\/siben\/proyectos\/educacion-y-docencia\/inicio\/\" >Inicio<\/a><\/li>\n\t<li id=\"menu-item-4608\" class=\"menu-item menu-item-type-post_type menu-item-object-page menu-item-4608\"><a href=\"https:\/\/ciaravino.com.ar\/siben\/proyectos\/educacion-y-docencia\/consejo\/\" >Consejo<\/a><\/li>\n\t<li id=\"menu-item-4607\" class=\"menu-item menu-item-type-post_type menu-item-object-page menu-item-4607\"><a href=\"https:\/\/ciaravino.com.ar\/siben\/proyectos\/educacion-y-docencia\/actividades\/\" >Actividades<\/a><\/li>\n<\/ul>\n<\/li>\n<li id=\"menu-item-4610\" class=\"menu-item menu-item-type-custom menu-item-object-custom menu-item-4610\"><a target=\"_blank\" href=\"https:\/\/sites.google.com\/siben.net\/famisiben\/inicio?authuser=3\" >FAMISIBEN<\/a><\/li>\n<li id=\"menu-item-4617\" class=\"menu-item menu-item-type-custom menu-item-object-custom menu-item-has-children menu-item-4617\"><a href=\"#\" >GRIN SIBEN<\/a>\n<ul\/ class=\"nav-dropdown sub-menu\" \/>\n\t<li id=\"menu-item-4700\" class=\"menu-item menu-item-type-post_type menu-item-object-page menu-item-4700\"><a href=\"https:\/\/ciaravino.com.ar\/siben\/proyectos\/grin-siben\/inicio\/\" >Inicio<\/a><\/li>\n\t<li id=\"menu-item-4707\" class=\"menu-item menu-item-type-post_type menu-item-object-page menu-item-4707\"><a href=\"https:\/\/ciaravino.com.ar\/siben\/proyectos\/grin-siben\/quienes-somos\/\" >\u00bfQui\u00e9nes somos?<\/a><\/li>\n\t<li id=\"menu-item-4699\" class=\"menu-item menu-item-type-post_type menu-item-object-page menu-item-4699\"><a href=\"https:\/\/ciaravino.com.ar\/siben\/proyectos\/grin-siben\/mision-vision-y-objetivos\/\" >Misi\u00f3n, Visi\u00f3n y Objetivos<\/a><\/li>\n\t<li id=\"menu-item-4701\" class=\"menu-item menu-item-type-post_type menu-item-object-page menu-item-4701\"><a href=\"https:\/\/ciaravino.com.ar\/siben\/proyectos\/grin-siben\/historia-de-grinsiben-y-conformacion-de-las-areas\/\" >Historia de GRINSIBEN y Conformaci\u00f3n de las \u00e1reas<\/a><\/li>\n\t<li id=\"menu-item-4770\" class=\"menu-item menu-item-type-post_type menu-item-object-page menu-item-4770\"><a href=\"https:\/\/ciaravino.com.ar\/siben\/proyectos\/grin-siben\/talleres-organizados-y-realizados\/\" >Talleres organizados y realizados<\/a><\/li>\n\t<li id=\"menu-item-4771\" class=\"menu-item menu-item-type-post_type menu-item-object-page menu-item-4771\"><a href=\"https:\/\/ciaravino.com.ar\/siben\/proyectos\/grin-siben\/publicaciones-actuales\/\" >Publicaciones actuales<\/a><\/li>\n\t<li id=\"menu-item-4773\" class=\"menu-item menu-item-type-post_type menu-item-object-page menu-item-4773\"><a href=\"https:\/\/ciaravino.com.ar\/siben\/proyectos\/grin-siben\/articulos-de-interes-del-trabajo-interdisciplinar\/\" >Art\u00edculos de inter\u00e9s del trabajo interdisciplinar<\/a><\/li>\n\t<li id=\"menu-item-4772\" class=\"menu-item menu-item-type-post_type menu-item-object-page menu-item-4772\"><a href=\"https:\/\/ciaravino.com.ar\/siben\/proyectos\/grin-siben\/contacto\/\" >Contacto<\/a><\/li>\n<\/ul>\n<\/li>\n<li id=\"menu-item-4618\" class=\"menu-item menu-item-type-custom menu-item-object-custom menu-item-has-children menu-item-4618\"><a href=\"#\" >RED SIBEN<\/a>\n<ul\/ class=\"nav-dropdown sub-menu\" \/>\n\t<li id=\"menu-item-4789\" class=\"menu-item menu-item-type-post_type menu-item-object-page menu-item-4789\"><a href=\"https:\/\/ciaravino.com.ar\/siben\/proyectos\/red-siben\/inicio-2\/\" >Inicio<\/a><\/li>\n\t<li id=\"menu-item-4788\" class=\"menu-item menu-item-type-post_type menu-item-object-page menu-item-4788\"><a href=\"https:\/\/ciaravino.com.ar\/siben\/proyectos\/red-siben\/consejo\/\" >Consejo<\/a><\/li>\n\t<li id=\"menu-item-4787\" class=\"menu-item menu-item-type-post_type menu-item-object-page menu-item-4787\"><a href=\"https:\/\/ciaravino.com.ar\/siben\/proyectos\/red-siben\/actividades\/\" >Actividades<\/a><\/li>\n<\/ul>\n<\/li>\n<li id=\"menu-item-4619\" class=\"menu-item menu-item-type-custom menu-item-object-custom menu-item-has-children menu-item-4619\"><a href=\"#\" >RELACIONES INTERINSTITUCIONALES<\/a>\n<ul\/ class=\"nav-dropdown sub-menu\" \/>\n\t<li id=\"menu-item-4817\" class=\"menu-item menu-item-type-post_type menu-item-object-page menu-item-4817\"><a href=\"https:\/\/ciaravino.com.ar\/siben\/proyectos\/relaciones-interinstitucionales\/inicio\/\" >Inicio<\/a><\/li>\n\t<li id=\"menu-item-4816\" class=\"menu-item menu-item-type-post_type menu-item-object-page menu-item-4816\"><a href=\"https:\/\/ciaravino.com.ar\/siben\/proyectos\/relaciones-interinstitucionales\/consejo\/\" >Consejo<\/a><\/li>\n\t<li id=\"menu-item-4815\" class=\"menu-item menu-item-type-post_type menu-item-object-page menu-item-4815\"><a href=\"https:\/\/ciaravino.com.ar\/siben\/proyectos\/relaciones-interinstitucionales\/convenios\/\" >Convenios<\/a><\/li>\n<\/ul>\n<\/li>\n<li id=\"menu-item-4620\" class=\"menu-item menu-item-type-custom menu-item-object-custom menu-item-has-children menu-item-4620\"><a href=\"#\" >RESISIBEN<\/a>\n<ul\/ class=\"nav-dropdown sub-menu\" \/>\n\t<li id=\"menu-item-4849\" class=\"menu-item menu-item-type-post_type menu-item-object-page menu-item-4849\"><a href=\"https:\/\/ciaravino.com.ar\/siben\/proyectos\/resisiben\/inicio\/\" >Inicio<\/a><\/li>\n\t<li id=\"menu-item-4847\" class=\"menu-item menu-item-type-post_type menu-item-object-page menu-item-4847\"><a href=\"https:\/\/ciaravino.com.ar\/siben\/proyectos\/resisiben\/consejo\/\" >Consejo<\/a><\/li>\n\t<li id=\"menu-item-4846\" class=\"menu-item menu-item-type-post_type menu-item-object-page menu-item-4846\"><a href=\"https:\/\/ciaravino.com.ar\/siben\/proyectos\/resisiben\/mision-vision-valores\/\" >Misi\u00f3n \u2013 Visi\u00f3n \u2013 Valores<\/a><\/li>\n\t<li id=\"menu-item-4845\" class=\"menu-item menu-item-type-post_type menu-item-object-page menu-item-4845\"><a href=\"https:\/\/ciaravino.com.ar\/siben\/proyectos\/resisiben\/actividades-y-videconferencias\/\" >Actividades y videconferencias<\/a><\/li>\n<\/ul>\n<\/li>\n<li id=\"menu-item-4621\" class=\"menu-item menu-item-type-custom menu-item-object-custom menu-item-has-children menu-item-4621\"><a href=\"#\" >FILANTROP\u00cdA SIBEN<\/a>\n<ul\/ class=\"nav-dropdown sub-menu\" \/>\n\t<li id=\"menu-item-4881\" class=\"menu-item menu-item-type-post_type menu-item-object-page menu-item-4881\"><a href=\"https:\/\/ciaravino.com.ar\/siben\/proyectos\/filantropia-siben\/premio-siben-alicia-sola-al-altruismo-neonatal\/\" >Premio SIBEN, \u201cAlicia Sola al altruismo neonatal\u201d<\/a><\/li>\n\t<li id=\"menu-item-4880\" class=\"menu-item menu-item-type-post_type menu-item-object-page menu-item-4880\"><a href=\"https:\/\/ciaravino.com.ar\/siben\/proyectos\/filantropia-siben\/como-postularse\/\" >Como postularse<\/a><\/li>\n<\/ul>\n<\/li>\n<\/ul>\t\t\t\t\t\t\t<\/div>\n\t\t<\/div>\t\t<\/div>\n\t\t\t\t<\/div>\n\t\t\t\t\t<\/div>\n\t\t<\/div>\n\t\t\t\t<div class=\"elementor-column elementor-col-50 elementor-top-column elementor-element elementor-element-23e77e6\" data-id=\"23e77e6\" data-element_type=\"column\">\n\t\t\t<div class=\"elementor-widget-wrap elementor-element-populated\">\n\t\t\t\t\t\t<section class=\"elementor-section elementor-inner-section elementor-element elementor-element-f1a8f90 elementor-section-boxed elementor-section-height-default elementor-section-height-default\" data-id=\"f1a8f90\" data-element_type=\"section\">\n\t\t\t\t\t\t<div class=\"elementor-container elementor-column-gap-default\">\n\t\t\t\t\t<div class=\"elementor-column elementor-col-100 elementor-inner-column elementor-element elementor-element-5ae9092\" data-id=\"5ae9092\" data-element_type=\"column\">\n\t\t\t<div class=\"elementor-widget-wrap elementor-element-populated\">\n\t\t\t\t\t\t<div class=\"elementor-element elementor-element-27074ce elementor-widget elementor-widget-heading\" data-id=\"27074ce\" data-element_type=\"widget\" data-widget_type=\"heading.default\">\n\t\t\t\t<div class=\"elementor-widget-container\">\n\t\t\t<h2 class=\"elementor-heading-title elementor-size-default\">Actividades<\/h2>\t\t<\/div>\n\t\t\t\t<\/div>\n\t\t\t\t<div class=\"elementor-element elementor-element-557398a elementor-widget elementor-widget-text-editor\" data-id=\"557398a\" data-element_type=\"widget\" data-widget_type=\"text-editor.default\">\n\t\t\t\t<div class=\"elementor-widget-container\">\n\t\t\t\t\t\t\t<p>Los objetivos educativos de SIBEN se han cumplido a trav\u00e9s de diferentes modalidades<\/p><p><b>A.- Di\u00e1logos Neonatales SIBEN<\/b>\u00a0(iniciados en 2008): es una modalidad educativa original y participativa para m\u00e9dicos\/as y enfermeros\/as. El proceso es iniciado por solicitud de una \u00absede local\u00bb, a trav\u00e9s de alg\u00fan grupo de profesionales miembros activos de SIBEN. Pueden ser realizados en forma presencial (preferible) o virtual.<\/p><p>Si usted est\u00e1 interesado que en su ciudad los profesores de SIBEN realicen Di\u00e1logos Neonatales comunicarse para conocer los requisitos marcelo.cardetti@siben.net\u00a0<\/p><p><b>B. Cursos a trav\u00e9s de la plataforma EPA-SIBEN<\/b>\u00a0(Educaci\u00f3n Para Avanzar) incorporando la modalidad a distancia con clases grabadas, aulas sincr\u00f3nicas y foros de participaci\u00f3n.\u00a0<\/p><p>Algunas de las actividades realizadas<\/p><p>Monitorizaci\u00f3n de la oxigenaci\u00f3n cerebral y tisular,\u00a0<br \/>Lectura cr\u00edtica de la literatura neonatal,\u00a0<br \/>De guardia en neonatolog\u00eda<br \/>Monitorizaci\u00f3n del RN cr\u00edticamente enfermo para enfermer\u00eda y medicina\u00a0<br \/>Decisiones cl\u00ednicas en el cuidado integral del RN<br \/>Para consultar los pr\u00f3ximos cursos e inscribirse (link a plataforma nueva)<\/p><p><b>C. Entrevistas con expertos<\/b>: se trata de actividades con profesores y expertos del \u00e1rea neonatal que abordan una tem\u00e1tica especifica; un entrevistador coordina las preguntas de los participantes y se enumeran conclusiones al final de las mismas.\u00a0<\/p><p>Algunas de las entrevistas realizadas<br \/>\u00abTodo lo que sabemos y no sabemos de Ventilaci\u00f3n Mec\u00e1nica Neonatal\u00bb,\u00a0\u00a0<br \/>\u00abTodo lo que sabemos y no sabemos de nutrici\u00f3n neonatal\u00bb,\u00a0<br \/>\u00abC\u00f3mo cuidamos a las familias en la UCIN\u00bb,\u00a0<br \/>\u00abDebate a la manera de SIBEN y , Controversias en Neonatolog\u00eda, pro y contras\u00bb<\/p><p><b>D. Educaci\u00f3n en terreno:<\/b>\u00a0SIBEN ha trabajado en diferentes unidades, regiones y pa\u00edses implementado proceso de mejora en terreno<\/p>\t\t\t\t\t\t<\/div>\n\t\t\t\t<\/div>\n\t\t\t\t\t<\/div>\n\t\t<\/div>\n\t\t\t\t\t<\/div>\n\t\t<\/section>\n\t\t\t\t\t<\/div>\n\t\t<\/div>\n\t\t\t\t\t<\/div>\n\t\t<\/section>\n\t\t\t\t<section class=\"elementor-section elementor-top-section elementor-element elementor-element-8168caf elementor-section-boxed elementor-section-height-default elementor-section-height-default\" data-id=\"8168caf\" data-element_type=\"section\">\n\t\t\t\t\t\t<div class=\"elementor-container elementor-column-gap-default\">\n\t\t\t\t\t<div class=\"elementor-column elementor-col-100 elementor-top-column elementor-element elementor-element-19f2537\" data-id=\"19f2537\" data-element_type=\"column\">\n\t\t\t<div class=\"elementor-widget-wrap elementor-element-populated\">\n\t\t\t\t\t\t<div class=\"elementor-element elementor-element-ba0c223 elementor-widget elementor-widget-spacer\" data-id=\"ba0c223\" data-element_type=\"widget\" data-widget_type=\"spacer.default\">\n\t\t\t\t<div class=\"elementor-widget-container\">\n\t\t\t\t\t<div class=\"elementor-spacer\">\n\t\t\t<div class=\"elementor-spacer-inner\"><\/div>\n\t\t<\/div>\n\t\t\t\t<\/div>\n\t\t\t\t<\/div>\n\t\t\t\t\t<\/div>\n\t\t<\/div>\n\t\t\t\t\t<\/div>\n\t\t<\/section>\n\t\t\t\t<\/div>\n\t\t","protected":false},"excerpt":{"rendered":"<p>Proyectos Consensos SIBEN Inicio Consenjo Consensos Cl\u00ednicos Publicados Pr\u00f3ximo Consenso Cuide SIBEN Inicio Consenjo Videoconferencias y Cursos Materiales de difusi\u00f3n DINSIBEN Consenjo Asesoramiento SIBEN para investigar ENFERMER\u00cdA Inicio \u00bfQui\u00e9nes somos? Objetivos SIBEN Recomienda I Seminario Internacional de Enfermer\u00eda Neonatal, 4-6 de julio 2024 SIBEN RECUERDA Contacto Actividades Los objetivos educativos de SIBEN se han cumplido [&hellip;]<\/p>\n","protected":false},"author":1,"featured_media":0,"parent":4585,"menu_order":0,"comment_status":"closed","ping_status":"closed","template":"elementor_header_footer","meta":{"footnotes":""},"class_list":["post-4597","page","type-page","status-publish","hentry"],"_links":{"self":[{"href":"https:\/\/ciaravino.com.ar\/siben\/wp-json\/wp\/v2\/pages\/4597"}],"collection":[{"href":"https:\/\/ciaravino.com.ar\/siben\/wp-json\/wp\/v2\/pages"}],"about":[{"href":"https:\/\/ciaravino.com.ar\/siben\/wp-json\/wp\/v2\/types\/page"}],"author":[{"embeddable":true,"href":"https:\/\/ciaravino.com.ar\/siben\/wp-json\/wp\/v2\/users\/1"}],"replies":[{"embeddable":true,"href":"https:\/\/ciaravino.com.ar\/siben\/wp-json\/wp\/v2\/comments?post=4597"}],"version-history":[{"count":4,"href":"https:\/\/ciaravino.com.ar\/siben\/wp-json\/wp\/v2\/pages\/4597\/revisions"}],"predecessor-version":[{"id":4601,"href":"https:\/\/ciaravino.com.ar\/siben\/wp-json\/wp\/v2\/pages\/4597\/revisions\/4601"}],"up":[{"embeddable":true,"href":"https:\/\/ciaravino.com.ar\/siben\/wp-json\/wp\/v2\/pages\/4585"}],"wp:attachment":[{"href":"https:\/\/ciaravino.com.ar\/siben\/wp-json\/wp\/v2\/media?parent=4597"}],"curies":[{"name":"wp","href":"https:\/\/api.w.org\/{rel}","templated":true}]}}