{"id":4971,"date":"2024-07-03T14:11:31","date_gmt":"2024-07-03T17:11:31","guid":{"rendered":"https:\/\/ciaravino.com.ar\/siben\/?page_id=4971"},"modified":"2024-07-03T15:36:03","modified_gmt":"2024-07-03T18:36:03","slug":"donate-button","status":"publish","type":"page","link":"https:\/\/ciaravino.com.ar\/siben\/donate-button\/","title":{"rendered":"Donar Ahora"},"content":{"rendered":"\t\t<div data-elementor-type=\"wp-post\" data-elementor-id=\"4971\" class=\"elementor elementor-4971\">\n\t\t\t\t\t\t<section class=\"elementor-section elementor-top-section elementor-element elementor-element-303f66c colors elementor-section-boxed elementor-section-height-default elementor-section-height-default\" data-id=\"303f66c\" data-element_type=\"section\" data-settings=\"{&quot;background_background&quot;:&quot;classic&quot;}\">\n\t\t\t\t\t\t<div class=\"elementor-container elementor-column-gap-default\">\n\t\t\t\t\t<div class=\"elementor-column elementor-col-100 elementor-top-column elementor-element elementor-element-182ad86\" data-id=\"182ad86\" data-element_type=\"column\">\n\t\t\t<div class=\"elementor-widget-wrap elementor-element-populated\">\n\t\t\t\t\t\t<section class=\"elementor-section elementor-inner-section elementor-element elementor-element-563e4ef elementor-section-boxed elementor-section-height-default elementor-section-height-default\" data-id=\"563e4ef\" data-element_type=\"section\">\n\t\t\t\t\t\t<div class=\"elementor-container elementor-column-gap-default\">\n\t\t\t\t\t<div class=\"elementor-column elementor-col-50 elementor-inner-column elementor-element elementor-element-c3db931\" data-id=\"c3db931\" data-element_type=\"column\">\n\t\t\t<div class=\"elementor-widget-wrap elementor-element-populated\">\n\t\t\t\t\t\t<div class=\"elementor-element elementor-element-ee692af elementor-widget elementor-widget-image\" data-id=\"ee692af\" data-element_type=\"widget\" data-widget_type=\"image.default\">\n\t\t\t\t<div class=\"elementor-widget-container\">\n\t\t\t\t\t\t\t\t\t\t\t\t\t<img decoding=\"async\" width=\"114\" height=\"114\" src=\"https:\/\/ciaravino.com.ar\/siben\/wp-content\/uploads\/2024\/07\/logo_btn_circ.png\" class=\"attachment-large size-large wp-image-4992\" alt=\"\" \/>\t\t\t\t\t\t\t\t\t\t\t\t\t<\/div>\n\t\t\t\t<\/div>\n\t\t\t\t\t<\/div>\n\t\t<\/div>\n\t\t\t\t<div class=\"elementor-column elementor-col-50 elementor-inner-column elementor-element elementor-element-6c06968\" data-id=\"6c06968\" data-element_type=\"column\" data-settings=\"{&quot;background_background&quot;:&quot;classic&quot;}\">\n\t\t\t<div class=\"elementor-widget-wrap elementor-element-populated\">\n\t\t\t\t\t\t<div class=\"elementor-element elementor-element-7839fdf elementor-widget elementor-widget-heading\" data-id=\"7839fdf\" data-element_type=\"widget\" data-widget_type=\"heading.default\">\n\t\t\t\t<div class=\"elementor-widget-container\">\n\t\t\t<h2 class=\"elementor-heading-title elementor-size-default\">Donar Ahora<br><\/h2>\t\t<\/div>\n\t\t\t\t<\/div>\n\t\t\t\t<div class=\"elementor-element elementor-element-2f9e7a7 elementor-widget elementor-widget-text-editor\" data-id=\"2f9e7a7\" data-element_type=\"widget\" data-widget_type=\"text-editor.default\">\n\t\t\t\t<div class=\"elementor-widget-container\">\n\t\t\t\t\t\t\t<p><em><strong>Est\u00e1s a punto de hacer algo incre\u00edble!<\/strong><\/em><br \/>Nuestro objetivo es mejorar la calidad de vida de los reci\u00e9n nacidos y sus familias a trav\u00e9s de educaci\u00f3n continua en los pa\u00edses Iberoamericanos.<\/p><p><strong>Ayudanos a lograrlo<\/strong>. Cada <strong>u$d 80<\/strong> capacitamos a un m\u00e9dico o una enfermera durante 3 d\u00edas y <strong>as\u00ed disminuir la mortalidad infantil<\/strong> en lugares necesitados.<\/p><p>Hacelo ahora es muy f\u00e1cil y seguro, eleg\u00ed la opci\u00f3n de pago y podr\u00e1s donar: u$d <strong>10<\/strong>, u$d <strong>30<\/strong>, u$d <strong>50<\/strong> u <strong>OTRO MONTO<\/strong>.<\/p><p>\u00a1Much\u00edsimas gracias por tu contribuci\u00f3n al bienestar de la ni\u00f1ez!<\/p>\t\t\t\t\t\t<\/div>\n\t\t\t\t<\/div>\n\t\t\t\t<div class=\"elementor-element elementor-element-14ad143 elementor-widget elementor-widget-heading\" data-id=\"14ad143\" data-element_type=\"widget\" data-widget_type=\"heading.default\">\n\t\t\t\t<div class=\"elementor-widget-container\">\n\t\t\t<h2 class=\"elementor-heading-title elementor-size-default\">MAKE A DONATION<\/h2>\t\t<\/div>\n\t\t\t\t<\/div>\n\t\t\t\t<div class=\"elementor-element elementor-element-eb13fb9 elementor-widget elementor-widget-text-editor\" data-id=\"eb13fb9\" data-element_type=\"widget\" data-widget_type=\"text-editor.default\">\n\t\t\t\t<div class=\"elementor-widget-container\">\n\t\t\t\t\t\t\t<p><em><strong>You are about to do something amazing!<\/strong><\/em><br \/>Our mission is to improve the quality of life of vulnerable newborns and children and their families through continuing education in Ibero-American countries.<\/p><p><strong>Help us to help<\/strong>. For 80 dollars we train a doctor or a nurse for 3 days and thus reduce infant mortality in needy places.<\/p><p>Make your donation now. It is very easy and safe: Chose the payment option from below and you will be able to donate <strong>10, 30, 50<\/strong> dollars or any <strong>another amount<\/strong> that you decide.<\/p><p>Many thanks for your generous support!<\/p>\t\t\t\t\t\t<\/div>\n\t\t\t\t<\/div>\n\t\t\t\t<div class=\"elementor-element elementor-element-f0ef374 elementor-widget elementor-widget-html\" data-id=\"f0ef374\" data-element_type=\"widget\" data-widget_type=\"html.default\">\n\t\t\t\t<div class=\"elementor-widget-container\">\n\t\t\t<p class=\"xs-mb-20\">Donar con <b>PayPal<\/b>\t<\/p>\r\n\t\t\t\t\t\t\t\t\t\t<form action=\"https:\/\/www.paypal.com\/cgi-bin\/webscr\" method=\"post\" target=\"_top\">\r\n\t\t\t\t\t\t\t\t\t\t\t<input type=\"hidden\" name=\"cmd\" value=\"_s-xclick\" \/>\r\n\t\t\t\t\t\t\t\t\t\t\t<input type=\"hidden\" name=\"hosted_button_id\" value=\"3ST64TTAQTWXQ\" \/>\r\n\t\t\t\t\t\t\t\t\t\t\t<button type=\"submit\" class=\"btn btn-success\"><span class=\"badge\"><i class=\"fa fa-heart\"><\/i><\/span> Donar Ahora <i class=\"fa fa-paypal\"><\/i><\/button>\r\n\t\t\t\t\t\t\t\t\t\t<\/form>\r\n\t\t\t\t\t\t\t\t\t\t<br \/>\r\n\t\t\t\t\t\t\t\t\t\t<br \/>\r\n\t\t\t\t\t\t\t\t\t\t<p class=\"xs-mb-20\">Donar con <b>Authorize.net<\/b>\t<\/p>\r\n\t\t\t\t\t\t\t\t\t\t<form name=\"PrePage\" method = \"post\" action = \"https:\/\/Simplecheckout.authorize.net\/payment\/CatalogPayment.aspx\"> <input type = \"hidden\" name = \"LinkId\" value =\"162ce516-b14b-4687-a034-9508b2d86f4e\" \/> <button type=\"submit\" class=\"btn btn-success\"><span class=\"badge\"><i class=\"fa fa-heart\"><\/i><\/span> Donar Ahora <\/button> <\/form>\t\t\t<\/div>\n\t\t\t\t<\/div>\n\t\t\t\t<div class=\"elementor-element elementor-element-0d48b4a elementor-widget elementor-widget-spacer\" data-id=\"0d48b4a\" data-element_type=\"widget\" data-widget_type=\"spacer.default\">\n\t\t\t\t<div class=\"elementor-widget-container\">\n\t\t\t\t\t<div class=\"elementor-spacer\">\n\t\t\t<div class=\"elementor-spacer-inner\"><\/div>\n\t\t<\/div>\n\t\t\t\t<\/div>\n\t\t\t\t<\/div>\n\t\t\t\t\t<\/div>\n\t\t<\/div>\n\t\t\t\t\t<\/div>\n\t\t<\/section>\n\t\t\t\t\t<\/div>\n\t\t<\/div>\n\t\t\t\t\t<\/div>\n\t\t<\/section>\n\t\t\t\t<\/div>\n\t\t","protected":false},"excerpt":{"rendered":"<p>Donar Ahora Est\u00e1s a punto de hacer algo incre\u00edble!Nuestro objetivo es mejorar la calidad de vida de los reci\u00e9n nacidos y sus familias a trav\u00e9s de educaci\u00f3n continua en los pa\u00edses Iberoamericanos. Ayudanos a lograrlo. Cada u$d 80 capacitamos a un m\u00e9dico o una enfermera durante 3 d\u00edas y as\u00ed disminuir la mortalidad infantil en [&hellip;]<\/p>\n","protected":false},"author":1,"featured_media":0,"parent":0,"menu_order":0,"comment_status":"closed","ping_status":"closed","template":"elementor_header_footer","meta":{"footnotes":""},"class_list":["post-4971","page","type-page","status-publish","hentry"],"_links":{"self":[{"href":"https:\/\/ciaravino.com.ar\/siben\/wp-json\/wp\/v2\/pages\/4971"}],"collection":[{"href":"https:\/\/ciaravino.com.ar\/siben\/wp-json\/wp\/v2\/pages"}],"about":[{"href":"https:\/\/ciaravino.com.ar\/siben\/wp-json\/wp\/v2\/types\/page"}],"author":[{"embeddable":true,"href":"https:\/\/ciaravino.com.ar\/siben\/wp-json\/wp\/v2\/users\/1"}],"replies":[{"embeddable":true,"href":"https:\/\/ciaravino.com.ar\/siben\/wp-json\/wp\/v2\/comments?post=4971"}],"version-history":[{"count":32,"href":"https:\/\/ciaravino.com.ar\/siben\/wp-json\/wp\/v2\/pages\/4971\/revisions"}],"predecessor-version":[{"id":5010,"href":"https:\/\/ciaravino.com.ar\/siben\/wp-json\/wp\/v2\/pages\/4971\/revisions\/5010"}],"wp:attachment":[{"href":"https:\/\/ciaravino.com.ar\/siben\/wp-json\/wp\/v2\/media?parent=4971"}],"curies":[{"name":"wp","href":"https:\/\/api.w.org\/{rel}","templated":true}]}}