{"id":5208,"date":"2024-07-03T20:10:25","date_gmt":"2024-07-03T23:10:25","guid":{"rendered":"https:\/\/ciaravino.com.ar\/siben\/?page_id=5208"},"modified":"2024-07-03T20:15:39","modified_gmt":"2024-07-03T23:15:39","slug":"campus-educativo-epa","status":"publish","type":"page","link":"https:\/\/ciaravino.com.ar\/siben\/educacion\/campus-educativo-epa\/","title":{"rendered":"Campus Educativo EPA"},"content":{"rendered":"\t\t<div data-elementor-type=\"wp-post\" data-elementor-id=\"5208\" class=\"elementor elementor-5208\">\n\t\t\t\t\t\t<section class=\"elementor-section elementor-top-section elementor-element elementor-element-e688ad5 elementor-section-boxed elementor-section-height-default elementor-section-height-default\" data-id=\"e688ad5\" data-element_type=\"section\">\n\t\t\t\t\t\t<div class=\"elementor-container elementor-column-gap-default\">\n\t\t\t\t\t<div class=\"elementor-column elementor-col-100 elementor-top-column elementor-element elementor-element-2210ac9\" data-id=\"2210ac9\" data-element_type=\"column\">\n\t\t\t<div class=\"elementor-widget-wrap elementor-element-populated\">\n\t\t\t\t\t\t<div class=\"elementor-element elementor-element-cad652d elementor-widget elementor-widget-heading\" data-id=\"cad652d\" data-element_type=\"widget\" data-widget_type=\"heading.default\">\n\t\t\t\t<div class=\"elementor-widget-container\">\n\t\t\t<h2 class=\"elementor-heading-title elementor-size-default\">Educaci\u00f3n<\/h2>\t\t<\/div>\n\t\t\t\t<\/div>\n\t\t\t\t\t<\/div>\n\t\t<\/div>\n\t\t\t\t\t<\/div>\n\t\t<\/section>\n\t\t\t\t<section class=\"elementor-section elementor-top-section elementor-element elementor-element-85ca297 elementor-section-boxed elementor-section-height-default elementor-section-height-default\" data-id=\"85ca297\" data-element_type=\"section\">\n\t\t\t\t\t\t<div class=\"elementor-container elementor-column-gap-default\">\n\t\t\t\t\t<div class=\"elementor-column elementor-col-50 elementor-top-column elementor-element elementor-element-621faef menu-lateral\" data-id=\"621faef\" data-element_type=\"column\" data-settings=\"{&quot;background_background&quot;:&quot;classic&quot;}\">\n\t\t\t<div class=\"elementor-widget-wrap elementor-element-populated\">\n\t\t\t\t\t\t<div class=\"elementor-element elementor-element-fd40643 elementor-widget elementor-widget-wpb-accordion-menu-or-category-pro\" data-id=\"fd40643\" data-element_type=\"widget\" data-widget_type=\"wpb-accordion-menu-or-category-pro.default\">\n\t\t\t\t<div class=\"elementor-widget-container\">\n\t\t\t<div class=\"wpb-wamc-elementor-widget wpb-wamc-elementor-widget-show-in-popup\">\t\t\t<div class=\"wpb_category_n_menu_accordion wpb_accordion_free_version wpb_wmca_accordion_wrapper_theme_transparent wpb_the_menu_accordion\" data-shortcode_id=\"5164\" data-accordion=\"true\" data-indicator_icon=\"+\">\n\t\t\t\t\t\t\t\t<ul id=\"menu-educacion\" class=\"wpb_category_n_menu_accordion_list\"><li id=\"menu-item-5174\" class=\"menu-item menu-item-type-post_type menu-item-object-page menu-item-has-children menu-item-5174\"><a href=\"https:\/\/ciaravino.com.ar\/siben\/educacion\/xx-congreso-santo-domingo-6-9-de-noviembre-2024\/\" >XX CONGRESO, SANTO DOMINGO 6-9 DE NOVIEMBRE 2024<\/a>\n<ul\/ class=\"nav-dropdown sub-menu\" \/>\n\t<li id=\"menu-item-5175\" class=\"menu-item menu-item-type-post_type menu-item-object-page menu-item-5175\"><a href=\"https:\/\/ciaravino.com.ar\/siben\/educacion\/xx-congreso-santo-domingo-6-9-de-noviembre-2024\/informacion-de-interes\/\" >Informaci\u00f3n de inter\u00e9s<\/a><\/li>\n\t<li id=\"menu-item-5193\" class=\"menu-item menu-item-type-post_type menu-item-object-page menu-item-5193\"><a href=\"https:\/\/ciaravino.com.ar\/siben\/educacion\/xx-congreso-santo-domingo-6-9-de-noviembre-2024\/programa-cientifico\/\" >Programa Cient\u00edfico<\/a><\/li>\n\t<li id=\"menu-item-5195\" class=\"menu-item menu-item-type-custom menu-item-object-custom menu-item-5195\"><a target=\"_blank\" href=\"https:\/\/siben.net\/congreso2024\/Evento\/xx-congreso-anual-siben\/\" >Inscripciones<\/a><\/li>\n\t<li id=\"menu-item-5201\" class=\"menu-item menu-item-type-post_type menu-item-object-page menu-item-5201\"><a href=\"https:\/\/ciaravino.com.ar\/siben\/educacion\/xx-congreso-santo-domingo-6-9-de-noviembre-2024\/trabajos-cientifico\/\" >Trabajos Cient\u00edfico<\/a><\/li>\n<\/ul>\n<\/li>\n<li id=\"menu-item-5153\" class=\"menu-item menu-item-type-custom menu-item-object-custom menu-item-has-children menu-item-5153\"><a href=\"#\" >CONGRESOS PASADOS<\/a>\n<ul\/ class=\"nav-dropdown sub-menu\" \/>\n\t<li id=\"menu-item-5207\" class=\"menu-item menu-item-type-post_type menu-item-object-page menu-item-5207\"><a href=\"https:\/\/ciaravino.com.ar\/siben\/educacion\/congresos-pasados\/xix-congreso-mar-del-plata-28-30-de-noviembre-de-2023\/\" >XIX CONGRESO MAR DEL PLATA, 28-30 DE NOVIEMBRE DE 2023<\/a><\/li>\n<\/ul>\n<\/li>\n<li id=\"menu-item-5216\" class=\"menu-item menu-item-type-post_type menu-item-object-page menu-item-5216\"><a href=\"https:\/\/ciaravino.com.ar\/siben\/educacion\/campus-educativo-epa\/\" >CAMPUS EDUCATIVO EPA<\/a><\/li>\n<li id=\"menu-item-5237\" class=\"menu-item menu-item-type-post_type menu-item-object-page menu-item-5237\"><a href=\"https:\/\/ciaravino.com.ar\/siben\/educacion\/siben-alerta\/\" >SIBEN ALERTA<\/a><\/li>\n<li id=\"menu-item-5236\" class=\"menu-item menu-item-type-post_type menu-item-object-page menu-item-5236\"><a href=\"https:\/\/ciaravino.com.ar\/siben\/educacion\/siben-tv\/\" >SIBEN TV<\/a><\/li>\n<li id=\"menu-item-5235\" class=\"menu-item menu-item-type-post_type menu-item-object-page menu-item-5235\"><a href=\"https:\/\/ciaravino.com.ar\/siben\/educacion\/carrera-academica-de-siben\/\" >CARRERA ACAD\u00c9MICA DE SIBEN<\/a><\/li>\n<li id=\"menu-item-5148\" class=\"menu-item menu-item-type-custom menu-item-object-custom menu-item-has-children menu-item-5148\"><a href=\"#\" >DECLARACIONES SIBEN<\/a>\n<ul\/ class=\"nav-dropdown sub-menu\" \/>\n\t<li id=\"menu-item-5319\" class=\"menu-item menu-item-type-post_type menu-item-object-page menu-item-5319\"><a href=\"https:\/\/ciaravino.com.ar\/siben\/educacion\/declaraciones-siben\/dia-de-la-educacion-neonatal\/\" >D\u00eda de la Educaci\u00f3n Neonatal<\/a><\/li>\n\t<li id=\"menu-item-5318\" class=\"menu-item menu-item-type-post_type menu-item-object-page menu-item-5318\"><a href=\"https:\/\/ciaravino.com.ar\/siben\/educacion\/declaraciones-siben\/covid-19\/\" >COVID 19<\/a><\/li>\n<\/ul>\n<\/li>\n<li id=\"menu-item-5234\" class=\"menu-item menu-item-type-post_type menu-item-object-page menu-item-5234\"><a href=\"https:\/\/ciaravino.com.ar\/siben\/educacion\/otros-eventos-de-interes\/\" >OTROS EVENTOS DE INTER\u00c9S<\/a><\/li>\n<li id=\"menu-item-5233\" class=\"menu-item menu-item-type-post_type menu-item-object-page menu-item-5233\"><a href=\"https:\/\/ciaravino.com.ar\/siben\/educacion\/juntos-somos-mas\/\" >\u201cJuntos Somos M\u00e1s\u201d<\/a><\/li>\n<\/ul>\t\t\t\t\t\t\t<\/div>\n\t\t<\/div>\t\t<\/div>\n\t\t\t\t<\/div>\n\t\t\t\t\t<\/div>\n\t\t<\/div>\n\t\t\t\t<div class=\"elementor-column elementor-col-50 elementor-top-column elementor-element elementor-element-7a4473c\" data-id=\"7a4473c\" data-element_type=\"column\">\n\t\t\t<div class=\"elementor-widget-wrap elementor-element-populated\">\n\t\t\t\t\t\t<div class=\"elementor-element elementor-element-92b2642 elementor-widget elementor-widget-heading\" data-id=\"92b2642\" data-element_type=\"widget\" data-widget_type=\"heading.default\">\n\t\t\t\t<div class=\"elementor-widget-container\">\n\t\t\t<h2 class=\"elementor-heading-title elementor-size-default\"><a href=\"https:\/\/educacionsiben.com.ar\/campus\/\" target=\"_blank\">INGRESE AL CAMPUS EDUCATIVO EPA SIBEN <u>AQU\u00cd<\/u><\/a><\/h2>\t\t<\/div>\n\t\t\t\t<\/div>\n\t\t\t\t<div class=\"elementor-element elementor-element-c6ea065 elementor-widget elementor-widget-text-editor\" data-id=\"c6ea065\" data-element_type=\"widget\" data-widget_type=\"text-editor.default\">\n\t\t\t\t<div class=\"elementor-widget-container\">\n\t\t\t\t\t\t\t<p>Entre las diferentes iniciativas educativas, SIBEN ha desarrollado un campus virtual educativo<\/p><p>El campus educativo EPA es nuestra herramienta para EDUCAR PARA AVANZAR a distancia y as\u00ed mantener<br \/>el contacto con los profesionales de toda la regi\u00f3n Iberoamericana <br \/>En el Campus Educativo EPA usted encontrar\u00e1<br \/>CURSOS A DISTANCIA<br \/>FOROS INTERACTIVOS<br \/>VIDEOCONFERENCIAS<br \/>MATERIALES EDUCATIVOS<br \/>ACTUALIZACIONES<br \/>Todos los miembros activos de SIBEN podr\u00e1n acceder en forma gratuita a los CONSENSOS CL\u00cdNICOS,<br \/>VIDEOCONFERENCIAS y OTROS RECURSOS EDITADOS POR SIBEN<\/p><p><a href=\"https:\/\/educacionsiben.com.ar\/campus\/\" target=\"_blank\" rel=\"noopener\">INGRESE AL CAMPUS VIRTUAL EPA SIBEN<\/a><\/p><p>Consultas<a href=\"mailto:epa@siben.net\"> epa@siben.net<\/a><\/p>\t\t\t\t\t\t<\/div>\n\t\t\t\t<\/div>\n\t\t\t\t\t<\/div>\n\t\t<\/div>\n\t\t\t\t\t<\/div>\n\t\t<\/section>\n\t\t\t\t<section class=\"elementor-section elementor-top-section elementor-element elementor-element-8168caf elementor-section-boxed elementor-section-height-default elementor-section-height-default\" data-id=\"8168caf\" data-element_type=\"section\">\n\t\t\t\t\t\t<div class=\"elementor-container elementor-column-gap-default\">\n\t\t\t\t\t<div class=\"elementor-column elementor-col-100 elementor-top-column elementor-element elementor-element-19f2537\" data-id=\"19f2537\" data-element_type=\"column\">\n\t\t\t<div class=\"elementor-widget-wrap elementor-element-populated\">\n\t\t\t\t\t\t<div class=\"elementor-element elementor-element-ba0c223 elementor-widget elementor-widget-spacer\" data-id=\"ba0c223\" data-element_type=\"widget\" data-widget_type=\"spacer.default\">\n\t\t\t\t<div class=\"elementor-widget-container\">\n\t\t\t\t\t<div class=\"elementor-spacer\">\n\t\t\t<div class=\"elementor-spacer-inner\"><\/div>\n\t\t<\/div>\n\t\t\t\t<\/div>\n\t\t\t\t<\/div>\n\t\t\t\t\t<\/div>\n\t\t<\/div>\n\t\t\t\t\t<\/div>\n\t\t<\/section>\n\t\t\t\t<\/div>\n\t\t","protected":false},"excerpt":{"rendered":"<p>Educaci\u00f3n XX CONGRESO, SANTO DOMINGO 6-9 DE NOVIEMBRE 2024 Informaci\u00f3n de inter\u00e9s Programa Cient\u00edfico Inscripciones Trabajos Cient\u00edfico CONGRESOS PASADOS XIX CONGRESO MAR DEL PLATA, 28-30 DE NOVIEMBRE DE 2023 CAMPUS EDUCATIVO EPA SIBEN ALERTA SIBEN TV CARRERA ACAD\u00c9MICA DE SIBEN DECLARACIONES SIBEN OTROS EVENTOS DE INTER\u00c9S &#8220;Juntos Somos M\u00e1s&#8221; INGRESE AL CAMPUS EDUCATIVO EPA SIBEN [&hellip;]<\/p>\n","protected":false},"author":1,"featured_media":0,"parent":5120,"menu_order":0,"comment_status":"closed","ping_status":"closed","template":"elementor_header_footer","meta":{"footnotes":""},"class_list":["post-5208","page","type-page","status-publish","hentry"],"_links":{"self":[{"href":"https:\/\/ciaravino.com.ar\/siben\/wp-json\/wp\/v2\/pages\/5208"}],"collection":[{"href":"https:\/\/ciaravino.com.ar\/siben\/wp-json\/wp\/v2\/pages"}],"about":[{"href":"https:\/\/ciaravino.com.ar\/siben\/wp-json\/wp\/v2\/types\/page"}],"author":[{"embeddable":true,"href":"https:\/\/ciaravino.com.ar\/siben\/wp-json\/wp\/v2\/users\/1"}],"replies":[{"embeddable":true,"href":"https:\/\/ciaravino.com.ar\/siben\/wp-json\/wp\/v2\/comments?post=5208"}],"version-history":[{"count":10,"href":"https:\/\/ciaravino.com.ar\/siben\/wp-json\/wp\/v2\/pages\/5208\/revisions"}],"predecessor-version":[{"id":5219,"href":"https:\/\/ciaravino.com.ar\/siben\/wp-json\/wp\/v2\/pages\/5208\/revisions\/5219"}],"up":[{"embeddable":true,"href":"https:\/\/ciaravino.com.ar\/siben\/wp-json\/wp\/v2\/pages\/5120"}],"wp:attachment":[{"href":"https:\/\/ciaravino.com.ar\/siben\/wp-json\/wp\/v2\/media?parent=5208"}],"curies":[{"name":"wp","href":"https:\/\/api.w.org\/{rel}","templated":true}]}}