{"id":5220,"date":"2024-07-03T20:21:17","date_gmt":"2024-07-03T23:21:17","guid":{"rendered":"https:\/\/ciaravino.com.ar\/siben\/?page_id=5220"},"modified":"2024-07-03T20:58:09","modified_gmt":"2024-07-03T23:58:09","slug":"siben-alerta","status":"publish","type":"page","link":"https:\/\/ciaravino.com.ar\/siben\/educacion\/siben-alerta\/","title":{"rendered":"SIBEN ALERTA"},"content":{"rendered":"\t\t<div data-elementor-type=\"wp-post\" data-elementor-id=\"5220\" class=\"elementor elementor-5220\">\n\t\t\t\t\t\t<section class=\"elementor-section elementor-top-section elementor-element elementor-element-e688ad5 elementor-section-boxed elementor-section-height-default elementor-section-height-default\" data-id=\"e688ad5\" data-element_type=\"section\">\n\t\t\t\t\t\t<div class=\"elementor-container elementor-column-gap-default\">\n\t\t\t\t\t<div class=\"elementor-column elementor-col-100 elementor-top-column elementor-element elementor-element-2210ac9\" data-id=\"2210ac9\" data-element_type=\"column\">\n\t\t\t<div class=\"elementor-widget-wrap elementor-element-populated\">\n\t\t\t\t\t\t<div class=\"elementor-element elementor-element-cad652d elementor-widget elementor-widget-heading\" data-id=\"cad652d\" data-element_type=\"widget\" data-widget_type=\"heading.default\">\n\t\t\t\t<div class=\"elementor-widget-container\">\n\t\t\t<h2 class=\"elementor-heading-title elementor-size-default\">Educaci\u00f3n<\/h2>\t\t<\/div>\n\t\t\t\t<\/div>\n\t\t\t\t\t<\/div>\n\t\t<\/div>\n\t\t\t\t\t<\/div>\n\t\t<\/section>\n\t\t\t\t<section class=\"elementor-section elementor-top-section elementor-element elementor-element-85ca297 elementor-section-boxed elementor-section-height-default elementor-section-height-default\" data-id=\"85ca297\" data-element_type=\"section\">\n\t\t\t\t\t\t<div class=\"elementor-container elementor-column-gap-default\">\n\t\t\t\t\t<div class=\"elementor-column elementor-col-50 elementor-top-column elementor-element elementor-element-621faef menu-lateral\" data-id=\"621faef\" data-element_type=\"column\" data-settings=\"{&quot;background_background&quot;:&quot;classic&quot;}\">\n\t\t\t<div class=\"elementor-widget-wrap elementor-element-populated\">\n\t\t\t\t\t\t<div class=\"elementor-element elementor-element-fd40643 elementor-widget elementor-widget-wpb-accordion-menu-or-category-pro\" data-id=\"fd40643\" data-element_type=\"widget\" data-widget_type=\"wpb-accordion-menu-or-category-pro.default\">\n\t\t\t\t<div class=\"elementor-widget-container\">\n\t\t\t<div class=\"wpb-wamc-elementor-widget wpb-wamc-elementor-widget-show-in-popup\">\t\t\t<div class=\"wpb_category_n_menu_accordion wpb_accordion_free_version wpb_wmca_accordion_wrapper_theme_transparent wpb_the_menu_accordion\" data-shortcode_id=\"5164\" data-accordion=\"true\" data-indicator_icon=\"+\">\n\t\t\t\t\t\t\t\t<ul id=\"menu-educacion\" class=\"wpb_category_n_menu_accordion_list\"><li id=\"menu-item-5174\" class=\"menu-item menu-item-type-post_type menu-item-object-page menu-item-has-children menu-item-5174\"><a href=\"https:\/\/ciaravino.com.ar\/siben\/educacion\/xx-congreso-santo-domingo-6-9-de-noviembre-2024\/\" >XX CONGRESO, SANTO DOMINGO 6-9 DE NOVIEMBRE 2024<\/a>\n<ul\/ class=\"nav-dropdown sub-menu\" \/>\n\t<li id=\"menu-item-5175\" class=\"menu-item menu-item-type-post_type menu-item-object-page menu-item-5175\"><a href=\"https:\/\/ciaravino.com.ar\/siben\/educacion\/xx-congreso-santo-domingo-6-9-de-noviembre-2024\/informacion-de-interes\/\" >Informaci\u00f3n de inter\u00e9s<\/a><\/li>\n\t<li id=\"menu-item-5193\" class=\"menu-item menu-item-type-post_type menu-item-object-page menu-item-5193\"><a href=\"https:\/\/ciaravino.com.ar\/siben\/educacion\/xx-congreso-santo-domingo-6-9-de-noviembre-2024\/programa-cientifico\/\" >Programa Cient\u00edfico<\/a><\/li>\n\t<li id=\"menu-item-5195\" class=\"menu-item menu-item-type-custom menu-item-object-custom menu-item-5195\"><a target=\"_blank\" href=\"https:\/\/siben.net\/congreso2024\/Evento\/xx-congreso-anual-siben\/\" >Inscripciones<\/a><\/li>\n\t<li id=\"menu-item-5201\" class=\"menu-item menu-item-type-post_type menu-item-object-page menu-item-5201\"><a href=\"https:\/\/ciaravino.com.ar\/siben\/educacion\/xx-congreso-santo-domingo-6-9-de-noviembre-2024\/trabajos-cientifico\/\" >Trabajos Cient\u00edfico<\/a><\/li>\n<\/ul>\n<\/li>\n<li id=\"menu-item-5153\" class=\"menu-item menu-item-type-custom menu-item-object-custom menu-item-has-children menu-item-5153\"><a href=\"#\" >CONGRESOS PASADOS<\/a>\n<ul\/ class=\"nav-dropdown sub-menu\" \/>\n\t<li id=\"menu-item-5207\" class=\"menu-item menu-item-type-post_type menu-item-object-page menu-item-5207\"><a href=\"https:\/\/ciaravino.com.ar\/siben\/educacion\/congresos-pasados\/xix-congreso-mar-del-plata-28-30-de-noviembre-de-2023\/\" >XIX CONGRESO MAR DEL PLATA, 28-30 DE NOVIEMBRE DE 2023<\/a><\/li>\n<\/ul>\n<\/li>\n<li id=\"menu-item-5216\" class=\"menu-item menu-item-type-post_type menu-item-object-page menu-item-5216\"><a href=\"https:\/\/ciaravino.com.ar\/siben\/educacion\/campus-educativo-epa\/\" >CAMPUS EDUCATIVO EPA<\/a><\/li>\n<li id=\"menu-item-5237\" class=\"menu-item menu-item-type-post_type menu-item-object-page menu-item-5237\"><a href=\"https:\/\/ciaravino.com.ar\/siben\/educacion\/siben-alerta\/\" >SIBEN ALERTA<\/a><\/li>\n<li id=\"menu-item-5236\" class=\"menu-item menu-item-type-post_type menu-item-object-page menu-item-5236\"><a href=\"https:\/\/ciaravino.com.ar\/siben\/educacion\/siben-tv\/\" >SIBEN TV<\/a><\/li>\n<li id=\"menu-item-5235\" class=\"menu-item menu-item-type-post_type menu-item-object-page menu-item-5235\"><a href=\"https:\/\/ciaravino.com.ar\/siben\/educacion\/carrera-academica-de-siben\/\" >CARRERA ACAD\u00c9MICA DE SIBEN<\/a><\/li>\n<li id=\"menu-item-5148\" class=\"menu-item menu-item-type-custom menu-item-object-custom menu-item-has-children menu-item-5148\"><a href=\"#\" >DECLARACIONES SIBEN<\/a>\n<ul\/ class=\"nav-dropdown sub-menu\" \/>\n\t<li id=\"menu-item-5319\" class=\"menu-item menu-item-type-post_type menu-item-object-page menu-item-5319\"><a href=\"https:\/\/ciaravino.com.ar\/siben\/educacion\/declaraciones-siben\/dia-de-la-educacion-neonatal\/\" >D\u00eda de la Educaci\u00f3n Neonatal<\/a><\/li>\n\t<li id=\"menu-item-5318\" class=\"menu-item menu-item-type-post_type menu-item-object-page menu-item-5318\"><a href=\"https:\/\/ciaravino.com.ar\/siben\/educacion\/declaraciones-siben\/covid-19\/\" >COVID 19<\/a><\/li>\n<\/ul>\n<\/li>\n<li id=\"menu-item-5234\" class=\"menu-item menu-item-type-post_type menu-item-object-page menu-item-5234\"><a href=\"https:\/\/ciaravino.com.ar\/siben\/educacion\/otros-eventos-de-interes\/\" >OTROS EVENTOS DE INTER\u00c9S<\/a><\/li>\n<li id=\"menu-item-5233\" class=\"menu-item menu-item-type-post_type menu-item-object-page menu-item-5233\"><a href=\"https:\/\/ciaravino.com.ar\/siben\/educacion\/juntos-somos-mas\/\" >\u201cJuntos Somos M\u00e1s\u201d<\/a><\/li>\n<\/ul>\t\t\t\t\t\t\t<\/div>\n\t\t<\/div>\t\t<\/div>\n\t\t\t\t<\/div>\n\t\t\t\t\t<\/div>\n\t\t<\/div>\n\t\t\t\t<div class=\"elementor-column elementor-col-50 elementor-top-column elementor-element elementor-element-7a4473c\" data-id=\"7a4473c\" data-element_type=\"column\">\n\t\t\t<div class=\"elementor-widget-wrap elementor-element-populated\">\n\t\t\t\t\t\t<div class=\"elementor-element elementor-element-92b2642 elementor-widget elementor-widget-heading\" data-id=\"92b2642\" data-element_type=\"widget\" data-widget_type=\"heading.default\">\n\t\t\t\t<div class=\"elementor-widget-container\">\n\t\t\t<h2 class=\"elementor-heading-title elementor-size-default\">SIBEN ALERTA<\/h2>\t\t<\/div>\n\t\t\t\t<\/div>\n\t\t\t\t<section class=\"elementor-section elementor-inner-section elementor-element elementor-element-91734ac elementor-section-boxed elementor-section-height-default elementor-section-height-default\" data-id=\"91734ac\" data-element_type=\"section\">\n\t\t\t\t\t\t<div class=\"elementor-container elementor-column-gap-default\">\n\t\t\t\t\t<div class=\"elementor-column elementor-col-100 elementor-inner-column elementor-element elementor-element-2a0de2e\" data-id=\"2a0de2e\" data-element_type=\"column\">\n\t\t\t<div class=\"elementor-widget-wrap elementor-element-populated\">\n\t\t\t\t\t\t<div class=\"elementor-element elementor-element-68d6624 elementor-widget elementor-widget-text-editor\" data-id=\"68d6624\" data-element_type=\"widget\" data-widget_type=\"text-editor.default\">\n\t\t\t\t<div class=\"elementor-widget-container\">\n\t\t\t\t\t\t\t<p>Es una serie de infograf\u00edas donde SIBEN va a alertar sobre temas relevantes del cuidado neonatal. Esta primera infograf\u00eda tiene como t\u00edtulo: Drogas Potencialmente Da\u00f1inas Para el Cerebro I.<br \/>Para descargar la infograf\u00eda <a href=\"https:\/\/ciaravino.com.ar\/siben\/wp-content\/uploads\/2024\/07\/sibenalerta12.pdf\" target=\"_blank\" rel=\"noopener\">haga clic aqu\u00ed<\/a><\/p>\t\t\t\t\t\t<\/div>\n\t\t\t\t<\/div>\n\t\t\t\t<div class=\"elementor-element elementor-element-59574b7 elementor-widget elementor-widget-image\" data-id=\"59574b7\" data-element_type=\"widget\" data-widget_type=\"image.default\">\n\t\t\t\t<div class=\"elementor-widget-container\">\n\t\t\t\t\t\t\t\t\t\t\t\t\t<img fetchpriority=\"high\" decoding=\"async\" width=\"800\" height=\"450\" src=\"https:\/\/ciaravino.com.ar\/siben\/wp-content\/uploads\/2024\/07\/siben-alerta-1-1-1024x576.jpg\" class=\"attachment-large size-large wp-image-5243\" alt=\"\" srcset=\"https:\/\/ciaravino.com.ar\/siben\/wp-content\/uploads\/2024\/07\/siben-alerta-1-1-1024x576.jpg 1024w, https:\/\/ciaravino.com.ar\/siben\/wp-content\/uploads\/2024\/07\/siben-alerta-1-1-300x169.jpg 300w, https:\/\/ciaravino.com.ar\/siben\/wp-content\/uploads\/2024\/07\/siben-alerta-1-1-768x432.jpg 768w, https:\/\/ciaravino.com.ar\/siben\/wp-content\/uploads\/2024\/07\/siben-alerta-1-1-1536x864.jpg 1536w, https:\/\/ciaravino.com.ar\/siben\/wp-content\/uploads\/2024\/07\/siben-alerta-1-1-600x338.jpg 600w, https:\/\/ciaravino.com.ar\/siben\/wp-content\/uploads\/2024\/07\/siben-alerta-1-1.jpg 1920w\" sizes=\"(max-width: 800px) 100vw, 800px\" \/>\t\t\t\t\t\t\t\t\t\t\t\t\t<\/div>\n\t\t\t\t<\/div>\n\t\t\t\t<div class=\"elementor-element elementor-element-a58492e elementor-widget-divider--view-line elementor-widget elementor-widget-divider\" data-id=\"a58492e\" data-element_type=\"widget\" data-widget_type=\"divider.default\">\n\t\t\t\t<div class=\"elementor-widget-container\">\n\t\t\t\t\t<div class=\"elementor-divider\">\n\t\t\t<span class=\"elementor-divider-separator\">\n\t\t\t\t\t\t<\/span>\n\t\t<\/div>\n\t\t\t\t<\/div>\n\t\t\t\t<\/div>\n\t\t\t\t\t<\/div>\n\t\t<\/div>\n\t\t\t\t\t<\/div>\n\t\t<\/section>\n\t\t\t\t<section class=\"elementor-section elementor-inner-section elementor-element elementor-element-b0478ed elementor-section-boxed elementor-section-height-default elementor-section-height-default\" data-id=\"b0478ed\" data-element_type=\"section\">\n\t\t\t\t\t\t<div class=\"elementor-container elementor-column-gap-default\">\n\t\t\t\t\t<div class=\"elementor-column elementor-col-100 elementor-inner-column elementor-element elementor-element-bcf044e\" data-id=\"bcf044e\" data-element_type=\"column\">\n\t\t\t<div class=\"elementor-widget-wrap elementor-element-populated\">\n\t\t\t\t\t\t<div class=\"elementor-element elementor-element-cf40498 elementor-widget elementor-widget-text-editor\" data-id=\"cf40498\" data-element_type=\"widget\" data-widget_type=\"text-editor.default\">\n\t\t\t\t<div class=\"elementor-widget-container\">\n\t\t\t\t\t\t\t<p>La segunda edici\u00f3n de SIBEN Alerta tiene el t\u00edtulo: Riesgos en la generaci\u00f3n y difusi\u00f3n de la informaci\u00f3n cient\u00edfica. <br \/>Para descargar la infograf\u00eda <a href=\"https:\/\/ciaravino.com.ar\/siben\/wp-content\/uploads\/2024\/07\/sibenalerta2.pdf\" target=\"_blank\" rel=\"noopener\">haga clic aqu\u00ed<\/a><\/p>\t\t\t\t\t\t<\/div>\n\t\t\t\t<\/div>\n\t\t\t\t<div class=\"elementor-element elementor-element-283420b elementor-widget elementor-widget-image\" data-id=\"283420b\" data-element_type=\"widget\" data-widget_type=\"image.default\">\n\t\t\t\t<div class=\"elementor-widget-container\">\n\t\t\t\t\t\t\t\t\t\t\t\t\t<img decoding=\"async\" width=\"1920\" height=\"1080\" src=\"https:\/\/ciaravino.com.ar\/siben\/wp-content\/uploads\/2024\/07\/siben-alerta-2.png\" class=\"attachment-full size-full wp-image-5250\" alt=\"\" srcset=\"https:\/\/ciaravino.com.ar\/siben\/wp-content\/uploads\/2024\/07\/siben-alerta-2.png 1920w, https:\/\/ciaravino.com.ar\/siben\/wp-content\/uploads\/2024\/07\/siben-alerta-2-300x169.png 300w, https:\/\/ciaravino.com.ar\/siben\/wp-content\/uploads\/2024\/07\/siben-alerta-2-1024x576.png 1024w, https:\/\/ciaravino.com.ar\/siben\/wp-content\/uploads\/2024\/07\/siben-alerta-2-768x432.png 768w, https:\/\/ciaravino.com.ar\/siben\/wp-content\/uploads\/2024\/07\/siben-alerta-2-1536x864.png 1536w, https:\/\/ciaravino.com.ar\/siben\/wp-content\/uploads\/2024\/07\/siben-alerta-2-600x338.png 600w\" sizes=\"(max-width: 1920px) 100vw, 1920px\" \/>\t\t\t\t\t\t\t\t\t\t\t\t\t<\/div>\n\t\t\t\t<\/div>\n\t\t\t\t<div class=\"elementor-element elementor-element-48892f5 elementor-widget-divider--view-line elementor-widget elementor-widget-divider\" data-id=\"48892f5\" data-element_type=\"widget\" data-widget_type=\"divider.default\">\n\t\t\t\t<div class=\"elementor-widget-container\">\n\t\t\t\t\t<div class=\"elementor-divider\">\n\t\t\t<span class=\"elementor-divider-separator\">\n\t\t\t\t\t\t<\/span>\n\t\t<\/div>\n\t\t\t\t<\/div>\n\t\t\t\t<\/div>\n\t\t\t\t\t<\/div>\n\t\t<\/div>\n\t\t\t\t\t<\/div>\n\t\t<\/section>\n\t\t\t\t<section class=\"elementor-section elementor-inner-section elementor-element elementor-element-3b0368c elementor-section-boxed elementor-section-height-default elementor-section-height-default\" data-id=\"3b0368c\" data-element_type=\"section\">\n\t\t\t\t\t\t<div class=\"elementor-container elementor-column-gap-default\">\n\t\t\t\t\t<div class=\"elementor-column elementor-col-100 elementor-inner-column elementor-element elementor-element-62955a6\" data-id=\"62955a6\" data-element_type=\"column\">\n\t\t\t<div class=\"elementor-widget-wrap elementor-element-populated\">\n\t\t\t\t\t\t<div class=\"elementor-element elementor-element-57a5021 elementor-widget elementor-widget-text-editor\" data-id=\"57a5021\" data-element_type=\"widget\" data-widget_type=\"text-editor.default\">\n\t\t\t\t<div class=\"elementor-widget-container\">\n\t\t\t\t\t\t\t<p>La tercera edici\u00f3n de SIBEN Alerta tiene el t\u00edtulo: Drogas Potencialmente Da\u00f1inas Para el Cerebro II.\u00a0<br \/>Para descargar la infograf\u00eda <a href=\"https:\/\/ciaravino.com.ar\/siben\/wp-content\/uploads\/2024\/07\/sibenalertadrogasii.pdf\" target=\"_blank\" rel=\"noopener\">haga clic aqu\u00ed<\/a><\/p>\t\t\t\t\t\t<\/div>\n\t\t\t\t<\/div>\n\t\t\t\t<div class=\"elementor-element elementor-element-48c575c elementor-widget elementor-widget-image\" data-id=\"48c575c\" data-element_type=\"widget\" data-widget_type=\"image.default\">\n\t\t\t\t<div class=\"elementor-widget-container\">\n\t\t\t\t\t\t\t\t\t\t\t\t\t<img decoding=\"async\" width=\"2560\" height=\"1440\" src=\"https:\/\/ciaravino.com.ar\/siben\/wp-content\/uploads\/2024\/07\/siben-alerta-drogas-ii.-final-1-page-0001-scaled.jpg\" class=\"attachment-full size-full wp-image-5255\" alt=\"\" srcset=\"https:\/\/ciaravino.com.ar\/siben\/wp-content\/uploads\/2024\/07\/siben-alerta-drogas-ii.-final-1-page-0001-scaled.jpg 2560w, https:\/\/ciaravino.com.ar\/siben\/wp-content\/uploads\/2024\/07\/siben-alerta-drogas-ii.-final-1-page-0001-300x169.jpg 300w, https:\/\/ciaravino.com.ar\/siben\/wp-content\/uploads\/2024\/07\/siben-alerta-drogas-ii.-final-1-page-0001-1024x576.jpg 1024w, https:\/\/ciaravino.com.ar\/siben\/wp-content\/uploads\/2024\/07\/siben-alerta-drogas-ii.-final-1-page-0001-768x432.jpg 768w, https:\/\/ciaravino.com.ar\/siben\/wp-content\/uploads\/2024\/07\/siben-alerta-drogas-ii.-final-1-page-0001-1536x864.jpg 1536w, https:\/\/ciaravino.com.ar\/siben\/wp-content\/uploads\/2024\/07\/siben-alerta-drogas-ii.-final-1-page-0001-2048x1152.jpg 2048w, https:\/\/ciaravino.com.ar\/siben\/wp-content\/uploads\/2024\/07\/siben-alerta-drogas-ii.-final-1-page-0001-600x338.jpg 600w\" sizes=\"(max-width: 2560px) 100vw, 2560px\" \/>\t\t\t\t\t\t\t\t\t\t\t\t\t<\/div>\n\t\t\t\t<\/div>\n\t\t\t\t<div class=\"elementor-element elementor-element-737945e elementor-widget-divider--view-line elementor-widget elementor-widget-divider\" data-id=\"737945e\" data-element_type=\"widget\" data-widget_type=\"divider.default\">\n\t\t\t\t<div class=\"elementor-widget-container\">\n\t\t\t\t\t<div class=\"elementor-divider\">\n\t\t\t<span class=\"elementor-divider-separator\">\n\t\t\t\t\t\t<\/span>\n\t\t<\/div>\n\t\t\t\t<\/div>\n\t\t\t\t<\/div>\n\t\t\t\t\t<\/div>\n\t\t<\/div>\n\t\t\t\t\t<\/div>\n\t\t<\/section>\n\t\t\t\t<section class=\"elementor-section elementor-inner-section elementor-element elementor-element-18e4096 elementor-section-boxed elementor-section-height-default elementor-section-height-default\" data-id=\"18e4096\" data-element_type=\"section\">\n\t\t\t\t\t\t<div class=\"elementor-container elementor-column-gap-default\">\n\t\t\t\t\t<div class=\"elementor-column elementor-col-100 elementor-inner-column elementor-element elementor-element-71467a1\" data-id=\"71467a1\" data-element_type=\"column\">\n\t\t\t<div class=\"elementor-widget-wrap elementor-element-populated\">\n\t\t\t\t\t\t<div class=\"elementor-element elementor-element-01e5f6d elementor-widget elementor-widget-text-editor\" data-id=\"01e5f6d\" data-element_type=\"widget\" data-widget_type=\"text-editor.default\">\n\t\t\t\t<div class=\"elementor-widget-container\">\n\t\t\t\t\t\t\t<p>La cuarta edici\u00f3n de SIBEN Alerta tiene el t\u00edtulo: Cuidados respiratorios I.\u00a0<br \/>Para descargar la infograf\u00eda <a href=\"https:\/\/ciaravino.com.ar\/siben\/wp-content\/uploads\/2024\/07\/4sibenalertacuidadosrespiratoriosifinal.pdf\" target=\"_blank\" rel=\"noopener\">haga clic aqu\u00ed<\/a><\/p>\t\t\t\t\t\t<\/div>\n\t\t\t\t<\/div>\n\t\t\t\t<div class=\"elementor-element elementor-element-2db1f8b elementor-widget elementor-widget-image\" data-id=\"2db1f8b\" data-element_type=\"widget\" data-widget_type=\"image.default\">\n\t\t\t\t<div class=\"elementor-widget-container\">\n\t\t\t\t\t\t\t\t\t\t\t\t\t<img loading=\"lazy\" decoding=\"async\" width=\"2560\" height=\"1440\" src=\"https:\/\/ciaravino.com.ar\/siben\/wp-content\/uploads\/2024\/07\/4-siben-alerta-scaled.jpg\" class=\"attachment-full size-full wp-image-5262\" alt=\"\" srcset=\"https:\/\/ciaravino.com.ar\/siben\/wp-content\/uploads\/2024\/07\/4-siben-alerta-scaled.jpg 2560w, https:\/\/ciaravino.com.ar\/siben\/wp-content\/uploads\/2024\/07\/4-siben-alerta-300x169.jpg 300w, https:\/\/ciaravino.com.ar\/siben\/wp-content\/uploads\/2024\/07\/4-siben-alerta-1024x576.jpg 1024w, https:\/\/ciaravino.com.ar\/siben\/wp-content\/uploads\/2024\/07\/4-siben-alerta-768x432.jpg 768w, https:\/\/ciaravino.com.ar\/siben\/wp-content\/uploads\/2024\/07\/4-siben-alerta-1536x864.jpg 1536w, https:\/\/ciaravino.com.ar\/siben\/wp-content\/uploads\/2024\/07\/4-siben-alerta-2048x1152.jpg 2048w, https:\/\/ciaravino.com.ar\/siben\/wp-content\/uploads\/2024\/07\/4-siben-alerta-600x338.jpg 600w\" sizes=\"(max-width: 2560px) 100vw, 2560px\" \/>\t\t\t\t\t\t\t\t\t\t\t\t\t<\/div>\n\t\t\t\t<\/div>\n\t\t\t\t<div class=\"elementor-element elementor-element-5fa248e elementor-widget-divider--view-line elementor-widget elementor-widget-divider\" data-id=\"5fa248e\" data-element_type=\"widget\" data-widget_type=\"divider.default\">\n\t\t\t\t<div class=\"elementor-widget-container\">\n\t\t\t\t\t<div class=\"elementor-divider\">\n\t\t\t<span class=\"elementor-divider-separator\">\n\t\t\t\t\t\t<\/span>\n\t\t<\/div>\n\t\t\t\t<\/div>\n\t\t\t\t<\/div>\n\t\t\t\t\t<\/div>\n\t\t<\/div>\n\t\t\t\t\t<\/div>\n\t\t<\/section>\n\t\t\t\t<section class=\"elementor-section elementor-inner-section elementor-element elementor-element-f3710a5 elementor-section-boxed elementor-section-height-default elementor-section-height-default\" data-id=\"f3710a5\" data-element_type=\"section\">\n\t\t\t\t\t\t<div class=\"elementor-container elementor-column-gap-default\">\n\t\t\t\t\t<div class=\"elementor-column elementor-col-100 elementor-inner-column elementor-element elementor-element-dbd0481\" data-id=\"dbd0481\" data-element_type=\"column\">\n\t\t\t<div class=\"elementor-widget-wrap elementor-element-populated\">\n\t\t\t\t\t\t<div class=\"elementor-element elementor-element-ecff7d8 elementor-widget elementor-widget-text-editor\" data-id=\"ecff7d8\" data-element_type=\"widget\" data-widget_type=\"text-editor.default\">\n\t\t\t\t<div class=\"elementor-widget-container\">\n\t\t\t\t\t\t\t<p>La quinta edici\u00f3n de SIBEN Alerta tiene el t\u00edtulo: Cuidados respiratorios II.<br \/>Para descargar la infograf\u00eda <a href=\"https:\/\/ciaravino.com.ar\/siben\/wp-content\/uploads\/2024\/07\/sibenalertacuidadosrespiratoriosii120241.pdf\" target=\"_blank\" rel=\"noopener\">haga clic aqu\u00ed<\/a><\/p>\t\t\t\t\t\t<\/div>\n\t\t\t\t<\/div>\n\t\t\t\t<div class=\"elementor-element elementor-element-d8e695d elementor-widget elementor-widget-image\" data-id=\"d8e695d\" data-element_type=\"widget\" data-widget_type=\"image.default\">\n\t\t\t\t<div class=\"elementor-widget-container\">\n\t\t\t\t\t\t\t\t\t\t\t\t\t<img loading=\"lazy\" decoding=\"async\" width=\"2560\" height=\"1441\" src=\"https:\/\/ciaravino.com.ar\/siben\/wp-content\/uploads\/2024\/07\/siben-alerta.-cuidados-respiratorios-ii-scaled.jpg\" class=\"attachment-full size-full wp-image-5267\" alt=\"\" srcset=\"https:\/\/ciaravino.com.ar\/siben\/wp-content\/uploads\/2024\/07\/siben-alerta.-cuidados-respiratorios-ii-scaled.jpg 2560w, https:\/\/ciaravino.com.ar\/siben\/wp-content\/uploads\/2024\/07\/siben-alerta.-cuidados-respiratorios-ii-300x169.jpg 300w, https:\/\/ciaravino.com.ar\/siben\/wp-content\/uploads\/2024\/07\/siben-alerta.-cuidados-respiratorios-ii-1024x576.jpg 1024w, https:\/\/ciaravino.com.ar\/siben\/wp-content\/uploads\/2024\/07\/siben-alerta.-cuidados-respiratorios-ii-768x432.jpg 768w, https:\/\/ciaravino.com.ar\/siben\/wp-content\/uploads\/2024\/07\/siben-alerta.-cuidados-respiratorios-ii-1536x864.jpg 1536w, https:\/\/ciaravino.com.ar\/siben\/wp-content\/uploads\/2024\/07\/siben-alerta.-cuidados-respiratorios-ii-2048x1153.jpg 2048w, https:\/\/ciaravino.com.ar\/siben\/wp-content\/uploads\/2024\/07\/siben-alerta.-cuidados-respiratorios-ii-600x338.jpg 600w\" sizes=\"(max-width: 2560px) 100vw, 2560px\" \/>\t\t\t\t\t\t\t\t\t\t\t\t\t<\/div>\n\t\t\t\t<\/div>\n\t\t\t\t<div class=\"elementor-element elementor-element-c3a32be elementor-widget-divider--view-line elementor-widget elementor-widget-divider\" data-id=\"c3a32be\" data-element_type=\"widget\" data-widget_type=\"divider.default\">\n\t\t\t\t<div class=\"elementor-widget-container\">\n\t\t\t\t\t<div class=\"elementor-divider\">\n\t\t\t<span class=\"elementor-divider-separator\">\n\t\t\t\t\t\t<\/span>\n\t\t<\/div>\n\t\t\t\t<\/div>\n\t\t\t\t<\/div>\n\t\t\t\t\t<\/div>\n\t\t<\/div>\n\t\t\t\t\t<\/div>\n\t\t<\/section>\n\t\t\t\t\t<\/div>\n\t\t<\/div>\n\t\t\t\t\t<\/div>\n\t\t<\/section>\n\t\t\t\t<section class=\"elementor-section elementor-top-section elementor-element elementor-element-8168caf elementor-section-boxed elementor-section-height-default elementor-section-height-default\" data-id=\"8168caf\" data-element_type=\"section\">\n\t\t\t\t\t\t<div class=\"elementor-container elementor-column-gap-default\">\n\t\t\t\t\t<div class=\"elementor-column elementor-col-100 elementor-top-column elementor-element elementor-element-19f2537\" data-id=\"19f2537\" data-element_type=\"column\">\n\t\t\t<div class=\"elementor-widget-wrap elementor-element-populated\">\n\t\t\t\t\t\t<div class=\"elementor-element elementor-element-ba0c223 elementor-widget elementor-widget-spacer\" data-id=\"ba0c223\" data-element_type=\"widget\" data-widget_type=\"spacer.default\">\n\t\t\t\t<div class=\"elementor-widget-container\">\n\t\t\t\t\t<div class=\"elementor-spacer\">\n\t\t\t<div class=\"elementor-spacer-inner\"><\/div>\n\t\t<\/div>\n\t\t\t\t<\/div>\n\t\t\t\t<\/div>\n\t\t\t\t\t<\/div>\n\t\t<\/div>\n\t\t\t\t\t<\/div>\n\t\t<\/section>\n\t\t\t\t<\/div>\n\t\t","protected":false},"excerpt":{"rendered":"<p>Educaci\u00f3n XX CONGRESO, SANTO DOMINGO 6-9 DE NOVIEMBRE 2024 Informaci\u00f3n de inter\u00e9s Programa Cient\u00edfico Inscripciones Trabajos Cient\u00edfico CONGRESOS PASADOS XIX CONGRESO MAR DEL PLATA, 28-30 DE NOVIEMBRE DE 2023 CAMPUS EDUCATIVO EPA SIBEN ALERTA SIBEN TV CARRERA ACAD\u00c9MICA DE SIBEN DECLARACIONES SIBEN OTROS EVENTOS DE INTER\u00c9S \u201cJuntos Somos M\u00e1s\u201d SIBEN ALERTA Es una serie de [&hellip;]<\/p>\n","protected":false},"author":1,"featured_media":0,"parent":5120,"menu_order":0,"comment_status":"closed","ping_status":"closed","template":"elementor_header_footer","meta":{"footnotes":""},"class_list":["post-5220","page","type-page","status-publish","hentry"],"_links":{"self":[{"href":"https:\/\/ciaravino.com.ar\/siben\/wp-json\/wp\/v2\/pages\/5220"}],"collection":[{"href":"https:\/\/ciaravino.com.ar\/siben\/wp-json\/wp\/v2\/pages"}],"about":[{"href":"https:\/\/ciaravino.com.ar\/siben\/wp-json\/wp\/v2\/types\/page"}],"author":[{"embeddable":true,"href":"https:\/\/ciaravino.com.ar\/siben\/wp-json\/wp\/v2\/users\/1"}],"replies":[{"embeddable":true,"href":"https:\/\/ciaravino.com.ar\/siben\/wp-json\/wp\/v2\/comments?post=5220"}],"version-history":[{"count":22,"href":"https:\/\/ciaravino.com.ar\/siben\/wp-json\/wp\/v2\/pages\/5220\/revisions"}],"predecessor-version":[{"id":5271,"href":"https:\/\/ciaravino.com.ar\/siben\/wp-json\/wp\/v2\/pages\/5220\/revisions\/5271"}],"up":[{"embeddable":true,"href":"https:\/\/ciaravino.com.ar\/siben\/wp-json\/wp\/v2\/pages\/5120"}],"wp:attachment":[{"href":"https:\/\/ciaravino.com.ar\/siben\/wp-json\/wp\/v2\/media?parent=5220"}],"curies":[{"name":"wp","href":"https:\/\/api.w.org\/{rel}","templated":true}]}}