{"id":5222,"date":"2024-07-03T20:22:12","date_gmt":"2024-07-03T23:22:12","guid":{"rendered":"https:\/\/ciaravino.com.ar\/siben\/?page_id=5222"},"modified":"2024-07-03T22:36:41","modified_gmt":"2024-07-04T01:36:41","slug":"siben-tv","status":"publish","type":"page","link":"https:\/\/ciaravino.com.ar\/siben\/educacion\/siben-tv\/","title":{"rendered":"SIBEN TV"},"content":{"rendered":"\t\t<div data-elementor-type=\"wp-post\" data-elementor-id=\"5222\" class=\"elementor elementor-5222\">\n\t\t\t\t\t\t<section class=\"elementor-section elementor-top-section elementor-element elementor-element-e688ad5 elementor-section-boxed elementor-section-height-default elementor-section-height-default\" data-id=\"e688ad5\" data-element_type=\"section\">\n\t\t\t\t\t\t<div class=\"elementor-container elementor-column-gap-default\">\n\t\t\t\t\t<div class=\"elementor-column elementor-col-100 elementor-top-column elementor-element elementor-element-2210ac9\" data-id=\"2210ac9\" data-element_type=\"column\">\n\t\t\t<div class=\"elementor-widget-wrap elementor-element-populated\">\n\t\t\t\t\t\t<div class=\"elementor-element elementor-element-cad652d elementor-widget elementor-widget-heading\" data-id=\"cad652d\" data-element_type=\"widget\" data-widget_type=\"heading.default\">\n\t\t\t\t<div class=\"elementor-widget-container\">\n\t\t\t<h2 class=\"elementor-heading-title elementor-size-default\">Educaci\u00f3n<\/h2>\t\t<\/div>\n\t\t\t\t<\/div>\n\t\t\t\t\t<\/div>\n\t\t<\/div>\n\t\t\t\t\t<\/div>\n\t\t<\/section>\n\t\t\t\t<section class=\"elementor-section elementor-top-section elementor-element elementor-element-85ca297 elementor-section-boxed elementor-section-height-default elementor-section-height-default\" data-id=\"85ca297\" data-element_type=\"section\">\n\t\t\t\t\t\t<div class=\"elementor-container elementor-column-gap-default\">\n\t\t\t\t\t<div class=\"elementor-column elementor-col-50 elementor-top-column elementor-element elementor-element-621faef menu-lateral\" data-id=\"621faef\" data-element_type=\"column\" data-settings=\"{&quot;background_background&quot;:&quot;classic&quot;}\">\n\t\t\t<div class=\"elementor-widget-wrap elementor-element-populated\">\n\t\t\t\t\t\t<div class=\"elementor-element elementor-element-fd40643 elementor-widget elementor-widget-wpb-accordion-menu-or-category-pro\" data-id=\"fd40643\" data-element_type=\"widget\" data-widget_type=\"wpb-accordion-menu-or-category-pro.default\">\n\t\t\t\t<div class=\"elementor-widget-container\">\n\t\t\t<div class=\"wpb-wamc-elementor-widget wpb-wamc-elementor-widget-show-in-popup\">\t\t\t<div class=\"wpb_category_n_menu_accordion wpb_accordion_free_version wpb_wmca_accordion_wrapper_theme_transparent wpb_the_menu_accordion\" data-shortcode_id=\"5164\" data-accordion=\"true\" data-indicator_icon=\"+\">\n\t\t\t\t\t\t\t\t<ul id=\"menu-educacion\" class=\"wpb_category_n_menu_accordion_list\"><li id=\"menu-item-5174\" class=\"menu-item menu-item-type-post_type menu-item-object-page menu-item-has-children menu-item-5174\"><a href=\"https:\/\/ciaravino.com.ar\/siben\/educacion\/xx-congreso-santo-domingo-6-9-de-noviembre-2024\/\" >XX CONGRESO, SANTO DOMINGO 6-9 DE NOVIEMBRE 2024<\/a>\n<ul\/ class=\"nav-dropdown sub-menu\" \/>\n\t<li id=\"menu-item-5175\" class=\"menu-item menu-item-type-post_type menu-item-object-page menu-item-5175\"><a href=\"https:\/\/ciaravino.com.ar\/siben\/educacion\/xx-congreso-santo-domingo-6-9-de-noviembre-2024\/informacion-de-interes\/\" >Informaci\u00f3n de inter\u00e9s<\/a><\/li>\n\t<li id=\"menu-item-5193\" class=\"menu-item menu-item-type-post_type menu-item-object-page menu-item-5193\"><a href=\"https:\/\/ciaravino.com.ar\/siben\/educacion\/xx-congreso-santo-domingo-6-9-de-noviembre-2024\/programa-cientifico\/\" >Programa Cient\u00edfico<\/a><\/li>\n\t<li id=\"menu-item-5195\" class=\"menu-item menu-item-type-custom menu-item-object-custom menu-item-5195\"><a target=\"_blank\" href=\"https:\/\/siben.net\/congreso2024\/Evento\/xx-congreso-anual-siben\/\" >Inscripciones<\/a><\/li>\n\t<li id=\"menu-item-5201\" class=\"menu-item menu-item-type-post_type menu-item-object-page menu-item-5201\"><a href=\"https:\/\/ciaravino.com.ar\/siben\/educacion\/xx-congreso-santo-domingo-6-9-de-noviembre-2024\/trabajos-cientifico\/\" >Trabajos Cient\u00edfico<\/a><\/li>\n<\/ul>\n<\/li>\n<li id=\"menu-item-5153\" class=\"menu-item menu-item-type-custom menu-item-object-custom menu-item-has-children menu-item-5153\"><a href=\"#\" >CONGRESOS PASADOS<\/a>\n<ul\/ class=\"nav-dropdown sub-menu\" \/>\n\t<li id=\"menu-item-5207\" class=\"menu-item menu-item-type-post_type menu-item-object-page menu-item-5207\"><a href=\"https:\/\/ciaravino.com.ar\/siben\/educacion\/congresos-pasados\/xix-congreso-mar-del-plata-28-30-de-noviembre-de-2023\/\" >XIX CONGRESO MAR DEL PLATA, 28-30 DE NOVIEMBRE DE 2023<\/a><\/li>\n<\/ul>\n<\/li>\n<li id=\"menu-item-5216\" class=\"menu-item menu-item-type-post_type menu-item-object-page menu-item-5216\"><a href=\"https:\/\/ciaravino.com.ar\/siben\/educacion\/campus-educativo-epa\/\" >CAMPUS EDUCATIVO EPA<\/a><\/li>\n<li id=\"menu-item-5237\" class=\"menu-item menu-item-type-post_type menu-item-object-page menu-item-5237\"><a href=\"https:\/\/ciaravino.com.ar\/siben\/educacion\/siben-alerta\/\" >SIBEN ALERTA<\/a><\/li>\n<li id=\"menu-item-5236\" class=\"menu-item menu-item-type-post_type menu-item-object-page menu-item-5236\"><a href=\"https:\/\/ciaravino.com.ar\/siben\/educacion\/siben-tv\/\" >SIBEN TV<\/a><\/li>\n<li id=\"menu-item-5235\" class=\"menu-item menu-item-type-post_type menu-item-object-page menu-item-5235\"><a href=\"https:\/\/ciaravino.com.ar\/siben\/educacion\/carrera-academica-de-siben\/\" >CARRERA ACAD\u00c9MICA DE SIBEN<\/a><\/li>\n<li id=\"menu-item-5148\" class=\"menu-item menu-item-type-custom menu-item-object-custom menu-item-has-children menu-item-5148\"><a href=\"#\" >DECLARACIONES SIBEN<\/a>\n<ul\/ class=\"nav-dropdown sub-menu\" \/>\n\t<li id=\"menu-item-5319\" class=\"menu-item menu-item-type-post_type menu-item-object-page menu-item-5319\"><a href=\"https:\/\/ciaravino.com.ar\/siben\/educacion\/declaraciones-siben\/dia-de-la-educacion-neonatal\/\" >D\u00eda de la Educaci\u00f3n Neonatal<\/a><\/li>\n\t<li id=\"menu-item-5318\" class=\"menu-item menu-item-type-post_type menu-item-object-page menu-item-5318\"><a href=\"https:\/\/ciaravino.com.ar\/siben\/educacion\/declaraciones-siben\/covid-19\/\" >COVID 19<\/a><\/li>\n<\/ul>\n<\/li>\n<li id=\"menu-item-5234\" class=\"menu-item menu-item-type-post_type menu-item-object-page menu-item-5234\"><a href=\"https:\/\/ciaravino.com.ar\/siben\/educacion\/otros-eventos-de-interes\/\" >OTROS EVENTOS DE INTER\u00c9S<\/a><\/li>\n<li id=\"menu-item-5233\" class=\"menu-item menu-item-type-post_type menu-item-object-page menu-item-5233\"><a href=\"https:\/\/ciaravino.com.ar\/siben\/educacion\/juntos-somos-mas\/\" >\u201cJuntos Somos M\u00e1s\u201d<\/a><\/li>\n<\/ul>\t\t\t\t\t\t\t<\/div>\n\t\t<\/div>\t\t<\/div>\n\t\t\t\t<\/div>\n\t\t\t\t\t<\/div>\n\t\t<\/div>\n\t\t\t\t<div class=\"elementor-column elementor-col-50 elementor-top-column elementor-element elementor-element-7a4473c\" data-id=\"7a4473c\" data-element_type=\"column\">\n\t\t\t<div class=\"elementor-widget-wrap elementor-element-populated\">\n\t\t\t\t\t\t<div class=\"elementor-element elementor-element-92b2642 elementor-widget elementor-widget-heading\" data-id=\"92b2642\" data-element_type=\"widget\" data-widget_type=\"heading.default\">\n\t\t\t\t<div class=\"elementor-widget-container\">\n\t\t\t<h2 class=\"elementor-heading-title elementor-size-default\">SIBEN TV<\/h2>\t\t<\/div>\n\t\t\t\t<\/div>\n\t\t\t\t<section class=\"elementor-section elementor-inner-section elementor-element elementor-element-0a7d57d elementor-section-boxed elementor-section-height-default elementor-section-height-default\" data-id=\"0a7d57d\" data-element_type=\"section\">\n\t\t\t\t\t\t<div class=\"elementor-container elementor-column-gap-default\">\n\t\t\t\t\t<div class=\"elementor-column elementor-col-100 elementor-inner-column elementor-element elementor-element-32846c9\" data-id=\"32846c9\" data-element_type=\"column\">\n\t\t\t<div class=\"elementor-widget-wrap elementor-element-populated\">\n\t\t\t\t\t\t<div class=\"elementor-element elementor-element-a925da0 elementor-widget elementor-widget-video\" data-id=\"a925da0\" data-element_type=\"widget\" data-settings=\"{&quot;youtube_url&quot;:&quot;https:\\\/\\\/www.youtube.com\\\/watch?v=Oc3C5bWVn-I&quot;,&quot;video_type&quot;:&quot;youtube&quot;,&quot;controls&quot;:&quot;yes&quot;}\" data-widget_type=\"video.default\">\n\t\t\t\t<div class=\"elementor-widget-container\">\n\t\t\t\t\t<div class=\"elementor-wrapper elementor-open-inline\">\n\t\t\t<div class=\"elementor-video\"><\/div>\t\t<\/div>\n\t\t\t\t<\/div>\n\t\t\t\t<\/div>\n\t\t\t\t<div class=\"elementor-element elementor-element-982171d elementor-widget elementor-widget-text-editor\" data-id=\"982171d\" data-element_type=\"widget\" data-widget_type=\"text-editor.default\">\n\t\t\t\t<div class=\"elementor-widget-container\">\n\t\t\t\t\t\t\t<p><strong>Enfermera Mar\u00eda Teresa Montes Bueno, <\/strong>Consejera de Enfermer\u00eda SIBEN<br \/>Miembro fundador del Cap\u00edtulo de Enfermer\u00eda de SIBEN<br \/>Miembro del Directorio de SIBEN<br \/>Realizado 3 de agosto 2020<\/p>\t\t\t\t\t\t<\/div>\n\t\t\t\t<\/div>\n\t\t\t\t<div class=\"elementor-element elementor-element-9770903 elementor-widget-divider--view-line elementor-widget elementor-widget-divider\" data-id=\"9770903\" data-element_type=\"widget\" data-widget_type=\"divider.default\">\n\t\t\t\t<div class=\"elementor-widget-container\">\n\t\t\t\t\t<div class=\"elementor-divider\">\n\t\t\t<span class=\"elementor-divider-separator\">\n\t\t\t\t\t\t<\/span>\n\t\t<\/div>\n\t\t\t\t<\/div>\n\t\t\t\t<\/div>\n\t\t\t\t\t<\/div>\n\t\t<\/div>\n\t\t\t\t\t<\/div>\n\t\t<\/section>\n\t\t\t\t<section class=\"elementor-section elementor-inner-section elementor-element elementor-element-7810a04 elementor-section-boxed elementor-section-height-default elementor-section-height-default\" data-id=\"7810a04\" data-element_type=\"section\">\n\t\t\t\t\t\t<div class=\"elementor-container elementor-column-gap-default\">\n\t\t\t\t\t<div class=\"elementor-column elementor-col-100 elementor-inner-column elementor-element elementor-element-51b6cc3\" data-id=\"51b6cc3\" data-element_type=\"column\">\n\t\t\t<div class=\"elementor-widget-wrap elementor-element-populated\">\n\t\t\t\t\t\t<div class=\"elementor-element elementor-element-4c51bec elementor-widget elementor-widget-video\" data-id=\"4c51bec\" data-element_type=\"widget\" data-settings=\"{&quot;youtube_url&quot;:&quot;https:\\\/\\\/www.youtube.com\\\/watch?v=Oc3C5bWVn-I&quot;,&quot;video_type&quot;:&quot;youtube&quot;,&quot;controls&quot;:&quot;yes&quot;}\" data-widget_type=\"video.default\">\n\t\t\t\t<div class=\"elementor-widget-container\">\n\t\t\t\t\t<div class=\"elementor-wrapper elementor-open-inline\">\n\t\t\t<div class=\"elementor-video\"><\/div>\t\t<\/div>\n\t\t\t\t<\/div>\n\t\t\t\t<\/div>\n\t\t\t\t<div class=\"elementor-element elementor-element-24c21e7 elementor-widget elementor-widget-text-editor\" data-id=\"24c21e7\" data-element_type=\"widget\" data-widget_type=\"text-editor.default\">\n\t\t\t\t<div class=\"elementor-widget-container\">\n\t\t\t\t\t\t\t<p><strong>Enfermera Mar\u00eda Teresa Montes Bueno, <\/strong>Consejera de Enfermer\u00eda SIBEN<br \/>Miembro fundador del Cap\u00edtulo de Enfermer\u00eda de SIBEN<br \/>Miembro del Directorio de SIBEN<br \/>Realizado 3 de agosto 2020<\/p>\t\t\t\t\t\t<\/div>\n\t\t\t\t<\/div>\n\t\t\t\t<div class=\"elementor-element elementor-element-d7478d7 elementor-widget-divider--view-line elementor-widget elementor-widget-divider\" data-id=\"d7478d7\" data-element_type=\"widget\" data-widget_type=\"divider.default\">\n\t\t\t\t<div class=\"elementor-widget-container\">\n\t\t\t\t\t<div class=\"elementor-divider\">\n\t\t\t<span class=\"elementor-divider-separator\">\n\t\t\t\t\t\t<\/span>\n\t\t<\/div>\n\t\t\t\t<\/div>\n\t\t\t\t<\/div>\n\t\t\t\t\t<\/div>\n\t\t<\/div>\n\t\t\t\t\t<\/div>\n\t\t<\/section>\n\t\t\t\t<section class=\"elementor-section elementor-inner-section elementor-element elementor-element-1a463f6 elementor-section-boxed elementor-section-height-default elementor-section-height-default\" data-id=\"1a463f6\" data-element_type=\"section\">\n\t\t\t\t\t\t<div class=\"elementor-container elementor-column-gap-default\">\n\t\t\t\t\t<div class=\"elementor-column elementor-col-100 elementor-inner-column elementor-element elementor-element-b1f6012\" data-id=\"b1f6012\" data-element_type=\"column\">\n\t\t\t<div class=\"elementor-widget-wrap elementor-element-populated\">\n\t\t\t\t\t\t<div class=\"elementor-element elementor-element-8f72524 elementor-widget elementor-widget-video\" data-id=\"8f72524\" data-element_type=\"widget\" data-settings=\"{&quot;youtube_url&quot;:&quot;https:\\\/\\\/www.youtube.com\\\/watch?v=XtPR1y6KvEk&quot;,&quot;video_type&quot;:&quot;youtube&quot;,&quot;controls&quot;:&quot;yes&quot;}\" data-widget_type=\"video.default\">\n\t\t\t\t<div class=\"elementor-widget-container\">\n\t\t\t\t\t<div class=\"elementor-wrapper elementor-open-inline\">\n\t\t\t<div class=\"elementor-video\"><\/div>\t\t<\/div>\n\t\t\t\t<\/div>\n\t\t\t\t<\/div>\n\t\t\t\t<div class=\"elementor-element elementor-element-8fc62d6 elementor-widget elementor-widget-text-editor\" data-id=\"8fc62d6\" data-element_type=\"widget\" data-widget_type=\"text-editor.default\">\n\t\t\t\t<div class=\"elementor-widget-container\">\n\t\t\t\t\t\t\t<p><strong>Resumen y recomendaciones para las mujeres, sus beb\u00e9s y el personal m\u00e9dico y de enfermer\u00eda que tienen que cuidarlos.<\/strong><br \/>Dr. Augusto Sola, Director General de SIBEN<br \/>Realizado 18 de Junio 2020<\/p>\t\t\t\t\t\t<\/div>\n\t\t\t\t<\/div>\n\t\t\t\t<div class=\"elementor-element elementor-element-6a0a76d elementor-widget-divider--view-line elementor-widget elementor-widget-divider\" data-id=\"6a0a76d\" data-element_type=\"widget\" data-widget_type=\"divider.default\">\n\t\t\t\t<div class=\"elementor-widget-container\">\n\t\t\t\t\t<div class=\"elementor-divider\">\n\t\t\t<span class=\"elementor-divider-separator\">\n\t\t\t\t\t\t<\/span>\n\t\t<\/div>\n\t\t\t\t<\/div>\n\t\t\t\t<\/div>\n\t\t\t\t\t<\/div>\n\t\t<\/div>\n\t\t\t\t\t<\/div>\n\t\t<\/section>\n\t\t\t\t<section class=\"elementor-section elementor-inner-section elementor-element elementor-element-e2890b8 elementor-section-boxed elementor-section-height-default elementor-section-height-default\" data-id=\"e2890b8\" data-element_type=\"section\">\n\t\t\t\t\t\t<div class=\"elementor-container elementor-column-gap-default\">\n\t\t\t\t\t<div class=\"elementor-column elementor-col-100 elementor-inner-column elementor-element elementor-element-0daba23\" data-id=\"0daba23\" data-element_type=\"column\">\n\t\t\t<div class=\"elementor-widget-wrap elementor-element-populated\">\n\t\t\t\t\t\t<div class=\"elementor-element elementor-element-f57ad63 elementor-widget elementor-widget-video\" data-id=\"f57ad63\" data-element_type=\"widget\" data-settings=\"{&quot;youtube_url&quot;:&quot;https:\\\/\\\/www.youtube.com\\\/watch?v=7H1MH5OoHNU&quot;,&quot;video_type&quot;:&quot;youtube&quot;,&quot;controls&quot;:&quot;yes&quot;}\" data-widget_type=\"video.default\">\n\t\t\t\t<div class=\"elementor-widget-container\">\n\t\t\t\t\t<div class=\"elementor-wrapper elementor-open-inline\">\n\t\t\t<div class=\"elementor-video\"><\/div>\t\t<\/div>\n\t\t\t\t<\/div>\n\t\t\t\t<\/div>\n\t\t\t\t<div class=\"elementor-element elementor-element-3f3a338 elementor-widget elementor-widget-text-editor\" data-id=\"3f3a338\" data-element_type=\"widget\" data-widget_type=\"text-editor.default\">\n\t\t\t\t<div class=\"elementor-widget-container\">\n\t\t\t\t\t\t\t<p><strong>Informaci\u00f3n y esperanza para el cuidado de la mujer embarazada y su beb\u00e9 durante la pandemia del COVID-19<\/strong>.<br \/>Dr. Augusto Sola. Director General de SIBEN<br \/>Realizado 12 de Junio 2020<\/p>\t\t\t\t\t\t<\/div>\n\t\t\t\t<\/div>\n\t\t\t\t<div class=\"elementor-element elementor-element-c4f7901 elementor-widget-divider--view-line elementor-widget elementor-widget-divider\" data-id=\"c4f7901\" data-element_type=\"widget\" data-widget_type=\"divider.default\">\n\t\t\t\t<div class=\"elementor-widget-container\">\n\t\t\t\t\t<div class=\"elementor-divider\">\n\t\t\t<span class=\"elementor-divider-separator\">\n\t\t\t\t\t\t<\/span>\n\t\t<\/div>\n\t\t\t\t<\/div>\n\t\t\t\t<\/div>\n\t\t\t\t\t<\/div>\n\t\t<\/div>\n\t\t\t\t\t<\/div>\n\t\t<\/section>\n\t\t\t\t<section class=\"elementor-section elementor-inner-section elementor-element elementor-element-cc35733 elementor-section-boxed elementor-section-height-default elementor-section-height-default\" data-id=\"cc35733\" data-element_type=\"section\">\n\t\t\t\t\t\t<div class=\"elementor-container elementor-column-gap-default\">\n\t\t\t\t\t<div class=\"elementor-column elementor-col-100 elementor-inner-column elementor-element elementor-element-c3377cc\" data-id=\"c3377cc\" data-element_type=\"column\">\n\t\t\t<div class=\"elementor-widget-wrap elementor-element-populated\">\n\t\t\t\t\t\t<div class=\"elementor-element elementor-element-3bf9706 elementor-widget elementor-widget-video\" data-id=\"3bf9706\" data-element_type=\"widget\" data-settings=\"{&quot;youtube_url&quot;:&quot;https:\\\/\\\/www.youtube.com\\\/watch?v=KvjuC6Ip6CA&quot;,&quot;video_type&quot;:&quot;youtube&quot;,&quot;controls&quot;:&quot;yes&quot;}\" data-widget_type=\"video.default\">\n\t\t\t\t<div class=\"elementor-widget-container\">\n\t\t\t\t\t<div class=\"elementor-wrapper elementor-open-inline\">\n\t\t\t<div class=\"elementor-video\"><\/div>\t\t<\/div>\n\t\t\t\t<\/div>\n\t\t\t\t<\/div>\n\t\t\t\t<div class=\"elementor-element elementor-element-a367feb elementor-widget elementor-widget-text-editor\" data-id=\"a367feb\" data-element_type=\"widget\" data-widget_type=\"text-editor.default\">\n\t\t\t\t<div class=\"elementor-widget-container\">\n\t\t\t\t\t\t\t<p><strong>Presentamos en forma resumida algunos aspectos del cuidado de la mujer embarazada y el reci\u00e9n nacido con sospecha o confirmaci\u00f3n de infecci\u00f3n viral por COVID-19.<\/strong><br \/>Dr. Augusto Sola. Director General de SIBEN<br \/>Realizado 21 de Marzo 2020<\/p>\t\t\t\t\t\t<\/div>\n\t\t\t\t<\/div>\n\t\t\t\t<div class=\"elementor-element elementor-element-23f2657 elementor-widget-divider--view-line elementor-widget elementor-widget-divider\" data-id=\"23f2657\" data-element_type=\"widget\" data-widget_type=\"divider.default\">\n\t\t\t\t<div class=\"elementor-widget-container\">\n\t\t\t\t\t<div class=\"elementor-divider\">\n\t\t\t<span class=\"elementor-divider-separator\">\n\t\t\t\t\t\t<\/span>\n\t\t<\/div>\n\t\t\t\t<\/div>\n\t\t\t\t<\/div>\n\t\t\t\t\t<\/div>\n\t\t<\/div>\n\t\t\t\t\t<\/div>\n\t\t<\/section>\n\t\t\t\t\t<\/div>\n\t\t<\/div>\n\t\t\t\t\t<\/div>\n\t\t<\/section>\n\t\t\t\t<section class=\"elementor-section elementor-top-section elementor-element elementor-element-8168caf elementor-section-boxed elementor-section-height-default elementor-section-height-default\" data-id=\"8168caf\" data-element_type=\"section\">\n\t\t\t\t\t\t<div class=\"elementor-container elementor-column-gap-default\">\n\t\t\t\t\t<div class=\"elementor-column elementor-col-100 elementor-top-column elementor-element elementor-element-19f2537\" data-id=\"19f2537\" data-element_type=\"column\">\n\t\t\t<div class=\"elementor-widget-wrap elementor-element-populated\">\n\t\t\t\t\t\t<div class=\"elementor-element elementor-element-ba0c223 elementor-widget elementor-widget-spacer\" data-id=\"ba0c223\" data-element_type=\"widget\" data-widget_type=\"spacer.default\">\n\t\t\t\t<div class=\"elementor-widget-container\">\n\t\t\t\t\t<div class=\"elementor-spacer\">\n\t\t\t<div class=\"elementor-spacer-inner\"><\/div>\n\t\t<\/div>\n\t\t\t\t<\/div>\n\t\t\t\t<\/div>\n\t\t\t\t\t<\/div>\n\t\t<\/div>\n\t\t\t\t\t<\/div>\n\t\t<\/section>\n\t\t\t\t<\/div>\n\t\t","protected":false},"excerpt":{"rendered":"<p>Educaci\u00f3n XX CONGRESO, SANTO DOMINGO 6-9 DE NOVIEMBRE 2024 Informaci\u00f3n de inter\u00e9s Programa Cient\u00edfico Inscripciones Trabajos Cient\u00edfico CONGRESOS PASADOS XIX CONGRESO MAR DEL PLATA, 28-30 DE NOVIEMBRE DE 2023 CAMPUS EDUCATIVO EPA SIBEN ALERTA SIBEN TV CARRERA ACAD\u00c9MICA DE SIBEN DECLARACIONES SIBEN D\u00eda de la Educaci\u00f3n Neonatal COVID 19 OTROS EVENTOS DE INTER\u00c9S \u201cJuntos Somos [&hellip;]<\/p>\n","protected":false},"author":1,"featured_media":0,"parent":5120,"menu_order":0,"comment_status":"closed","ping_status":"closed","template":"elementor_header_footer","meta":{"footnotes":""},"class_list":["post-5222","page","type-page","status-publish","hentry"],"_links":{"self":[{"href":"https:\/\/ciaravino.com.ar\/siben\/wp-json\/wp\/v2\/pages\/5222"}],"collection":[{"href":"https:\/\/ciaravino.com.ar\/siben\/wp-json\/wp\/v2\/pages"}],"about":[{"href":"https:\/\/ciaravino.com.ar\/siben\/wp-json\/wp\/v2\/types\/page"}],"author":[{"embeddable":true,"href":"https:\/\/ciaravino.com.ar\/siben\/wp-json\/wp\/v2\/users\/1"}],"replies":[{"embeddable":true,"href":"https:\/\/ciaravino.com.ar\/siben\/wp-json\/wp\/v2\/comments?post=5222"}],"version-history":[{"count":7,"href":"https:\/\/ciaravino.com.ar\/siben\/wp-json\/wp\/v2\/pages\/5222\/revisions"}],"predecessor-version":[{"id":5328,"href":"https:\/\/ciaravino.com.ar\/siben\/wp-json\/wp\/v2\/pages\/5222\/revisions\/5328"}],"up":[{"embeddable":true,"href":"https:\/\/ciaravino.com.ar\/siben\/wp-json\/wp\/v2\/pages\/5120"}],"wp:attachment":[{"href":"https:\/\/ciaravino.com.ar\/siben\/wp-json\/wp\/v2\/media?parent=5222"}],"curies":[{"name":"wp","href":"https:\/\/api.w.org\/{rel}","templated":true}]}}