{"id":5224,"date":"2024-07-03T20:23:03","date_gmt":"2024-07-03T23:23:03","guid":{"rendered":"https:\/\/ciaravino.com.ar\/siben\/?page_id=5224"},"modified":"2024-07-03T22:36:09","modified_gmt":"2024-07-04T01:36:09","slug":"carrera-academica-de-siben","status":"publish","type":"page","link":"https:\/\/ciaravino.com.ar\/siben\/educacion\/carrera-academica-de-siben\/","title":{"rendered":"CARRERA ACAD\u00c9MICA DE SIBEN"},"content":{"rendered":"\t\t<div data-elementor-type=\"wp-post\" data-elementor-id=\"5224\" class=\"elementor elementor-5224\">\n\t\t\t\t\t\t<section class=\"elementor-section elementor-top-section elementor-element elementor-element-e688ad5 elementor-section-boxed elementor-section-height-default elementor-section-height-default\" data-id=\"e688ad5\" data-element_type=\"section\">\n\t\t\t\t\t\t<div class=\"elementor-container elementor-column-gap-default\">\n\t\t\t\t\t<div class=\"elementor-column elementor-col-100 elementor-top-column elementor-element elementor-element-2210ac9\" data-id=\"2210ac9\" data-element_type=\"column\">\n\t\t\t<div class=\"elementor-widget-wrap elementor-element-populated\">\n\t\t\t\t\t\t<div class=\"elementor-element elementor-element-cad652d elementor-widget elementor-widget-heading\" data-id=\"cad652d\" data-element_type=\"widget\" data-widget_type=\"heading.default\">\n\t\t\t\t<div class=\"elementor-widget-container\">\n\t\t\t<h2 class=\"elementor-heading-title elementor-size-default\">Educaci\u00f3n<\/h2>\t\t<\/div>\n\t\t\t\t<\/div>\n\t\t\t\t\t<\/div>\n\t\t<\/div>\n\t\t\t\t\t<\/div>\n\t\t<\/section>\n\t\t\t\t<section class=\"elementor-section elementor-top-section elementor-element elementor-element-85ca297 elementor-section-boxed elementor-section-height-default elementor-section-height-default\" data-id=\"85ca297\" data-element_type=\"section\">\n\t\t\t\t\t\t<div class=\"elementor-container elementor-column-gap-default\">\n\t\t\t\t\t<div class=\"elementor-column elementor-col-50 elementor-top-column elementor-element elementor-element-621faef menu-lateral\" data-id=\"621faef\" data-element_type=\"column\" data-settings=\"{&quot;background_background&quot;:&quot;classic&quot;}\">\n\t\t\t<div class=\"elementor-widget-wrap elementor-element-populated\">\n\t\t\t\t\t\t<div class=\"elementor-element elementor-element-fd40643 elementor-widget elementor-widget-wpb-accordion-menu-or-category-pro\" data-id=\"fd40643\" data-element_type=\"widget\" data-widget_type=\"wpb-accordion-menu-or-category-pro.default\">\n\t\t\t\t<div class=\"elementor-widget-container\">\n\t\t\t<div class=\"wpb-wamc-elementor-widget wpb-wamc-elementor-widget-show-in-popup\">\t\t\t<div class=\"wpb_category_n_menu_accordion wpb_accordion_free_version wpb_wmca_accordion_wrapper_theme_transparent wpb_the_menu_accordion\" data-shortcode_id=\"5164\" data-accordion=\"true\" data-indicator_icon=\"+\">\n\t\t\t\t\t\t\t\t<ul id=\"menu-educacion\" class=\"wpb_category_n_menu_accordion_list\"><li id=\"menu-item-5174\" class=\"menu-item menu-item-type-post_type menu-item-object-page menu-item-has-children menu-item-5174\"><a href=\"https:\/\/ciaravino.com.ar\/siben\/educacion\/xx-congreso-santo-domingo-6-9-de-noviembre-2024\/\" >XX CONGRESO, SANTO DOMINGO 6-9 DE NOVIEMBRE 2024<\/a>\n<ul\/ class=\"nav-dropdown sub-menu\" \/>\n\t<li id=\"menu-item-5175\" class=\"menu-item menu-item-type-post_type menu-item-object-page menu-item-5175\"><a href=\"https:\/\/ciaravino.com.ar\/siben\/educacion\/xx-congreso-santo-domingo-6-9-de-noviembre-2024\/informacion-de-interes\/\" >Informaci\u00f3n de inter\u00e9s<\/a><\/li>\n\t<li id=\"menu-item-5193\" class=\"menu-item menu-item-type-post_type menu-item-object-page menu-item-5193\"><a href=\"https:\/\/ciaravino.com.ar\/siben\/educacion\/xx-congreso-santo-domingo-6-9-de-noviembre-2024\/programa-cientifico\/\" >Programa Cient\u00edfico<\/a><\/li>\n\t<li id=\"menu-item-5195\" class=\"menu-item menu-item-type-custom menu-item-object-custom menu-item-5195\"><a target=\"_blank\" href=\"https:\/\/siben.net\/congreso2024\/Evento\/xx-congreso-anual-siben\/\" >Inscripciones<\/a><\/li>\n\t<li id=\"menu-item-5201\" class=\"menu-item menu-item-type-post_type menu-item-object-page menu-item-5201\"><a href=\"https:\/\/ciaravino.com.ar\/siben\/educacion\/xx-congreso-santo-domingo-6-9-de-noviembre-2024\/trabajos-cientifico\/\" >Trabajos Cient\u00edfico<\/a><\/li>\n<\/ul>\n<\/li>\n<li id=\"menu-item-5153\" class=\"menu-item menu-item-type-custom menu-item-object-custom menu-item-has-children menu-item-5153\"><a href=\"#\" >CONGRESOS PASADOS<\/a>\n<ul\/ class=\"nav-dropdown sub-menu\" \/>\n\t<li id=\"menu-item-5207\" class=\"menu-item menu-item-type-post_type menu-item-object-page menu-item-5207\"><a href=\"https:\/\/ciaravino.com.ar\/siben\/educacion\/congresos-pasados\/xix-congreso-mar-del-plata-28-30-de-noviembre-de-2023\/\" >XIX CONGRESO MAR DEL PLATA, 28-30 DE NOVIEMBRE DE 2023<\/a><\/li>\n<\/ul>\n<\/li>\n<li id=\"menu-item-5216\" class=\"menu-item menu-item-type-post_type menu-item-object-page menu-item-5216\"><a href=\"https:\/\/ciaravino.com.ar\/siben\/educacion\/campus-educativo-epa\/\" >CAMPUS EDUCATIVO EPA<\/a><\/li>\n<li id=\"menu-item-5237\" class=\"menu-item menu-item-type-post_type menu-item-object-page menu-item-5237\"><a href=\"https:\/\/ciaravino.com.ar\/siben\/educacion\/siben-alerta\/\" >SIBEN ALERTA<\/a><\/li>\n<li id=\"menu-item-5236\" class=\"menu-item menu-item-type-post_type menu-item-object-page menu-item-5236\"><a href=\"https:\/\/ciaravino.com.ar\/siben\/educacion\/siben-tv\/\" >SIBEN TV<\/a><\/li>\n<li id=\"menu-item-5235\" class=\"menu-item menu-item-type-post_type menu-item-object-page menu-item-5235\"><a href=\"https:\/\/ciaravino.com.ar\/siben\/educacion\/carrera-academica-de-siben\/\" >CARRERA ACAD\u00c9MICA DE SIBEN<\/a><\/li>\n<li id=\"menu-item-5148\" class=\"menu-item menu-item-type-custom menu-item-object-custom menu-item-has-children menu-item-5148\"><a href=\"#\" >DECLARACIONES SIBEN<\/a>\n<ul\/ class=\"nav-dropdown sub-menu\" \/>\n\t<li id=\"menu-item-5319\" class=\"menu-item menu-item-type-post_type menu-item-object-page menu-item-5319\"><a href=\"https:\/\/ciaravino.com.ar\/siben\/educacion\/declaraciones-siben\/dia-de-la-educacion-neonatal\/\" >D\u00eda de la Educaci\u00f3n Neonatal<\/a><\/li>\n\t<li id=\"menu-item-5318\" class=\"menu-item menu-item-type-post_type menu-item-object-page menu-item-5318\"><a href=\"https:\/\/ciaravino.com.ar\/siben\/educacion\/declaraciones-siben\/covid-19\/\" >COVID 19<\/a><\/li>\n<\/ul>\n<\/li>\n<li id=\"menu-item-5234\" class=\"menu-item menu-item-type-post_type menu-item-object-page menu-item-5234\"><a href=\"https:\/\/ciaravino.com.ar\/siben\/educacion\/otros-eventos-de-interes\/\" >OTROS EVENTOS DE INTER\u00c9S<\/a><\/li>\n<li id=\"menu-item-5233\" class=\"menu-item menu-item-type-post_type menu-item-object-page menu-item-5233\"><a href=\"https:\/\/ciaravino.com.ar\/siben\/educacion\/juntos-somos-mas\/\" >\u201cJuntos Somos M\u00e1s\u201d<\/a><\/li>\n<\/ul>\t\t\t\t\t\t\t<\/div>\n\t\t<\/div>\t\t<\/div>\n\t\t\t\t<\/div>\n\t\t\t\t\t<\/div>\n\t\t<\/div>\n\t\t\t\t<div class=\"elementor-column elementor-col-50 elementor-top-column elementor-element elementor-element-7a4473c\" data-id=\"7a4473c\" data-element_type=\"column\">\n\t\t\t<div class=\"elementor-widget-wrap elementor-element-populated\">\n\t\t\t\t\t\t<div class=\"elementor-element elementor-element-92b2642 elementor-widget elementor-widget-heading\" data-id=\"92b2642\" data-element_type=\"widget\" data-widget_type=\"heading.default\">\n\t\t\t\t<div class=\"elementor-widget-container\">\n\t\t\t<h2 class=\"elementor-heading-title elementor-size-default\">CARRERA ACAD\u00c9MICA DE SIBEN<\/h2>\t\t<\/div>\n\t\t\t\t<\/div>\n\t\t\t\t<div class=\"elementor-element elementor-element-c6ea065 elementor-widget elementor-widget-text-editor\" data-id=\"c6ea065\" data-element_type=\"widget\" data-widget_type=\"text-editor.default\">\n\t\t\t\t<div class=\"elementor-widget-container\">\n\t\t\t\t\t\t\t<p>Abierta la convocatoria. Para postularte para la carrera acad\u00e9mica de SIBEN <a href=\"https:\/\/docs.google.com\/forms\/d\/1DcijHqKLivPK6E2OvJ14F48jqJxIBrnZdTn02PsGMLM\/viewform?pli=1&amp;pli=1&amp;edit_requested=true\" target=\"_blank\" rel=\"noopener\">completar el siguiente formulario<\/a><\/p><p>El d\u00eda 16 de Julio del 2022 los integrantes del \u00c1rea Directiva y del Cuerpo Asesor de SIBEN elaboraron el presente documento que establece la creaci\u00f3n a la CARRERA ACAD\u00c9MICA DE SIBEN<\/p><h5><strong>INTRODUCCI\u00d3N<\/strong><\/h5><p>La Sociedad Iberoamericana de Neonatolog\u00eda SIBEN es una organizaci\u00f3n sin fines de lucro que trabaja para mejorar el cuidado de los reci\u00e9n nacidos y sus familias en los pa\u00edses iberoamericanos. Su objetivo primordial es aportar educaci\u00f3n continuada y actualizada, con fundamentaci\u00f3n cient\u00edfica y humana.<br \/>Sus miembros, m\u00e9dicos, enfermeros e integrantes de otras disciplinas participan educ\u00e1ndose y educando para mejorar sus capacidades, y que de este modo disminuya la brecha entre lo que se sabe y lo que se brinda a los reci\u00e9n nacidos, sin elitismos<br \/>ni discriminaci\u00f3n.<br \/>En este marco, SIBEN fomenta y reconoce la tarea educativa como un pilar para lograr sus objetivos.<br \/>El \u00e1rea directiva y el cuerpo asesor de SIBEN han consensuado que resulta relevante otorgar a los miembros<br \/>de SIBEN que llevan adelante esta tarea, la oportunidad de ingresar y progresar en una carrera acad\u00e9mica<br \/>que otorgue reconocimiento al m\u00e9rito, la dedicaci\u00f3n, el esfuerzo y la actividad dentro de la sociedad.<\/p><h5><strong>CARRERA ACAD\u00c9MICA SIBEN<\/strong><\/h5><p>La carrera acad\u00e9mica en SIBEN est\u00e1 destinada exclusivamente a miembros de SIBEN profesionales del equipo de salud de medicina, enfermer\u00eda u otras disciplinas neonatales, que, al cumplir con determinados logros educativos, de investigaci\u00f3n y\/o docentes entre otros, recibir\u00e1n desde SIBEN a trav\u00e9s de esta carrera, el reconocimiento acad\u00e9mico correspondiente a sus trayectorias y compromiso con, por y para SIBEN.<br \/>A tal fin se establecen los siguientes grados acad\u00e9micos:<\/p><ul><li>Instructor de neonatolog\u00eda de SIBEN<\/li><li>Profesor asistente de neonatolog\u00eda de SIBEN<\/li><li>Profeso adjunto de neonatolog\u00eda de SIBEN<\/li><li>Profesor titular de neonatolog\u00eda de SIBEN<\/li><li>Profesor em\u00e9rito de neonatolog\u00eda de SIBEN<\/li><\/ul><p>La carrera implica un progreso secuencial en los diferentes grados acad\u00e9micos, con un plazo m\u00ednimo de tres a\u00f1os para considerar la promoci\u00f3n al siguiente grado. Asimismo, puede considerarse el ingreso a la carrera a<br \/>trav\u00e9s de diferentes grados seg\u00fan los antecedentes y actividades de cada miembro.<\/p><h5><strong>Requisitos para cada grado:<\/strong><\/h5><p><strong>\u2022 Instructor de neonatolog\u00eda de SIBEN<\/strong><br \/>1. Ser miembro activo de SIBEN<br \/>2. Haber concurrido al menos a 2 Congresos Anuales de SIBEN en los \u00faltimos 5 a\u00f1os<br \/>3. Haber presentado al menos 1 trabajo libre en congresos de SIBEN en los \u00faltimos 5 a\u00f1os<br \/>4. Haber participado en consensos cl\u00ednicos SIBEN en los \u00faltimos 5 a\u00f1os<br \/>5. Haber realizado alguna actividad educativa (asistencia en rotaciones, coordinaciones, talleres, charlas u otras participaciones en el marco docente de SIBEN en los \u00faltimos 5 a\u00f1os)<br \/>6. Haber cumplido con el C\u00f3digo de \u00e9tica de SIBEN<\/p><div><b>\u2022 Profesor asistente de neonatolog\u00eda de SIBEN<\/b><\/div><div>1. Ser miembro de SIBEN e Instructor de neonatolog\u00eda de SIBEN por no menos de tres a\u00f1os o reunir los antecedentes para el ingreso en este grado.<\/div><div>2. Haber presentado al menos 2 trabajos libres en congresos de SIBEN o en otros congresos representando a SIBEN en los \u00faltimos 3 a\u00f1os<\/div><div>3. Haber participado en consensos cl\u00ednicos SIBEN en los \u00faltimos 3 a\u00f1os<\/div><div>4. Tener participaci\u00f3n como docente disertante o coordinador en actividades de educativas de SIBEN, como ser EPA SIBEN, Di\u00e1logos Neonatales u otra<\/div><div>5. Haber realizado 1 publicaci\u00f3n cient\u00edfica como autor principal o coautor en revistas indexadas en los \u00faltimos 5 a\u00f1os, siempre que en la misma se haya declarado la filiaci\u00f3n como integrante de SIBEN (miembro, consejero, directivo, etc.), o el trabajo sea de SIBEN<\/div><div>6. Haber cumplido con el C\u00f3digo de \u00e9tica de SIBEN<\/div><div>\u00a0<\/div><div><div><b>\u2022 Profesor adjunto de neonatolog\u00eda de SIBEN<\/b><\/div><div>1. Ser miembro de SIBEN y Profesor asistente de neonatolog\u00eda de SIBEN por no menos de tres a\u00f1os o reunir los antecedentes para el ingreso en este grado.<\/div><div>2. Haber presentado o asesorado en trabajos libres y\/o participado en la evaluaci\u00f3n de trabajos libres en congresos de SIBEN o en otros congresos representando a SIBEN en los \u00faltimos 3 a\u00f1os<\/div><div>3. Tener participaci\u00f3n como coordinador o docente de actividades de educativas de SIBEN, como ser EPA SIBEN, Di\u00e1logos neonatales u otra<\/div><div>4. Haber realizado al menos 2 publicaciones cient\u00edficas como autor principal o coautor en revistas indexadas en los \u00faltimos 5 a\u00f1os, siempre que en la misma se haya declarado la filiaci\u00f3n como integrante de SIBEN (miembro, consejero, directivo, etc.), o el trabajo sea de SIBEN; o haber participado como autor, editor o coeditor en libros de EDISIBEN<\/div><div>5. Haber cumplido con el C\u00f3digo de \u00e9tica de SIBEN<\/div><div>\u00a0<\/div><\/div><div><div><b>\u2022 Profesor titular de neonatolog\u00eda de SIBEN.<\/b><\/div><div>1. Ser miembro activo de SIBEN y Profesor adjunto de neonatolog\u00eda de SIBEN por no menos de tres a\u00f1os o reunir los antecedentes para el ingreso en este grado.<\/div><div>2. Haber participado en la evaluaci\u00f3n o como jurado de trabajos libres en congresos de SIBEN o en otros congresos representando a SIBEN en los \u00faltimos 3 a\u00f1os<\/div><div>3. Tener participaci\u00f3n relevante y con continuidad como docente disertante o coordinador en actividades educativas de SIBEN, como ser EPA SIBEN, Di\u00e1logos neonatales u otra<\/div><div>4. Haber realizado al menos 3 publicaciones cient\u00edficas como autor principal o coautor en revistas indexadas en los \u00faltimos 5 a\u00f1os, siempre que en la misma se<\/div><div>haya declarado la filiaci\u00f3n como integrante de SIBEN (miembro, consejero, directivo, etc.), o el trabajo sea de SIBEN; o haber participado como autor, editor o coeditor en libros de EDISIBEN.<\/div><div>5. Haber cumplido con el C\u00f3digo de \u00e9tica de SIBEN<\/div><div>\u00a0<\/div><\/div><div><div><b>Proceso de Evaluaci\u00f3n<\/b><\/div><div>El proceso de evaluaci\u00f3n para la carrera acad\u00e9mica de SIBEN y asignaci\u00f3n de t\u00edtulos estar\u00e1 a cargo de los miembros del Cuerpo Asesor del \u00c1rea Directiva.<\/div><div>El Cuerpo Asesor evaluar\u00e1 las aplicaciones de miembros de SIBEN que se postulen por primera vez o para promoci\u00f3n a los siguientes grados. En caso que el candidato sea parte del Cuerpo Asesor el mismo no participar\u00e1 del mismo.<\/div><div>Dicho proceso se realizar\u00e1 en forma objetiva, mediante una lista de puntajes dise\u00f1ada para establecer el cumplimiento de los requisitos para cada grado acad\u00e9mico.<\/div><div>Se establecer\u00e1n formularios de aplicaci\u00f3n espec\u00edficos para facilitar el proceso de aplicaci\u00f3n de los miembros de SIBEN profesionales del equipo de salud de medicina, enfermer\u00eda u otras disciplinas neonatales que decidan presentarse a esta carrera<\/div><div>acad\u00e9mica. Dichas postulaciones estar\u00e1n disponibles durante 30 d\u00edas una vez al a\u00f1o, periodo que ser\u00e1 comunicado a todos los miembros con suficiente antelaci\u00f3n. Las aplicaciones tendr\u00e1n car\u00e1cter de declaraci\u00f3n jurada y la decisi\u00f3n del Cuerpo Asesor no ser\u00e1 apelables.<\/div><div>\u00a0<\/div><\/div><div><div><b>T\u00edtulos<\/b><\/div><div>Los t\u00edtulos con el grado acad\u00e9mico correspondiente ser\u00e1n entregados durante los Congresos anuales de SIBEN y tendr\u00e1n una vigencia de 5 a\u00f1os. Luego de ese periodo se deber\u00e1 recertificar la designaci\u00f3n o promoverse al grado siguiente. Los t\u00edtulos que otorga la sociedad no implican remuneraci\u00f3n ni sueldos, e implican el reconocimiento y acreditaci\u00f3n dentro de SIBEN.<\/div><div>\u00a0<\/div><div><b>Otros grados acad\u00e9micos<\/b><\/div><div>Se establece el grado de Profesor Em\u00e9rito de Neonatolog\u00eda de SIBEN, destinado a profesionales destacados que hayan tenido una amplia, extensa y relevante trayectoria en la actividad educativa de y por SIBEN. Los miembros directivos o consejeros de SIBEN podr\u00e1n presentar candidatos para este grado al Cuerpo Asesor, que tendr\u00e1 la decisi\u00f3n final para el reconocimiento de estas trayectorias. Este grado no requerir\u00e1 recertificaci\u00f3n.<\/div><\/div><div>\u00a0<\/div><div><a href=\"https:\/\/ciaravino.com.ar\/siben\/wp-content\/uploads\/2024\/07\/carreraacademicasibencorr.pdf\" target=\"_blank\" rel=\"noopener\">DESCARGAR EL DOCUMENTO CARRERA ACAD\u00c9MICA DE SIBEN<\/a><\/div>\t\t\t\t\t\t<\/div>\n\t\t\t\t<\/div>\n\t\t\t\t\t<\/div>\n\t\t<\/div>\n\t\t\t\t\t<\/div>\n\t\t<\/section>\n\t\t\t\t<section class=\"elementor-section elementor-top-section elementor-element elementor-element-8168caf elementor-section-boxed elementor-section-height-default elementor-section-height-default\" data-id=\"8168caf\" data-element_type=\"section\">\n\t\t\t\t\t\t<div class=\"elementor-container elementor-column-gap-default\">\n\t\t\t\t\t<div class=\"elementor-column elementor-col-100 elementor-top-column elementor-element elementor-element-19f2537\" data-id=\"19f2537\" data-element_type=\"column\">\n\t\t\t<div class=\"elementor-widget-wrap elementor-element-populated\">\n\t\t\t\t\t\t<div class=\"elementor-element elementor-element-ba0c223 elementor-widget elementor-widget-spacer\" data-id=\"ba0c223\" data-element_type=\"widget\" data-widget_type=\"spacer.default\">\n\t\t\t\t<div class=\"elementor-widget-container\">\n\t\t\t\t\t<div class=\"elementor-spacer\">\n\t\t\t<div class=\"elementor-spacer-inner\"><\/div>\n\t\t<\/div>\n\t\t\t\t<\/div>\n\t\t\t\t<\/div>\n\t\t\t\t\t<\/div>\n\t\t<\/div>\n\t\t\t\t\t<\/div>\n\t\t<\/section>\n\t\t\t\t<\/div>\n\t\t","protected":false},"excerpt":{"rendered":"<p>Educaci\u00f3n XX CONGRESO, SANTO DOMINGO 6-9 DE NOVIEMBRE 2024 Informaci\u00f3n de inter\u00e9s Programa Cient\u00edfico Inscripciones Trabajos Cient\u00edfico CONGRESOS PASADOS XIX CONGRESO MAR DEL PLATA, 28-30 DE NOVIEMBRE DE 2023 CAMPUS EDUCATIVO EPA SIBEN ALERTA SIBEN TV CARRERA ACAD\u00c9MICA DE SIBEN DECLARACIONES SIBEN D\u00eda de la Educaci\u00f3n Neonatal COVID 19 OTROS EVENTOS DE INTER\u00c9S \u201cJuntos Somos [&hellip;]<\/p>\n","protected":false},"author":1,"featured_media":0,"parent":5120,"menu_order":0,"comment_status":"closed","ping_status":"closed","template":"elementor_header_footer","meta":{"footnotes":""},"class_list":["post-5224","page","type-page","status-publish","hentry"],"_links":{"self":[{"href":"https:\/\/ciaravino.com.ar\/siben\/wp-json\/wp\/v2\/pages\/5224"}],"collection":[{"href":"https:\/\/ciaravino.com.ar\/siben\/wp-json\/wp\/v2\/pages"}],"about":[{"href":"https:\/\/ciaravino.com.ar\/siben\/wp-json\/wp\/v2\/types\/page"}],"author":[{"embeddable":true,"href":"https:\/\/ciaravino.com.ar\/siben\/wp-json\/wp\/v2\/users\/1"}],"replies":[{"embeddable":true,"href":"https:\/\/ciaravino.com.ar\/siben\/wp-json\/wp\/v2\/comments?post=5224"}],"version-history":[{"count":7,"href":"https:\/\/ciaravino.com.ar\/siben\/wp-json\/wp\/v2\/pages\/5224\/revisions"}],"predecessor-version":[{"id":5325,"href":"https:\/\/ciaravino.com.ar\/siben\/wp-json\/wp\/v2\/pages\/5224\/revisions\/5325"}],"up":[{"embeddable":true,"href":"https:\/\/ciaravino.com.ar\/siben\/wp-json\/wp\/v2\/pages\/5120"}],"wp:attachment":[{"href":"https:\/\/ciaravino.com.ar\/siben\/wp-json\/wp\/v2\/media?parent=5224"}],"curies":[{"name":"wp","href":"https:\/\/api.w.org\/{rel}","templated":true}]}}